{"id":45,"date":"2017-05-23T15:25:16","date_gmt":"2017-05-23T15:25:16","guid":{"rendered":"http:\/\/patijinich.com\/es\/?page_id=45"},"modified":"2026-03-18T13:48:22","modified_gmt":"2026-03-18T13:48:22","slug":"acerca","status":"publish","type":"page","link":"https:\/\/patijinich.com\/es\/acerca\/","title":{"rendered":"Acerca"},"content":{"rendered":"\n<h2 class=\"wp-block-heading has-dark-orange-color has-text-color\">Nac\u00ed y crec\u00ed en M\u00e9xico.<\/h2>\n\n\n\n<p class=\"has-large-font-size\">Eso es lo primero que digo cuando alguien me pregunta de d\u00f3nde viene mi amor por la comida y aunque creo que eso lo deber\u00eda explicar todo, casi siempre no es as\u00ed.<\/p>\n\n\n\n<p>Vengo de una familia de excelentes cocineros y apasionados de la comida\u2026 fan\u00e1ticos lo explica mejor. La mayor\u00eda de lo que leo, pienso, investigo, pruebo y ense\u00f1o, es sobre comida (eso incluye a mis tres hijos, a pesar de mi suegra). Pero supongo que eso tampoco explica por completo mi devoci\u00f3n por la comida\u2026<\/p>\n\n\n\n<p>Pens\u00e1ndolo bien, creo que mi inter\u00e9s por la comida fue creciendo mientras yo misma lo trataba de negar. Como analista pol\u00edtica, relegu\u00e9 todo lo relacionado a la comida para mi tiempo libre. Mientras mi esposo y yo comenz\u00e1bamos a formar una familia, empec\u00e9 a sospechar que me hab\u00eda casado con un aut\u00e9ntico macho, disfrazado de liberal, que quer\u00eda a una esposa metida en la cocina sin trabajar, ya que insist\u00eda una y otra vez que dejara mi carrera acad\u00e9mica y me metiera de lleno a cocinar: &#8220;Eso es lo que realmente te apasiona&#8221;, me dec\u00eda, &#8220;\u00bfQu\u00e9 no te has dado cuenta?&#8221;<\/p>\n\n\n\n<p>Si tuve incursiones maravillosas en la cocina en a\u00f1os anteriores. Justo despu\u00e9s de casarnos y mudarnos a Texas, di clases de cocina mexicana a amigos y vecinos. Despu\u00e9s fui asistente de producci\u00f3n para la serie de cocina New Tastes From Texas, de la cadena PBS, conducida por el Chef Stephan Pyles, junto con invitados como Diana Kennedy y Patricia Quintana, verdaderas pioneras que ayudaron a introducir ingredientes mexicanos a la cocina norteamericana.<\/p>\n\n\n\n<figure class=\"wp-block-pullquote\"><blockquote><p>Pensaba obsesivamente <br>en comida&#8230; <br>hasta que decid\u00ed <br>dar el gran paso. <\/p><\/blockquote><\/figure>\n\n\n\n<p>Tiempo despu\u00e9s, nos mudamos a DC. Dej\u00e9 a un lado a la cocina, retom\u00e9 mi carrera formal como analista pol\u00edtica y me gradu\u00e9 de la maestr\u00eda en Estudios Latinoamericanos por la Universidad de Georgetown. Trabaj\u00e9 tan duro, que me gan\u00e9 una beca por m\u00e9rito acad\u00e9mico y estaba muy orgullosa de mis logros. Poco despu\u00e9s, comenc\u00e9 a trabajar en Inter American Dialogue, un centro de investigaci\u00f3n pol\u00edtica con un trabajo que siempre hab\u00eda sido mi sue\u00f1o.<\/p>\n\n\n\n<p>Sin embargo, estaba profesionalmente muy frustrada y me dio una especie de crisis existencial\u2026 Despu\u00e9s de mucho dudarlo y muchas noches de insomnio, renunci\u00e9 a mi trabajo para darle una oportunidad a la comida y me inscrib\u00ed a un curso intensivo por las noches en L\u00b4Academie de Cuisine en Gaithersburg, Maryland. Desde entonces, no he dado marcha atr\u00e1s. En 2007, animada por el Director del Instituto Cultural en Washington, D.C., lanc\u00e9 un programa culinario de demostraciones de cocina acompa\u00f1adas de cenas de degustaci\u00f3n, llamado Mexican Table, con el objetivo de abrir la puerta en grande al mundo fascinante de la cocina mexicana.<\/p>\n\n\n\n<figure class=\"wp-block-image size-large\"><a href=\"https:\/\/patijinich.com\/wp-content\/uploads\/2021\/01\/Screen-Shot-2021-01-21-at-4.46.26-PM.png\"><img decoding=\"async\" src=\"https:\/\/patijinich.com\/wp-content\/uploads\/2021\/01\/Screen-Shot-2021-01-21-at-4.46.26-PM-1024x683.png\" alt=\"\" class=\"wp-image-27302\"\/><\/a><figcaption class=\"wp-element-caption\">\u00a1En mi cocina preparando recetas para Pati\u2019s Mexican Table!<\/figcaption><\/figure>\n\n\n\n<p>Para no hacer el cuento m\u00e1s largo, un par de a\u00f1os despu\u00e9s comenc\u00e9 a escribir un blog que m\u00e1s tarde se convirti\u00f3 en este sitio y finalmente pude lanzar <a href=\"http:\/\/patijinich.com\/es\/series\/season-10-jalisco\/\">Pati\u00b4s Mexican Table<\/a> en TV p\u00fablica nacional en PBS.<\/p>\n\n\n\n<hr class=\"wp-block-separator has-text-color has-dark-orange-color has-css-opacity has-dark-orange-background-color has-background aligncenter is-style-wide\"\/>\n\n\n\n<h2 class=\"wp-block-heading has-dark-orange-color has-text-color\">Lo que encontrar\u00e1s en este sitio.<\/h2>\n\n\n\n<p>Aqu\u00ed encontrar\u00e1s diferentes secciones para buscar informaci\u00f3n. Hay una secci\u00f3n dedicada a <a href=\"http:\/\/patijinich.com\/es\/recipes\/\" target=\"_blank\" rel=\"noreferrer noopener\">todas mis recetas<\/a>, incluyendo las que son parte de la Serie de Televisi\u00f3n.&nbsp; Hay tambi\u00e9n una <a href=\"http:\/\/patijinich.com\/es\/videos\/\">secci\u00f3n de Series TV &amp; Online<\/a> en la que puedes buscar c\u00f3mo ver todos los episodios de todas las temporadas de <a href=\"https:\/\/patijinich.com\/es\/series\/pmt-season-14-mexico-city\/\">Pati&#8217;s Mexican Table<\/a>, de <a href=\"http:\/\/patijinich.com\/es\/series\/la-frontera-temporada-1\/\" target=\"_blank\" rel=\"noreferrer noopener\">La Frontera<\/a> y de <a href=\"https:\/\/patijinich.com\/es\/series\/panamericana-temporada-1\/\">Panamericana<\/a>, as\u00ed como otros videos en l\u00ednea.<\/p>\n\n\n\n<p>Tambi\u00e9n hay una secci\u00f3n de <a href=\"http:\/\/patijinich.com\/es\/cookbook\/\">libros<\/a>, con informaci\u00f3n sobre mis libros de cocina, <em><a href=\"http:\/\/patijinich.com\/es\/cookbook\/patis-mexican-table\/\">Pati\u2019s Mexican Table<\/a><\/em>, publicado en el 2013, <a href=\"http:\/\/patijinich.com\/es\/cookbook\/mexican-today\/\"><em>Mexican Today<\/em><\/a>, publicado en el 2016, <em><a href=\"http:\/\/patijinich.com\/es\/cookbook\/treasures-of-the-mexican-table\/\" target=\"_blank\" rel=\"noreferrer noopener\">Treasures of the Mexican Table<\/a><\/em>, publicado el en 2021 y el mas reciente <a href=\"https:\/\/patijinich.com\/cookbook\/la-frontera\/\"><em>Foods of La Frontera<\/em><\/a> que se publica el 15 de septiembre de 2026 y el cual ya puedes comprar en pre-venta.<\/p>\n\n\n\n<p>Cada receta que incluyo en mi blog, en el programa y en mis libros, est\u00e1 ah\u00ed porque la amo. Pruebo cada receta, ya sea para mis clases, episodios o comidas familiares, hasta que se convierte en una poci\u00f3n m\u00e1gica que cualquiera puede preparar. Siempre trato de que cada clase, cada episodio y cada entrada de mi blog sean lo m\u00e1s valiosos posible para aquellos que se toman el tiempo de conectarse conmigo.<\/p>\n\n\n\n<p>Me siento muy afortunada y agradecida de que se hayan tomado el tiempo para visitar este sitio, mi hogar virtual, o de que me hayan permitido entrar a sus casa a trav\u00e9s de mi programa o de mis recetas.<\/p>\n\n\n\n<hr class=\"wp-block-separator has-text-color has-dark-orange-color has-css-opacity has-dark-orange-background-color has-background is-style-wide\"\/>\n\n\n\n<h2 class=\"wp-block-heading has-dark-orange-color has-text-color\">\u00a1Conoce al equipo!<\/h2>\n\n\n\n<p><\/p>\n\n\n\n      <div class=\"member-block\">\n      <div class=\"member-block__img-container\">\n      <figure>\n      <img decoding=\"async\" src=\"https:\/\/patijinich.com\/es\/wp-content\/uploads\/sites\/3\/2021\/12\/PJ_Pati_frontporch-1058-webcrop-scaled.jpg\" alt=\"\"\/>\n      <figcaption>Pati Jinich, Cocinera Inquieta<\/figcaption>\n      <\/figure>\n      <\/div> <!-- member block img container -->\n    <div class=\"member-block__text\">\n      <p>Pati naci\u00f3 y creci\u00f3 en la Ciudad de M\u00e9xico y es la anfitriona de la Serie de Televisi\u00f3n \u201cPati\u00b4s Mexican Table\u201d, ganadora de 3 premios James Beard y de la docuserie de PBS Primetime &#8220;La Frontera&#8221;. Es Chef Residente del Instituto Cultural Mexicano en Washington, DC y autora de 3 libros de cocina. Fue analista pol\u00edtica pero decidi\u00f3 cambiar a los sartenes y las ollas y dedicarse a explorar y compartir la gastronom\u00eda de M\u00e9xico como una forma de vida. El Council of the Americas en su revista Americas Quarterly (AQ), nombr\u00f3 a Pati como una de las \u201cTop 5 Border Ambassadors\u201d por su destacada labor para estrechar los lazos de uni\u00f3n entre los Estados Unidos y M\u00e9xico. Tambi\u00e9n fue nombrada una de las \u201cKeepers of the American Dream\u201d del National Immigration Forum, organizaci\u00f3n que honra a quienes encarnan el esp\u00edritu de logro de los inmigrantes y contribuyen al bienestar de los mismos en Estados Unidos.<\/p>\n<p>Pati vive en el \u00e1rea de Washington, DC con su esposo, sus tres hijos y su perrita Mila.<\/p>\n    <\/div> <!-- member block text -->\n      <\/div> <!-- member block -->\n    \n      <div class=\"member-block\">\n      <div class=\"member-block__img-container\">\n      <figure>\n      <img decoding=\"async\" src=\"https:\/\/patijinich.com\/es\/wp-content\/uploads\/sites\/3\/2021\/03\/KristyNoel.jpg\" alt=\"\"\/>\n      <figcaption>Kristy Noel, Comunicaciones y Relaciones con Socios<\/figcaption>\n      <\/figure>\n      <\/div> <!-- member block img container -->\n    <div class=\"member-block__text\">\n      <p>Kristy ha dividido su vida profesional entre sus dos pasiones \u2013 las comunicaciones\/medios digitales y las artes culinarias. Su inicio en las relaciones p\u00fablicas sucedi\u00f3 incluso antes de empezar a trabajar como productora de medios en el primer equipo de medios digitales y redes sociales de la Oficina del Secretario de Defensa para Asuntos P\u00fablicos. Despu\u00e9s de preguntarse si lo suyo era el estilo de vida Washingtoniano, se mud\u00f3 a la Costa Oeste en b\u00fasqueda de nuevos horizontes.\u00a0 Descubri\u00f3 su amor por la cocina mientras viv\u00eda en Healdsburg, California y trabajaba en la industria del vino, as\u00ed que se gradu\u00f3 en Artes Culinarias en el Oregon Culinary Institute en Portland. Hace 8 a\u00f1os, cuando empez\u00f3 a trabajar con Pati, fue que pudo combinar sus dos pasiones a la perfecci\u00f3n.<\/p>\n<p>Kristy creci\u00f3 en Virgina y estudi\u00f3 Ingl\u00e9s y Ciencias Pol\u00edticas en Virginia Tech.\u00a0 Hoy en dia vive en Brooklyn, NY con su esposa y sus dos gatos. En sus ratos libres, le gusta cosechar bien acampar en alg\u00fan lugar remoto tratando de preparar un buen <a href=\"https:\/\/patijinich.com\/es\/chili-tex-mex\/\">Chili Tex-Mex<\/a> sobre una fogata.<\/p>\n    <\/div> <!-- member block text -->\n      <\/div> <!-- member block -->\n    \n      <div class=\"member-block\">\n      <div class=\"member-block__img-container\">\n      <figure>\n      <img decoding=\"async\" src=\"https:\/\/patijinich.com\/es\/wp-content\/uploads\/sites\/3\/2026\/03\/Pilar-Headshot-1.jpeg\" alt=\"\"\/>\n      <figcaption>Pilar Orozco, Administraci\u00f3n y Extensi\u00f3n Comunitaria<\/figcaption>\n      <\/figure>\n      <\/div> <!-- member block img container -->\n    <div class=\"member-block__text\">\n      <p>Pilar vive hace 25 a\u00f1os en Arlington, VA aunque naci\u00f3 y creci\u00f3 en la Ciudad de M\u00e9xico en donde obtuvo la licenciatura en Econom\u00eda en el ITAM; tiene tambi\u00e9n una maestr\u00eda por la Universidad de Essex en el Reino Unido. Antes de sumarse al Team Pati, Pilar se desempe\u00f1\u00f3 como administradora del Instituto Cultural Mexicano en Washington DC, un centro art\u00edstico dedicado a fortalecer la relaci\u00f3n entre M\u00e9xico y Estados Unidos a trav\u00e9s del arte y la cultura. Tambi\u00e9n ha hecho trabajo voluntario para Challenging Racism, organizaci\u00f3n local dedicada a inspirar a la poblaci\u00f3n a luchar en contra del racismo.<\/p>\n<p>Pilar, su esposo y su \u00fanico hijo Sebastian, dedican su tiempo libre a consentir a su adorable perro Cosmo de 14 a\u00f1os y a cocinar varias de sus recetas preferidas, entre las que se incluyen la deliciosa <a href=\"https:\/\/patijinich.com\/es\/sopa-tarasca\/\">Sopa Tarasca<\/a> y sus <a href=\"https:\/\/patijinich.com\/es\/flautas-de-pollo\/\">Flautas de Pollo<\/a> favoritas, sobre todo ahora que Sebastian se gradu\u00f3 de la Washington University in St. Louis y est\u00e1 a punto de irse de nuevo para empezar sus estudios superiores en la escuela dental.<\/p>\n    <\/div> <!-- member block text -->\n      <\/div> <!-- member block -->\n    \n\n\n<p><strong>\u00a1Con\u00e9ctate!&nbsp;<\/strong><\/p>\n\n\n\n<p>Escr\u00edbenos a  <a href=\"mailto:hola@patijinich.com\">hola@patijinich.com<\/a><\/p>\n","protected":false},"excerpt":{"rendered":"<p>Nac\u00ed y crec\u00ed en M\u00e9xico. Eso es lo primero que digo cuando alguien me pregunta de d\u00f3nde viene mi amor por la comida y aunque creo que eso lo deber\u00eda explicar todo, casi siempre no es as\u00ed. Vengo de una familia de excelentes cocineros y apasionados de la comida\u2026 fan\u00e1ticos lo explica mejor. La mayor\u00eda [&hellip;]<\/p>\n","protected":false},"author":2,"featured_media":12410,"parent":0,"menu_order":0,"comment_status":"closed","ping_status":"closed","template":"","meta":{"_acf_changed":false,"wprm-recipe-roundup-name":"","wprm-recipe-roundup-description":"","footnotes":""},"class_list":["post-45","page","type-page","status-publish","has-post-thumbnail","hentry","has-dark-orange-color"],"acf":[],"yoast_head":"<!-- This site is optimized with the Yoast SEO plugin v22.0 - https:\/\/yoast.com\/wordpress\/plugins\/seo\/ -->\n<title>Acerca - Pati Jinich en Espa\u00f1ol<\/title>\n<meta name=\"robots\" content=\"index, follow, max-snippet:-1, max-image-preview:large, max-video-preview:-1\" \/>\n<link rel=\"canonical\" href=\"https:\/\/patijinich.com\/es\/acerca\/\" \/>\n<meta property=\"og:locale\" content=\"es_MX\" \/>\n<meta property=\"og:type\" content=\"article\" \/>\n<meta property=\"og:title\" content=\"Acerca - Pati Jinich en Espa\u00f1ol\" \/>\n<meta property=\"og:description\" content=\"Nac\u00ed y crec\u00ed en M\u00e9xico. Eso es lo primero que digo cuando alguien me pregunta de d\u00f3nde viene mi amor por la comida y aunque creo que eso lo deber\u00eda explicar todo, casi siempre no es as\u00ed. Vengo de una familia de excelentes cocineros y apasionados de la comida\u2026 fan\u00e1ticos lo explica mejor. La mayor\u00eda [&hellip;]\" \/>\n<meta property=\"og:url\" content=\"https:\/\/patijinich.com\/es\/acerca\/\" \/>\n<meta property=\"og:site_name\" content=\"Pati Jinich en Espa\u00f1ol\" \/>\n<meta property=\"article:modified_time\" content=\"2026-03-18T13:48:22+00:00\" \/>\n<meta property=\"og:image\" content=\"http:\/\/patijinich.com\/es\/wp-content\/uploads\/sites\/3\/2021\/03\/909-PatiInTheKitchenAtPecanHacienda-scaled.jpg\" \/>\n\t<meta property=\"og:image:width\" content=\"2560\" \/>\n\t<meta property=\"og:image:height\" content=\"1440\" \/>\n\t<meta property=\"og:image:type\" content=\"image\/jpeg\" \/>\n<meta name=\"twitter:card\" content=\"summary_large_image\" \/>\n<meta name=\"twitter:label1\" content=\"Tiempo de lectura\" \/>\n\t<meta name=\"twitter:data1\" content=\"4 minutos\" \/>\n<script type=\"application\/ld+json\" class=\"yoast-schema-graph\">{\"@context\":\"https:\/\/schema.org\",\"@graph\":[{\"@type\":\"WebPage\",\"@id\":\"https:\/\/patijinich.com\/es\/acerca\/\",\"url\":\"https:\/\/patijinich.com\/es\/acerca\/\",\"name\":\"Acerca - Pati Jinich en Espa\u00f1ol\",\"isPartOf\":{\"@id\":\"https:\/\/patijinich.com\/es\/#website\"},\"datePublished\":\"2017-05-23T15:25:16+00:00\",\"dateModified\":\"2026-03-18T13:48:22+00:00\",\"breadcrumb\":{\"@id\":\"https:\/\/patijinich.com\/es\/acerca\/#breadcrumb\"},\"inLanguage\":\"es\",\"potentialAction\":[{\"@type\":\"ReadAction\",\"target\":[\"https:\/\/patijinich.com\/es\/acerca\/\"]}]},{\"@type\":\"BreadcrumbList\",\"@id\":\"https:\/\/patijinich.com\/es\/acerca\/#breadcrumb\",\"itemListElement\":[{\"@type\":\"ListItem\",\"position\":1,\"name\":\"Home\",\"item\":\"https:\/\/patijinich.com\/es\/\"},{\"@type\":\"ListItem\",\"position\":2,\"name\":\"Acerca\"}]},{\"@type\":\"WebSite\",\"@id\":\"https:\/\/patijinich.com\/es\/#website\",\"url\":\"https:\/\/patijinich.com\/es\/\",\"name\":\"Pati Jinich en Espa\u00f1ol\",\"description\":\"Pati Jinich es la anfitriona del popular programa de la PBS Pati&#039;s Mexican Table, nominado a los premios Emmy and James Beard, autora de dos libros de cocina y chef residente en el Instituto Cultural Mexicano en Washington, D.C. Esta es su p\u00e1gina oficial, en la comparte recetas de su programa y recetas nuevas en su blog, eventos pr\u00f3ximos, noticias recientes y m\u00e1s.\",\"potentialAction\":[{\"@type\":\"SearchAction\",\"target\":{\"@type\":\"EntryPoint\",\"urlTemplate\":\"https:\/\/patijinich.com\/es\/?s={search_term_string}\"},\"query-input\":\"required name=search_term_string\"}],\"inLanguage\":\"es\"}]}<\/script>\n<!-- \/ Yoast SEO plugin. -->","yoast_head_json":{"title":"Acerca - Pati Jinich en Espa\u00f1ol","robots":{"index":"index","follow":"follow","max-snippet":"max-snippet:-1","max-image-preview":"max-image-preview:large","max-video-preview":"max-video-preview:-1"},"canonical":"https:\/\/patijinich.com\/es\/acerca\/","og_locale":"es_MX","og_type":"article","og_title":"Acerca - Pati Jinich en Espa\u00f1ol","og_description":"Nac\u00ed y crec\u00ed en M\u00e9xico. Eso es lo primero que digo cuando alguien me pregunta de d\u00f3nde viene mi amor por la comida y aunque creo que eso lo deber\u00eda explicar todo, casi siempre no es as\u00ed. Vengo de una familia de excelentes cocineros y apasionados de la comida\u2026 fan\u00e1ticos lo explica mejor. La mayor\u00eda [&hellip;]","og_url":"https:\/\/patijinich.com\/es\/acerca\/","og_site_name":"Pati Jinich en Espa\u00f1ol","article_modified_time":"2026-03-18T13:48:22+00:00","og_image":[{"width":2560,"height":1440,"url":"http:\/\/patijinich.com\/es\/wp-content\/uploads\/sites\/3\/2021\/03\/909-PatiInTheKitchenAtPecanHacienda-scaled.jpg","type":"image\/jpeg"}],"twitter_card":"summary_large_image","twitter_misc":{"Tiempo de lectura":"4 minutos"},"schema":{"@context":"https:\/\/schema.org","@graph":[{"@type":"WebPage","@id":"https:\/\/patijinich.com\/es\/acerca\/","url":"https:\/\/patijinich.com\/es\/acerca\/","name":"Acerca - Pati Jinich en Espa\u00f1ol","isPartOf":{"@id":"https:\/\/patijinich.com\/es\/#website"},"datePublished":"2017-05-23T15:25:16+00:00","dateModified":"2026-03-18T13:48:22+00:00","breadcrumb":{"@id":"https:\/\/patijinich.com\/es\/acerca\/#breadcrumb"},"inLanguage":"es","potentialAction":[{"@type":"ReadAction","target":["https:\/\/patijinich.com\/es\/acerca\/"]}]},{"@type":"BreadcrumbList","@id":"https:\/\/patijinich.com\/es\/acerca\/#breadcrumb","itemListElement":[{"@type":"ListItem","position":1,"name":"Home","item":"https:\/\/patijinich.com\/es\/"},{"@type":"ListItem","position":2,"name":"Acerca"}]},{"@type":"WebSite","@id":"https:\/\/patijinich.com\/es\/#website","url":"https:\/\/patijinich.com\/es\/","name":"Pati Jinich en Espa\u00f1ol","description":"Pati Jinich es la anfitriona del popular programa de la PBS Pati&#039;s Mexican Table, nominado a los premios Emmy and James Beard, autora de dos libros de cocina y chef residente en el Instituto Cultural Mexicano en Washington, D.C. Esta es su p\u00e1gina oficial, en la comparte recetas de su programa y recetas nuevas en su blog, eventos pr\u00f3ximos, noticias recientes y m\u00e1s.","potentialAction":[{"@type":"SearchAction","target":{"@type":"EntryPoint","urlTemplate":"https:\/\/patijinich.com\/es\/?s={search_term_string}"},"query-input":"required name=search_term_string"}],"inLanguage":"es"}]}},"_links":{"self":[{"href":"https:\/\/patijinich.com\/es\/wp-json\/wp\/v2\/pages\/45","targetHints":{"allow":["GET"]}}],"collection":[{"href":"https:\/\/patijinich.com\/es\/wp-json\/wp\/v2\/pages"}],"about":[{"href":"https:\/\/patijinich.com\/es\/wp-json\/wp\/v2\/types\/page"}],"author":[{"embeddable":true,"href":"https:\/\/patijinich.com\/es\/wp-json\/wp\/v2\/users\/2"}],"replies":[{"embeddable":true,"href":"https:\/\/patijinich.com\/es\/wp-json\/wp\/v2\/comments?post=45"}],"version-history":[{"count":44,"href":"https:\/\/patijinich.com\/es\/wp-json\/wp\/v2\/pages\/45\/revisions"}],"predecessor-version":[{"id":17440,"href":"https:\/\/patijinich.com\/es\/wp-json\/wp\/v2\/pages\/45\/revisions\/17440"}],"wp:featuredmedia":[{"embeddable":true,"href":"https:\/\/patijinich.com\/es\/wp-json\/wp\/v2\/media\/12410"}],"wp:attachment":[{"href":"https:\/\/patijinich.com\/es\/wp-json\/wp\/v2\/media?parent=45"}],"curies":[{"name":"wp","href":"https:\/\/api.w.org\/{rel}","templated":true}]}}