{"id":48,"date":"2017-05-23T16:10:58","date_gmt":"2017-05-23T16:10:58","guid":{"rendered":"http:\/\/patijinich.com\/es\/?page_id=48"},"modified":"2021-03-05T19:46:02","modified_gmt":"2021-03-05T19:46:02","slug":"contactame","status":"publish","type":"page","link":"https:\/\/patijinich.com\/es\/acerca\/contactame\/","title":{"rendered":"Cont\u00e1ctame"},"content":{"rendered":"<h2>\u00a1Estemos en contacto!<\/h2>\n<p>Estoy tan orgullosa de la comunidad que hemos construido en este sitio y a trav\u00e9s de los medios sociales y me encanta o\u00edr de ti. Por favor ponte en contacto conmigo, ya sea para preguntarme sobre una receta, para hacer una petici\u00f3n, para hacerme comentarios sobre mi programa o mis libros. Ya sea que quieras contactarme para saludarme, compartir alguna historia o an\u00e9cdota, o en verdad cualquier duda, con\u00e9ctate conmigo a trav\u00e9s de cualquiera de los siguientes medios. \u00a1Te responder\u00e9 en cuanto antes!<\/p>\n<p><strong>Manda un email a<\/strong>:<\/p>\n<p><span style=\"color: #ca4a1f;\">HOLA@PATIJINICH.COM<\/span><\/p>\n<p><strong>Cont\u00e1ctame en redes<\/strong>:<\/p>\n<p><a href=\"https:\/\/www.facebook.com\/PatiJinich\/\" target=\"_blank\" rel=\"attachment wp-att-11093 noopener\"><img loading=\"lazy\" decoding=\"async\" class=\"alignnone size-full wp-image-11093\" src=\"\/wp-content\/uploads\/2012\/12\/fb.png\" alt=\"go to Pati's Facebook\" width=\"32\" height=\"32\"><\/a> <a href=\"https:\/\/twitter.com\/PatiJinich\" target=\"_blank\" rel=\"attachment wp-att-11094 noopener\"><img loading=\"lazy\" decoding=\"async\" class=\"alignnone size-full wp-image-11094\" src=\"\/wp-content\/uploads\/2012\/12\/twitter.png\" alt=\"go to Pati's Twitter\" width=\"32\" height=\"32\"><\/a> <a href=\"https:\/\/www.pinterest.com\/patijinich\/\" target=\"_blank\" rel=\"attachment wp-att-11095 noopener\"><img loading=\"lazy\" decoding=\"async\" class=\"alignnone size-full wp-image-11095\" src=\"\/wp-content\/uploads\/2012\/12\/pin.png\" alt=\"pin\" width=\"32\" height=\"32\"><\/a> <a href=\"https:\/\/www.instagram.com\/patijinich\/\" target=\"_blank\" rel=\"attachment wp-att-11096 noopener\"><img loading=\"lazy\" decoding=\"async\" class=\"alignnone size-full wp-image-11096\" src=\"\/wp-content\/uploads\/2012\/12\/insta.png\" alt=\"go to Pati's Instagram\" width=\"32\" height=\"32\"><\/a><\/p>\n","protected":false},"excerpt":{"rendered":"<p>\u00a1Estemos en contacto! Estoy tan orgullosa de la comunidad que hemos construido en este sitio y a trav\u00e9s de los medios sociales y me encanta o\u00edr de ti. Por favor ponte en contacto conmigo, ya sea para preguntarme sobre una receta, para hacer una petici\u00f3n, para hacerme comentarios sobre mi programa o mis libros. Ya [&hellip;]<\/p>\n","protected":false},"author":2,"featured_media":0,"parent":45,"menu_order":0,"comment_status":"closed","ping_status":"closed","template":"","meta":{"_acf_changed":false,"wprm-recipe-roundup-name":"","wprm-recipe-roundup-description":"","footnotes":""},"class_list":["post-48","page","type-page","status-publish","hentry","has-dark-orange-color"],"acf":[],"yoast_head":"<!-- This site is optimized with the Yoast SEO plugin v22.0 - https:\/\/yoast.com\/wordpress\/plugins\/seo\/ -->\n<title>Cont\u00e1ctame - Pati Jinich en Espa\u00f1ol<\/title>\n<meta name=\"robots\" content=\"index, follow, max-snippet:-1, max-image-preview:large, max-video-preview:-1\" \/>\n<link rel=\"canonical\" href=\"https:\/\/patijinich.com\/es\/acerca\/contactame\/\" \/>\n<meta property=\"og:locale\" content=\"es_MX\" \/>\n<meta property=\"og:type\" content=\"article\" \/>\n<meta property=\"og:title\" content=\"Cont\u00e1ctame - Pati Jinich en Espa\u00f1ol\" \/>\n<meta property=\"og:description\" content=\"\u00a1Estemos en contacto! Estoy tan orgullosa de la comunidad que hemos construido en este sitio y a trav\u00e9s de los medios sociales y me encanta o\u00edr de ti. Por favor ponte en contacto conmigo, ya sea para preguntarme sobre una receta, para hacer una petici\u00f3n, para hacerme comentarios sobre mi programa o mis libros. Ya [&hellip;]\" \/>\n<meta property=\"og:url\" content=\"https:\/\/patijinich.com\/es\/acerca\/contactame\/\" \/>\n<meta property=\"og:site_name\" content=\"Pati Jinich en Espa\u00f1ol\" \/>\n<meta property=\"article:modified_time\" content=\"2021-03-05T19:46:02+00:00\" \/>\n<meta name=\"twitter:card\" content=\"summary_large_image\" \/>\n<meta name=\"twitter:label1\" content=\"Tiempo de lectura\" \/>\n\t<meta name=\"twitter:data1\" content=\"2 minutos\" \/>\n<script type=\"application\/ld+json\" class=\"yoast-schema-graph\">{\"@context\":\"https:\/\/schema.org\",\"@graph\":[{\"@type\":\"WebPage\",\"@id\":\"https:\/\/patijinich.com\/es\/acerca\/contactame\/\",\"url\":\"https:\/\/patijinich.com\/es\/acerca\/contactame\/\",\"name\":\"Cont\u00e1ctame - Pati Jinich en Espa\u00f1ol\",\"isPartOf\":{\"@id\":\"https:\/\/patijinich.com\/es\/#website\"},\"datePublished\":\"2017-05-23T16:10:58+00:00\",\"dateModified\":\"2021-03-05T19:46:02+00:00\",\"breadcrumb\":{\"@id\":\"https:\/\/patijinich.com\/es\/acerca\/contactame\/#breadcrumb\"},\"inLanguage\":\"es\",\"potentialAction\":[{\"@type\":\"ReadAction\",\"target\":[\"https:\/\/patijinich.com\/es\/acerca\/contactame\/\"]}]},{\"@type\":\"BreadcrumbList\",\"@id\":\"https:\/\/patijinich.com\/es\/acerca\/contactame\/#breadcrumb\",\"itemListElement\":[{\"@type\":\"ListItem\",\"position\":1,\"name\":\"Home\",\"item\":\"https:\/\/patijinich.com\/es\/\"},{\"@type\":\"ListItem\",\"position\":2,\"name\":\"Acerca\",\"item\":\"https:\/\/patijinich.com\/es\/acerca\/\"},{\"@type\":\"ListItem\",\"position\":3,\"name\":\"Cont\u00e1ctame\"}]},{\"@type\":\"WebSite\",\"@id\":\"https:\/\/patijinich.com\/es\/#website\",\"url\":\"https:\/\/patijinich.com\/es\/\",\"name\":\"Pati Jinich en Espa\u00f1ol\",\"description\":\"Pati Jinich es la anfitriona del popular programa de la PBS Pati&#039;s Mexican Table, nominado a los premios Emmy and James Beard, autora de dos libros de cocina y chef residente en el Instituto Cultural Mexicano en Washington, D.C. Esta es su p\u00e1gina oficial, en la comparte recetas de su programa y recetas nuevas en su blog, eventos pr\u00f3ximos, noticias recientes y m\u00e1s.\",\"potentialAction\":[{\"@type\":\"SearchAction\",\"target\":{\"@type\":\"EntryPoint\",\"urlTemplate\":\"https:\/\/patijinich.com\/es\/?s={search_term_string}\"},\"query-input\":\"required name=search_term_string\"}],\"inLanguage\":\"es\"}]}<\/script>\n<!-- \/ Yoast SEO plugin. -->","yoast_head_json":{"title":"Cont\u00e1ctame - Pati Jinich en Espa\u00f1ol","robots":{"index":"index","follow":"follow","max-snippet":"max-snippet:-1","max-image-preview":"max-image-preview:large","max-video-preview":"max-video-preview:-1"},"canonical":"https:\/\/patijinich.com\/es\/acerca\/contactame\/","og_locale":"es_MX","og_type":"article","og_title":"Cont\u00e1ctame - Pati Jinich en Espa\u00f1ol","og_description":"\u00a1Estemos en contacto! Estoy tan orgullosa de la comunidad que hemos construido en este sitio y a trav\u00e9s de los medios sociales y me encanta o\u00edr de ti. Por favor ponte en contacto conmigo, ya sea para preguntarme sobre una receta, para hacer una petici\u00f3n, para hacerme comentarios sobre mi programa o mis libros. Ya [&hellip;]","og_url":"https:\/\/patijinich.com\/es\/acerca\/contactame\/","og_site_name":"Pati Jinich en Espa\u00f1ol","article_modified_time":"2021-03-05T19:46:02+00:00","twitter_card":"summary_large_image","twitter_misc":{"Tiempo de lectura":"2 minutos"},"schema":{"@context":"https:\/\/schema.org","@graph":[{"@type":"WebPage","@id":"https:\/\/patijinich.com\/es\/acerca\/contactame\/","url":"https:\/\/patijinich.com\/es\/acerca\/contactame\/","name":"Cont\u00e1ctame - Pati Jinich en Espa\u00f1ol","isPartOf":{"@id":"https:\/\/patijinich.com\/es\/#website"},"datePublished":"2017-05-23T16:10:58+00:00","dateModified":"2021-03-05T19:46:02+00:00","breadcrumb":{"@id":"https:\/\/patijinich.com\/es\/acerca\/contactame\/#breadcrumb"},"inLanguage":"es","potentialAction":[{"@type":"ReadAction","target":["https:\/\/patijinich.com\/es\/acerca\/contactame\/"]}]},{"@type":"BreadcrumbList","@id":"https:\/\/patijinich.com\/es\/acerca\/contactame\/#breadcrumb","itemListElement":[{"@type":"ListItem","position":1,"name":"Home","item":"https:\/\/patijinich.com\/es\/"},{"@type":"ListItem","position":2,"name":"Acerca","item":"https:\/\/patijinich.com\/es\/acerca\/"},{"@type":"ListItem","position":3,"name":"Cont\u00e1ctame"}]},{"@type":"WebSite","@id":"https:\/\/patijinich.com\/es\/#website","url":"https:\/\/patijinich.com\/es\/","name":"Pati Jinich en Espa\u00f1ol","description":"Pati Jinich es la anfitriona del popular programa de la PBS Pati&#039;s Mexican Table, nominado a los premios Emmy and James Beard, autora de dos libros de cocina y chef residente en el Instituto Cultural Mexicano en Washington, D.C. Esta es su p\u00e1gina oficial, en la comparte recetas de su programa y recetas nuevas en su blog, eventos pr\u00f3ximos, noticias recientes y m\u00e1s.","potentialAction":[{"@type":"SearchAction","target":{"@type":"EntryPoint","urlTemplate":"https:\/\/patijinich.com\/es\/?s={search_term_string}"},"query-input":"required name=search_term_string"}],"inLanguage":"es"}]}},"_links":{"self":[{"href":"https:\/\/patijinich.com\/es\/wp-json\/wp\/v2\/pages\/48","targetHints":{"allow":["GET"]}}],"collection":[{"href":"https:\/\/patijinich.com\/es\/wp-json\/wp\/v2\/pages"}],"about":[{"href":"https:\/\/patijinich.com\/es\/wp-json\/wp\/v2\/types\/page"}],"author":[{"embeddable":true,"href":"https:\/\/patijinich.com\/es\/wp-json\/wp\/v2\/users\/2"}],"replies":[{"embeddable":true,"href":"https:\/\/patijinich.com\/es\/wp-json\/wp\/v2\/comments?post=48"}],"version-history":[{"count":6,"href":"https:\/\/patijinich.com\/es\/wp-json\/wp\/v2\/pages\/48\/revisions"}],"predecessor-version":[{"id":12396,"href":"https:\/\/patijinich.com\/es\/wp-json\/wp\/v2\/pages\/48\/revisions\/12396"}],"up":[{"embeddable":true,"href":"https:\/\/patijinich.com\/es\/wp-json\/wp\/v2\/pages\/45"}],"wp:attachment":[{"href":"https:\/\/patijinich.com\/es\/wp-json\/wp\/v2\/media?parent=48"}],"curies":[{"name":"wp","href":"https:\/\/api.w.org\/{rel}","templated":true}]}}