{"id":5048,"date":"2017-12-22T18:10:39","date_gmt":"2017-12-22T18:10:39","guid":{"rendered":"https:\/\/patijinich.com\/es\/?page_id=5048"},"modified":"2018-01-26T20:46:32","modified_gmt":"2018-01-26T20:46:32","slug":"patis-mexican-table-temporada-6","status":"publish","type":"page","link":"https:\/\/patijinich.com\/es\/programa\/patis-mexican-table-temporada-6\/","title":{"rendered":"Temporada 6"},"content":{"rendered":"<h1>Pati&#8217;s Mexican Table Temporada 6<\/h1>\n<p><!--Episodio 601--><\/p>\n<h2>Episodio 601: Un D\u00eda en Oaxaca<\/h2>\n<div class=\"ep-online-container\"><a href=\"https:\/\/www.amazon.com\/gp\/video\/detail\/B0786RM2K4?ref_=aiv_dp_season_select\" target=\"_blank\" rel=\"noopener noreferrer\"><span class=\"amazon-ep-link\">V\u00e9lo Ahora<\/span><img decoding=\"async\" class=\"amazon-ep-img\" src=\"\/wp-content\/uploads\/2017\/10\/amazon-video.png\" alt=\"V\u00e9lo Ahora Amazon Video\" \/><\/a><\/div>\n<p class=\"episode-description\">Pati nos muestra c\u00f3mo aprovechar al m\u00e1ximo un d\u00eda completo en la Ciudad de Oaxaca. Visita los principales lugares en 24 horas con un gu\u00eda local, va a comer al mercado y nos da una probada de los mejores restaurantes en uno de los principales destinos culinarios del pa\u00eds. De vuelta a su cocina, reinterpreta algunas de las cosas que vio en el mercado.<\/p>\n<p class=\"ssn-featured-recipes\">Recetas de este Episodio:<\/p>\n<p><center><div class=\"post hentry ivycat-post\"><span class=\"pip-not-found\"><\/span><\/div><\/center><\/p>\n<div class=\"fork-divider\">\n<div class=\"fork-icon\"><img decoding=\"async\" src=\"\/wp-content\/uploads\/2017\/10\/fork.gif\" \/><\/div>\n<div class=\"div-line\"><\/div>\n<div>\n<p><!--Episodio 602--><\/p>\n<h2>Episodio 602: Historia de la Cocina Oaxaque\u00f1a<\/h2>\n<div class=\"ep-online-container\"><a href=\"https:\/\/www.amazon.com\/gp\/video\/detail\/B0786RM2K4?ref_=aiv_dp_season_select\" target=\"_blank\" rel=\"noopener noreferrer\"><span class=\"amazon-ep-link\">V\u00e9lo Ahora<\/span><img decoding=\"async\" class=\"amazon-ep-img\" src=\"\/wp-content\/uploads\/2017\/10\/amazon-video.png\" alt=\"V\u00e9lo Ahora Amazon Video\" \/><\/a><\/div>\n<p class=\"episode-description\">Pati nos muestra la historia de la cocina oaxaque\u00f1a desde sus or\u00edgenes prehisp\u00e1nicos, la introducci\u00f3n de t\u00e9cnicas espa\u00f1olas y finalmente tendencias modernas. Pati comienza en el mercado, probando varias recetas ancestrales; luego, visita a un amigo e historiador que la lleva a un restaurante donde comen platillos tradicionales de Oaxaca con un enfoque moderno. Pati vive una aventura culinaria a trav\u00e9s del tiempo en un solo d\u00eda. De regreso a su cocina, inspirada por los sabores del d\u00eda, comparte los nuevos platillos, que son vegetarianos, con su amiga y editora culinaria Joe Yonan.<\/p>\n<p class=\"ssn-featured-recipes\">Recetas de este Episodio:<\/p>\n<p><center><div class=\"post hentry ivycat-post\"><span class=\"pip-not-found\"><\/span><\/div><\/center><\/p>\n<div class=\"fork-divider\">\n<div class=\"fork-icon\"><img decoding=\"async\" src=\"\/wp-content\/uploads\/2017\/10\/fork.gif\" \/><\/div>\n<div class=\"div-line\"><\/div>\n<div>\n<p><!--Episodio 603--><\/p>\n<h2>Episodio 603: Reina en Tierra de Dioses<\/h2>\n<div class=\"ep-online-container\"><a href=\"https:\/\/www.amazon.com\/gp\/video\/detail\/B0786RM2K4?ref_=aiv_dp_season_select\" target=\"_blank\" rel=\"noopener noreferrer\"><span class=\"amazon-ep-link\">V\u00e9lo Ahora<\/span><img decoding=\"async\" class=\"amazon-ep-img\" src=\"\/wp-content\/uploads\/2017\/10\/amazon-video.png\" alt=\"V\u00e9lo Ahora Amazon Video\" \/><\/a><\/div>\n<p class=\"episode-description\">Pati viaja al peque\u00f1o pueblo de Teotitl\u00e1n de Valle, para encontrarse con Abigail Mendoza, una de las mejores chefs oaxaque\u00f1as, Abigail abre su casa a Pati para mostrarle su dedicaci\u00f3n a preservar las t\u00e9cnicas y recetas prehisp\u00e1nicas de sus antepasados zapotecos. De regreso en su cocina, el encuentro de Pati con Abigail la inspira para crear recetas con pocos ingredientes usados de forma ancestral en Oaxaca, como pollo con or\u00e9gano y ajo, ensalada de elote asado y helado de leche quemada.<\/p>\n<p class=\"ssn-featured-recipes\">Recetas de este Episodio:<\/p>\n<p><center><div class=\"post hentry ivycat-post\"><span class=\"pip-not-found\"><\/span><\/div><\/center><\/p>\n<div class=\"fork-divider\">\n<div class=\"fork-icon\"><img decoding=\"async\" src=\"\/wp-content\/uploads\/2017\/10\/fork.gif\" \/><\/div>\n<div class=\"div-line\"><\/div>\n<div>\n<p><!--Episodio 604--><\/p>\n<h2>Episodio 604: El Camino del Mezcal<\/h2>\n<div class=\"ep-online-container\"><a href=\"https:\/\/www.amazon.com\/gp\/video\/detail\/B0786RM2K4?ref_=aiv_dp_season_select\" target=\"_blank\" rel=\"noopener noreferrer\"><span class=\"amazon-ep-link\">V\u00e9lo Ahora<\/span><img decoding=\"async\" class=\"amazon-ep-img\" src=\"\/wp-content\/uploads\/2017\/10\/amazon-video.png\" alt=\"V\u00e9lo Ahora Amazon Video\" \/><\/a><\/div>\n<p class=\"episode-description\">Pati maneja a la regi\u00f3n de Oaxaca conocida por producir el mejor mezcal del pa\u00eds. Conoce a una familia productora de mezcal, y aprende c\u00f3mo se hace, desde los plant\u00edos hasta la botella. De regreso en casa, inspirada por el mezcal, organiza una reuni\u00f3n con algunos amigos y sirve un salpic\u00f3n de carne y sours oaxaque\u00f1os preparados con mezcal.<\/p>\n<p class=\"ssn-featured-recipes\">Recetas de este Episodio:<\/p>\n<p><center><div class=\"post hentry ivycat-post\"><span class=\"pip-not-found\"><\/span><\/div><\/center><\/p>\n<div class=\"fork-divider\">\n<div class=\"fork-icon\"><img decoding=\"async\" src=\"\/wp-content\/uploads\/2017\/10\/fork.gif\" \/><\/div>\n<div class=\"div-line\"><\/div>\n<div>\n<p><!--Episodio 605--><\/p>\n<h2>Episodio 605: Del Pueblo a la Ciudad<\/h2>\n<div class=\"ep-online-container\"><a href=\"https:\/\/www.amazon.com\/gp\/video\/detail\/B0786RM2K4?ref_=aiv_dp_season_select\" target=\"_blank\" rel=\"noopener noreferrer\"><span class=\"amazon-ep-link\">V\u00e9lo Ahora<\/span><img decoding=\"async\" class=\"amazon-ep-img\" src=\"\/wp-content\/uploads\/2017\/10\/amazon-video.png\" alt=\"V\u00e9lo Ahora Amazon Video\" \/><\/a><\/div>\n<p class=\"episode-description\">Pati pasa un d\u00eda con Alex Ru\u00edz, uno de los chefs m\u00e1s famosos de Oaxaca y due\u00f1o del restaurante Casa Oaxaca. Alex lleva a Pati a un recorrido personal, desde su mercado favorito hasta la granja familiar, mostr\u00e1ndole la ciudad que conoce y ama. En su cocina, Pati crea algunas recetas accesibles inspirada por el d\u00eda que pas\u00f3 con Alex y se las sirve a su hijo Juju.<\/p>\n<p class=\"ssn-featured-recipes\">Recetas de este Episodio:<\/p>\n<p><center><div class=\"post hentry ivycat-post\"><span class=\"pip-not-found\"><\/span><\/div><\/center><\/p>\n<div class=\"fork-divider\">\n<div class=\"fork-icon\"><img decoding=\"async\" src=\"\/wp-content\/uploads\/2017\/10\/fork.gif\" \/><\/div>\n<div class=\"div-line\"><\/div>\n<div>\n<p><!--Episodio 606--><\/p>\n<h2>Episodio 606: Las Mujeres de Oaxaca<\/h2>\n<div class=\"ep-online-container\"><a href=\"https:\/\/www.amazon.com\/gp\/video\/detail\/B0786RM2K4?ref_=aiv_dp_season_select\" target=\"_blank\" rel=\"noopener noreferrer\"><span class=\"amazon-ep-link\">V\u00e9lo Ahora<\/span><img decoding=\"async\" class=\"amazon-ep-img\" src=\"\/wp-content\/uploads\/2017\/10\/amazon-video.png\" alt=\"V\u00e9lo Ahora Amazon Video\" \/><\/a><\/div>\n<p class=\"episode-description\">Pati conoce a varias chefs, emprendedoras y l\u00edderes sociales, y explora el rol de la mujer en Oaxaca y su influencia en las costumbres y comidas de la regi\u00f3n. En su cocina, cocina las recetas que aprendi\u00f3 de las mujeres oaxaque\u00f1as, como el mole coloradito con pollo y la cazuela de pur\u00e9 de papa iztme\u00f1o. Pati termina la comida con el postre favorito de las mujeres de su familia, un pastel de almendras, chocolate y leche condensada.<\/p>\n<p class=\"ssn-featured-recipes\">Recetas de este Episodio:<\/p>\n<p><center><div class=\"post hentry ivycat-post\"><span class=\"pip-not-found\"><\/span><\/div><\/center><\/p>\n<div class=\"fork-divider\">\n<div class=\"fork-icon\"><img decoding=\"async\" src=\"\/wp-content\/uploads\/2017\/10\/fork.gif\" \/><\/div>\n<div class=\"div-line\"><\/div>\n<div>\n<p><!--Episodio 607--><\/p>\n<h2>Episodio 607: El Arte de Hacer Mole<\/h2>\n<div class=\"ep-online-container\"><a href=\"https:\/\/www.amazon.com\/gp\/video\/detail\/B0786RM2K4?ref_=aiv_dp_season_select\" target=\"_blank\" rel=\"noopener noreferrer\"><span class=\"amazon-ep-link\">V\u00e9lo Ahora<\/span><img decoding=\"async\" class=\"amazon-ep-img\" src=\"\/wp-content\/uploads\/2017\/10\/amazon-video.png\" alt=\"V\u00e9lo Ahora Amazon Video\" \/><\/a><\/div>\n<p class=\"episode-description\">Pati explora a profundidad el mundo del mole. Oaxaca es conocido como la tierra de los moles, y hay demasiadas variedades para poder mencionarlas todas aqu\u00ed. A trav\u00e9s de instrucciones desde su cocina, y de explorarlo en Oaxaca, Pati nos mostrara los puntos b\u00e1sicos del mole, parte de su historia y su importancia y algunas de sus recetas personales.<\/p>\n<p class=\"ssn-featured-recipes\">Recetas de este Episodio:<\/p>\n<p><center><div class=\"post hentry ivycat-post\"><span class=\"pip-not-found\"><\/span><\/div><\/center><\/p>\n<div class=\"fork-divider\">\n<div class=\"fork-icon\"><img decoding=\"async\" src=\"\/wp-content\/uploads\/2017\/10\/fork.gif\" \/><\/div>\n<div class=\"div-line\"><\/div>\n<div>\n<p><!--Episodio 608--><\/p>\n<h2>Episodio 608: En Busca de la Mixteca<\/h2>\n<div class=\"ep-online-container\"><a href=\"https:\/\/www.amazon.com\/gp\/video\/detail\/B0786RM2K4?ref_=aiv_dp_season_select\" target=\"_blank\" rel=\"noopener noreferrer\"><span class=\"amazon-ep-link\">V\u00e9lo Ahora<\/span><img decoding=\"async\" class=\"amazon-ep-img\" src=\"\/wp-content\/uploads\/2017\/10\/amazon-video.png\" alt=\"V\u00e9lo Ahora Amazon Video\" \/><\/a><\/div>\n<p class=\"episode-description\">Pati viaja a una regi\u00f3n Mixteca, en Oaxaca, y descubre por qu\u00e9 su comida y cultura son \u00fanicas. Se re\u00fane con Ixchel Ornellas, chef y due\u00f1a de un restaurant y una de las mejores cocineras de la Mixteca. Ixtel invita a Pati a un tour personalizado de su ciudad. De regreso a casa, Pati crea nuevas recetas con base en su experiencia en la Mixteca: sopa de elote con queso y pescado agridulce.<\/p>\n<p class=\"ssn-featured-recipes\">Recetas de este Episodio:<\/p>\n<p><center><div class=\"post hentry ivycat-post\"><span class=\"pip-not-found\"><\/span><\/div><\/center><\/p>\n<div class=\"fork-divider\">\n<div class=\"fork-icon\"><img decoding=\"async\" src=\"\/wp-content\/uploads\/2017\/10\/fork.gif\" \/><\/div>\n<div class=\"div-line\"><\/div>\n<div>\n<p><!--Episodio 609--><\/p>\n<h2>Episodio 609: Desayuno Oaxacaque\u00f1o<\/h2>\n<div class=\"ep-online-container\"><a href=\"https:\/\/www.amazon.com\/gp\/video\/detail\/B0786RM2K4?ref_=aiv_dp_season_select\" target=\"_blank\" rel=\"noopener noreferrer\"><span class=\"amazon-ep-link\">V\u00e9lo Ahora<\/span><img decoding=\"async\" class=\"amazon-ep-img\" src=\"\/wp-content\/uploads\/2017\/10\/amazon-video.png\" alt=\"V\u00e9lo Ahora Amazon Video\" \/><\/a><\/div>\n<p class=\"episode-description\">Pati visita el pueblo de San Martin Tilcajete para conocer a Mar\u00eda y Jacobo en su famosa escuela de arte. Ah\u00ed conoce m\u00e1s acerca del delicado proceso para crear un alebrije, y prueba la deliciosa comida preparada para los artistas. En su cocina, esos huevos son la inspiraci\u00f3n de Pati para crear un desayuno oaxaque\u00f1o. Ya que el arte de San Mart\u00edn la atenci\u00f3n a los detalles es tan importante, hace lo opuesto en su cocina y prepara una comida para sus hijos donde hay permiso para relajarse.<\/p>\n<p class=\"ssn-featured-recipes\">Recetas de este Episodio:<\/p>\n<p><center><div class=\"post hentry ivycat-post\"><span class=\"pip-not-found\"><\/span><\/div><\/center><\/p>\n<div class=\"fork-divider\">\n<div class=\"fork-icon\"><img decoding=\"async\" src=\"\/wp-content\/uploads\/2017\/10\/fork.gif\" \/><\/div>\n<div class=\"div-line\"><\/div>\n<div>\n<p><!--Episodio 610--><\/p>\n<h2>Episodio 610: C\u00f3mo Encontr\u00e9 mi Camino<\/h2>\n<div class=\"ep-online-container\"><a href=\"https:\/\/www.amazon.com\/gp\/video\/detail\/B0786RM2K4?ref_=aiv_dp_season_select\" target=\"_blank\" rel=\"noopener noreferrer\"><span class=\"amazon-ep-link\">V\u00e9lo Ahora<\/span><img decoding=\"async\" class=\"amazon-ep-img\" src=\"\/wp-content\/uploads\/2017\/10\/amazon-video.png\" alt=\"V\u00e9lo Ahora Amazon Video\" \/><\/a><\/div>\n<p class=\"episode-description\">La gente siempre le pregunta a Pati c\u00f3mo su pasi\u00f3n por la cocina se convirti\u00f3 en su profesi\u00f3n. A trav\u00e9s de los a\u00f1os, ha contado parte de la historia, pero nunca la ha explicado por completo. En este episodio, explica cu\u00e1ndo comenz\u00f3 su pasi\u00f3n por la comida, qu\u00e9 decisiones la llevaron a tomar un nuevo rumbo y algunos de los sucesos, y retrocesos, para llegar hasta donde est\u00e1 hoy. En Oaxaca, conoce a mujer que lleg\u00f3 de un pueblo muy peque\u00f1o, sin dinero ni recursos, para seguir su sue\u00f1o de crear todo un imperio de comida en uno de los mejores destinos culinarios de M\u00e9xico.<\/p>\n<p class=\"ssn-featured-recipes\">Recetas de este Episodio:<\/p>\n<p><center><div class=\"post hentry ivycat-post\"><span class=\"pip-not-found\"><\/span><\/div><\/center><\/p>\n<div class=\"fork-divider\">\n<div class=\"fork-icon\"><img decoding=\"async\" src=\"\/wp-content\/uploads\/2017\/10\/fork.gif\" \/><\/div>\n<div class=\"div-line\"><\/div>\n<div>\n<p><!--Episodio 611--><\/p>\n<h2>Episodio 611: Juju y Su Vida Cubierta de Chocolate<\/h2>\n<div class=\"ep-online-container\"><a href=\"https:\/\/www.amazon.com\/gp\/video\/detail\/B0786RM2K4?ref_=aiv_dp_season_select\" target=\"_blank\" rel=\"noopener noreferrer\"><span class=\"amazon-ep-link\">V\u00e9lo Ahora<\/span><img decoding=\"async\" class=\"amazon-ep-img\" src=\"\/wp-content\/uploads\/2017\/10\/amazon-video.png\" alt=\"V\u00e9lo Ahora Amazon Video\" \/><\/a><\/div>\n<p class=\"episode-description\">Pati pasa el d\u00eda con su hijo m\u00e1s chico, Juju, a quien le encanta el chocolate. En este episodio, crean en la cocina tres deliciosas recetas llenas de chocolate: panqu\u00e9 de pl\u00e1tano y doble chocolate, torre de crepas de chocolate y malteada de chocolate mexicano.<\/p>\n<p class=\"ssn-featured-recipes\">Recetas de este Episodio:<\/p>\n<p><center><div class=\"post hentry ivycat-post\"><span class=\"pip-not-found\"><\/span><\/div><\/center><\/p>\n<div class=\"fork-divider\">\n<div class=\"fork-icon\"><img decoding=\"async\" src=\"\/wp-content\/uploads\/2017\/10\/fork.gif\" \/><\/div>\n<div class=\"div-line\"><\/div>\n<div>\n<p><!--Episodio 612--><\/p>\n<h2>Episodio 612: \u00a1Queso!<\/h2>\n<div class=\"ep-online-container\"><a href=\"https:\/\/www.amazon.com\/gp\/video\/detail\/B0786RM2K4?ref_=aiv_dp_season_select\" target=\"_blank\" rel=\"noopener noreferrer\"><span class=\"amazon-ep-link\">V\u00e9lo Ahora<\/span><img decoding=\"async\" class=\"amazon-ep-img\" src=\"\/wp-content\/uploads\/2017\/10\/amazon-video.png\" alt=\"V\u00e9lo Ahora Amazon Video\" \/><\/a><\/div>\n<p class=\"episode-description\">Este es un episodio dedicado al queso, uno de los ingredientes favoritos de Pati. Prepara en su cocina, tres recetas deliciosas repletas de queso, una para cada uno de sus hijos. En Oaxaca, Pati y sus hijos visitan a un productor de quesos para ver c\u00f3mo se hace el famoso queso Oaxaca.<\/p>\n<p class=\"ssn-featured-recipes\">Recetas de este Episodio:<\/p>\n<p><center><div class=\"post hentry ivycat-post\"><span class=\"pip-not-found\"><\/span><\/div><\/center><\/p>\n<div class=\"fork-divider\">\n<div class=\"fork-icon\"><img decoding=\"async\" src=\"\/wp-content\/uploads\/2017\/10\/fork.gif\" \/><\/div>\n<div class=\"div-line\"><\/div>\n<div>\n<p><!--Episodio 613--><\/p>\n<h2>Episodio 613: M\u00e1s Que Una Comida<\/h2>\n<div class=\"ep-online-container\"><a href=\"https:\/\/www.amazon.com\/gp\/video\/detail\/B0786RM2K4?ref_=aiv_dp_season_select\" target=\"_blank\" rel=\"noopener noreferrer\"><span class=\"amazon-ep-link\">V\u00e9lo Ahora<\/span><img decoding=\"async\" class=\"amazon-ep-img\" src=\"\/wp-content\/uploads\/2017\/10\/amazon-video.png\" alt=\"V\u00e9lo Ahora Amazon Video\" \/><\/a><\/div>\n<p class=\"episode-description\">In this episode, Pati makes a few family staples with recipes that have many different uses. Perfect for busy families on the go, these recipes can be set aside or kept in the fridge to use later in a variety of delicious meals. They\u2019re more than just a meal, they\u2019ll keep your family satisfied all week.<\/p>\n<p class=\"ssn-featured-recipes\">Recetas de este Episodio:<\/p>\n<p><center><div class=\"post hentry ivycat-post\"><span class=\"pip-not-found\"><\/span><\/div><\/center><\/p>\n<div class=\"fork-divider\">\n<div class=\"fork-icon\"><img decoding=\"async\" src=\"\/wp-content\/uploads\/2017\/10\/fork.gif\" \/><\/div>\n<div class=\"div-line\"><\/div>\n<div>\n","protected":false},"excerpt":{"rendered":"<p>Pati&#8217;s Mexican Table Temporada 6 Episodio 601: Un D\u00eda en Oaxaca V\u00e9lo Ahora Pati nos muestra c\u00f3mo aprovechar al m\u00e1ximo un d\u00eda completo en la Ciudad de Oaxaca. Visita los principales lugares en 24 horas con un gu\u00eda local, va a comer al mercado y nos da una probada de los mejores restaurantes en uno [&hellip;]<\/p>\n","protected":false},"author":4,"featured_media":0,"parent":5037,"menu_order":0,"comment_status":"closed","ping_status":"closed","template":"page-templates\/page_tvseasonrecipes.php","meta":{"_acf_changed":false,"wprm-recipe-roundup-name":"","wprm-recipe-roundup-description":"","footnotes":""},"class_list":["post-5048","page","type-page","status-publish","hentry","has-green-color"],"acf":[],"yoast_head":"<!-- This site is optimized with the Yoast SEO plugin v22.0 - https:\/\/yoast.com\/wordpress\/plugins\/seo\/ -->\n<title>Temporada 6 - Pati Jinich en Espa\u00f1ol<\/title>\n<meta name=\"robots\" content=\"index, follow, max-snippet:-1, max-image-preview:large, max-video-preview:-1\" \/>\n<link rel=\"canonical\" href=\"https:\/\/patijinich.com\/es\/programa\/patis-mexican-table-temporada-6\/\" \/>\n<meta property=\"og:locale\" content=\"es_MX\" \/>\n<meta property=\"og:type\" content=\"article\" \/>\n<meta property=\"og:title\" content=\"Temporada 6 - Pati Jinich en Espa\u00f1ol\" \/>\n<meta property=\"og:description\" content=\"Pati&#8217;s Mexican Table Temporada 6 Episodio 601: Un D\u00eda en Oaxaca V\u00e9lo Ahora Pati nos muestra c\u00f3mo aprovechar al m\u00e1ximo un d\u00eda completo en la Ciudad de Oaxaca. Visita los principales lugares en 24 horas con un gu\u00eda local, va a comer al mercado y nos da una probada de los mejores restaurantes en uno [&hellip;]\" \/>\n<meta property=\"og:url\" content=\"https:\/\/patijinich.com\/es\/programa\/patis-mexican-table-temporada-6\/\" \/>\n<meta property=\"og:site_name\" content=\"Pati Jinich en Espa\u00f1ol\" \/>\n<meta property=\"article:modified_time\" content=\"2018-01-26T20:46:32+00:00\" \/>\n<meta name=\"twitter:card\" content=\"summary_large_image\" \/>\n<meta name=\"twitter:label1\" content=\"Tiempo de lectura\" \/>\n\t<meta name=\"twitter:data1\" content=\"6 minutos\" \/>\n<script type=\"application\/ld+json\" class=\"yoast-schema-graph\">{\"@context\":\"https:\/\/schema.org\",\"@graph\":[{\"@type\":\"WebPage\",\"@id\":\"https:\/\/patijinich.com\/es\/programa\/patis-mexican-table-temporada-6\/\",\"url\":\"https:\/\/patijinich.com\/es\/programa\/patis-mexican-table-temporada-6\/\",\"name\":\"Temporada 6 - Pati Jinich en Espa\u00f1ol\",\"isPartOf\":{\"@id\":\"https:\/\/patijinich.com\/es\/#website\"},\"datePublished\":\"2017-12-22T18:10:39+00:00\",\"dateModified\":\"2018-01-26T20:46:32+00:00\",\"breadcrumb\":{\"@id\":\"https:\/\/patijinich.com\/es\/programa\/patis-mexican-table-temporada-6\/#breadcrumb\"},\"inLanguage\":\"es\",\"potentialAction\":[{\"@type\":\"ReadAction\",\"target\":[\"https:\/\/patijinich.com\/es\/programa\/patis-mexican-table-temporada-6\/\"]}]},{\"@type\":\"BreadcrumbList\",\"@id\":\"https:\/\/patijinich.com\/es\/programa\/patis-mexican-table-temporada-6\/#breadcrumb\",\"itemListElement\":[{\"@type\":\"ListItem\",\"position\":1,\"name\":\"Home\",\"item\":\"https:\/\/patijinich.com\/es\/\"},{\"@type\":\"ListItem\",\"position\":2,\"name\":\"Programa\",\"item\":\"https:\/\/patijinich.com\/es\/programa\/\"},{\"@type\":\"ListItem\",\"position\":3,\"name\":\"Temporada 6\"}]},{\"@type\":\"WebSite\",\"@id\":\"https:\/\/patijinich.com\/es\/#website\",\"url\":\"https:\/\/patijinich.com\/es\/\",\"name\":\"Pati Jinich en Espa\u00f1ol\",\"description\":\"Pati Jinich es la anfitriona del popular programa de la PBS Pati&#039;s Mexican Table, nominado a los premios Emmy and James Beard, autora de dos libros de cocina y chef residente en el Instituto Cultural Mexicano en Washington, D.C. Esta es su p\u00e1gina oficial, en la comparte recetas de su programa y recetas nuevas en su blog, eventos pr\u00f3ximos, noticias recientes y m\u00e1s.\",\"potentialAction\":[{\"@type\":\"SearchAction\",\"target\":{\"@type\":\"EntryPoint\",\"urlTemplate\":\"https:\/\/patijinich.com\/es\/?s={search_term_string}\"},\"query-input\":\"required name=search_term_string\"}],\"inLanguage\":\"es\"}]}<\/script>\n<!-- \/ Yoast SEO plugin. -->","yoast_head_json":{"title":"Temporada 6 - Pati Jinich en Espa\u00f1ol","robots":{"index":"index","follow":"follow","max-snippet":"max-snippet:-1","max-image-preview":"max-image-preview:large","max-video-preview":"max-video-preview:-1"},"canonical":"https:\/\/patijinich.com\/es\/programa\/patis-mexican-table-temporada-6\/","og_locale":"es_MX","og_type":"article","og_title":"Temporada 6 - Pati Jinich en Espa\u00f1ol","og_description":"Pati&#8217;s Mexican Table Temporada 6 Episodio 601: Un D\u00eda en Oaxaca V\u00e9lo Ahora Pati nos muestra c\u00f3mo aprovechar al m\u00e1ximo un d\u00eda completo en la Ciudad de Oaxaca. Visita los principales lugares en 24 horas con un gu\u00eda local, va a comer al mercado y nos da una probada de los mejores restaurantes en uno [&hellip;]","og_url":"https:\/\/patijinich.com\/es\/programa\/patis-mexican-table-temporada-6\/","og_site_name":"Pati Jinich en Espa\u00f1ol","article_modified_time":"2018-01-26T20:46:32+00:00","twitter_card":"summary_large_image","twitter_misc":{"Tiempo de lectura":"6 minutos"},"schema":{"@context":"https:\/\/schema.org","@graph":[{"@type":"WebPage","@id":"https:\/\/patijinich.com\/es\/programa\/patis-mexican-table-temporada-6\/","url":"https:\/\/patijinich.com\/es\/programa\/patis-mexican-table-temporada-6\/","name":"Temporada 6 - Pati Jinich en Espa\u00f1ol","isPartOf":{"@id":"https:\/\/patijinich.com\/es\/#website"},"datePublished":"2017-12-22T18:10:39+00:00","dateModified":"2018-01-26T20:46:32+00:00","breadcrumb":{"@id":"https:\/\/patijinich.com\/es\/programa\/patis-mexican-table-temporada-6\/#breadcrumb"},"inLanguage":"es","potentialAction":[{"@type":"ReadAction","target":["https:\/\/patijinich.com\/es\/programa\/patis-mexican-table-temporada-6\/"]}]},{"@type":"BreadcrumbList","@id":"https:\/\/patijinich.com\/es\/programa\/patis-mexican-table-temporada-6\/#breadcrumb","itemListElement":[{"@type":"ListItem","position":1,"name":"Home","item":"https:\/\/patijinich.com\/es\/"},{"@type":"ListItem","position":2,"name":"Programa","item":"https:\/\/patijinich.com\/es\/programa\/"},{"@type":"ListItem","position":3,"name":"Temporada 6"}]},{"@type":"WebSite","@id":"https:\/\/patijinich.com\/es\/#website","url":"https:\/\/patijinich.com\/es\/","name":"Pati Jinich en Espa\u00f1ol","description":"Pati Jinich es la anfitriona del popular programa de la PBS Pati&#039;s Mexican Table, nominado a los premios Emmy and James Beard, autora de dos libros de cocina y chef residente en el Instituto Cultural Mexicano en Washington, D.C. Esta es su p\u00e1gina oficial, en la comparte recetas de su programa y recetas nuevas en su blog, eventos pr\u00f3ximos, noticias recientes y m\u00e1s.","potentialAction":[{"@type":"SearchAction","target":{"@type":"EntryPoint","urlTemplate":"https:\/\/patijinich.com\/es\/?s={search_term_string}"},"query-input":"required name=search_term_string"}],"inLanguage":"es"}]}},"_links":{"self":[{"href":"https:\/\/patijinich.com\/es\/wp-json\/wp\/v2\/pages\/5048","targetHints":{"allow":["GET"]}}],"collection":[{"href":"https:\/\/patijinich.com\/es\/wp-json\/wp\/v2\/pages"}],"about":[{"href":"https:\/\/patijinich.com\/es\/wp-json\/wp\/v2\/types\/page"}],"author":[{"embeddable":true,"href":"https:\/\/patijinich.com\/es\/wp-json\/wp\/v2\/users\/4"}],"replies":[{"embeddable":true,"href":"https:\/\/patijinich.com\/es\/wp-json\/wp\/v2\/comments?post=5048"}],"version-history":[{"count":3,"href":"https:\/\/patijinich.com\/es\/wp-json\/wp\/v2\/pages\/5048\/revisions"}],"predecessor-version":[{"id":5717,"href":"https:\/\/patijinich.com\/es\/wp-json\/wp\/v2\/pages\/5048\/revisions\/5717"}],"up":[{"embeddable":true,"href":"https:\/\/patijinich.com\/es\/wp-json\/wp\/v2\/pages\/5037"}],"wp:attachment":[{"href":"https:\/\/patijinich.com\/es\/wp-json\/wp\/v2\/media?parent=5048"}],"curies":[{"name":"wp","href":"https:\/\/api.w.org\/{rel}","templated":true}]}}