{"id":54,"date":"2017-05-23T17:11:40","date_gmt":"2017-05-23T17:11:40","guid":{"rendered":"http:\/\/patijinich.com\/es\/?page_id=54"},"modified":"2017-12-28T20:08:44","modified_gmt":"2017-12-28T20:08:44","slug":"patis-mexican-table-temporada-4","status":"publish","type":"page","link":"https:\/\/patijinich.com\/es\/programa\/patis-mexican-table-temporada-4\/","title":{"rendered":"Temporada 4"},"content":{"rendered":"<h1>Pati&#8217;s Mexican Table Temporada 4<\/h1>\n<p><!--Episodio 401--><\/p>\n<h2>Episodio 401: \u00a1Buenos D\u00edas, M\u00e9xico!<\/h2>\n<div class=\"ep-online-container\"><a href=\"https:\/\/www.amazon.com\/gp\/video\/detail\/B071WT6QRX?ref_=aiv_dp_season_select\" target=\"_blank\" rel=\"noopener noreferrer\"><span class=\"amazon-ep-link\">V\u00e9lo Ahora<\/span><img decoding=\"async\" class=\"amazon-ep-img\" src=\"\/wp-content\/uploads\/2017\/10\/amazon-video.png\" alt=\"V\u00e9lo Ahora Amazon Video\" \/><\/a><\/div>\n<p class=\"episode-description\">Pati toma carretera a San Miguel de Allende, un precioso pueblo muy popular entre los turistas, localizado en el Estado de Guanajuato. Es conocido por sus calles empedradas, arquitectura colonial, galer\u00edas de arte y claro, comida deliciosa y variada. Esta semana, Alan, Sami y Juju tienen vacaciones, as\u00ed que acompa\u00f1an a Pati y a su esposo. En este episodio, la familia acaba de llegar a San Miguel, y Pati ha decidido empezar las vacaciones con un rico desayuno, pero primero nos quiere ense\u00f1ar San Miguel.<\/p>\n<p class=\"ssn-featured-recipes\">Recetas de este Episodio:<\/p>\n<p><center><div class=\"post hentry ivycat-post\"><span class=\"pip-not-found\"><\/span><\/div><\/center><\/p>\n<div class=\"fork-divider\">\n<div class=\"fork-icon\"><img decoding=\"async\" src=\"\/wp-content\/uploads\/2017\/10\/fork.gif\" \/><\/div>\n<div class=\"div-line\"><\/div>\n<div>\n<p><!--Episodio 402--><\/p>\n<h2>Episodio 402: Aventuras en San Miguel<\/h2>\n<div class=\"ep-online-container\"><a href=\"https:\/\/www.amazon.com\/gp\/video\/detail\/B071WT6QRX?ref_=aiv_dp_season_select\" target=\"_blank\" rel=\"noopener noreferrer\"><span class=\"amazon-ep-link\">V\u00e9lo Ahora<\/span><img decoding=\"async\" class=\"amazon-ep-img\" src=\"\/wp-content\/uploads\/2017\/10\/amazon-video.png\" alt=\"V\u00e9lo Ahora Amazon Video\" \/><\/a><\/div>\n<p class=\"episode-description\">Pati est\u00e1 en San Miguel de Allende, repleto de oportunidades para descansar y relajarse, pero ella est\u00e1 aqu\u00ed para una cosa: probar la comida. Desde comida callejera hasta restaurantes renombrados, San Miguel siempre ha sido uno de los principales destinos culinarios de M\u00e9xico. Pati nos mostrar\u00e1 los mejores restaurantes, y luego en la cocina se inspirar\u00e1 en la regi\u00f3n para crear nuevas recetas.<\/p>\n<p class=\"ssn-featured-recipes\">Recetas de este Episodio:<\/p>\n<p><center><div class=\"post hentry ivycat-post\"><span class=\"pip-not-found\"><\/span><\/div><\/center><\/p>\n<div class=\"fork-divider\">\n<div class=\"fork-icon\"><img decoding=\"async\" src=\"\/wp-content\/uploads\/2017\/10\/fork.gif\" \/><\/div>\n<div class=\"div-line\"><\/div>\n<div>\n<p><!--Episodio 403--><\/p>\n<h2>Episodio 403: Noche de Tacos<\/h2>\n<div class=\"ep-online-container\"><a href=\"https:\/\/www.amazon.com\/gp\/video\/detail\/B071WT6QRX?ref_=aiv_dp_season_select\" target=\"_blank\" rel=\"noopener noreferrer\"><span class=\"amazon-ep-link\">V\u00e9lo Ahora<\/span><img decoding=\"async\" class=\"amazon-ep-img\" src=\"\/wp-content\/uploads\/2017\/10\/amazon-video.png\" alt=\"V\u00e9lo Ahora Amazon Video\" \/><\/a><\/div>\n<p class=\"episode-description\">Hay tantas formas de disfrutar los tacos, y Pati trata de impresionar frecuentemente a sus hijos con nuevas versiones. A sus hijos les gustan tanto los tacos, que en la familia Jinich ya hay una tradici\u00f3n un par de veces al mes: la noche de tacos. Mientras vacacionan en San Miguel, Pati ha decidido traer consigo esta tradici\u00f3n.<\/p>\n<p class=\"ssn-featured-recipes\">Recetas de este Episodio:<\/p>\n<p><center><div class=\"post hentry ivycat-post\"><span class=\"pip-not-found\"><\/span><\/div><\/center><\/p>\n<div class=\"fork-divider\">\n<div class=\"fork-icon\"><img decoding=\"async\" src=\"\/wp-content\/uploads\/2017\/10\/fork.gif\" \/><\/div>\n<div class=\"div-line\"><\/div>\n<div>\n<p><!--Episodio 404--><\/p>\n<h2>Episodio 404: Fiesta en una Tarde de Verano<\/h2>\n<div class=\"ep-online-container\"><a href=\"https:\/\/www.amazon.com\/gp\/video\/detail\/B071WT6QRX?ref_=aiv_dp_season_select\" target=\"_blank\" rel=\"noopener noreferrer\"><span class=\"amazon-ep-link\">V\u00e9lo Ahora<\/span><img decoding=\"async\" class=\"amazon-ep-img\" src=\"\/wp-content\/uploads\/2017\/10\/amazon-video.png\" alt=\"V\u00e9lo Ahora Amazon Video\" \/><\/a><\/div>\n<p class=\"episode-description\">Es el final ya de una gran semana en San Miguel, as\u00ed que Pati y su familia deciden tener una fiesta en la tarde, la mejor forma de cerrar unas vacaciones excelentes. Primero, va a algunos lugares para comprar ingredientes, como Agropark y un vi\u00f1edo local. De regreso, cocina una comida familiar que disfrutan en el patio, mientras gozan de la puesta de sol.<\/p>\n<p class=\"ssn-featured-recipes\">Recetas de este Episodio:<\/p>\n<p><center><div class=\"post hentry ivycat-post\"><span class=\"pip-not-found\"><\/span><\/div><\/center><\/p>\n<div class=\"fork-divider\">\n<div class=\"fork-icon\"><img decoding=\"async\" src=\"\/wp-content\/uploads\/2017\/10\/fork.gif\" \/><\/div>\n<div class=\"div-line\"><\/div>\n<div>\n<p><!--Episodio 405--><\/p>\n<h2>Episodio 405: \u00a1Tamaliza!<\/h2>\n<div class=\"ep-online-container\"><a href=\"https:\/\/www.amazon.com\/gp\/video\/detail\/B071WT6QRX?ref_=aiv_dp_season_select\" target=\"_blank\" rel=\"noopener noreferrer\"><span class=\"amazon-ep-link\">V\u00e9lo Ahora<\/span><img decoding=\"async\" class=\"amazon-ep-img\" src=\"\/wp-content\/uploads\/2017\/10\/amazon-video.png\" alt=\"V\u00e9lo Ahora Amazon Video\" \/><\/a><\/div>\n<p class=\"episode-description\">Todo un episodio dedicado a una de las comidas emblem\u00e1ticas de M\u00e9xico: los tamales. Pati cocina algunas variantes de tamales, como los salados y dulces. Luego, llegan sus amigas para disfrutar de una tamaliza (fiesta de tamales).<\/p>\n<p class=\"ssn-featured-recipes\">Recetas de este Episodio:<\/p>\n<p><center><div class=\"post hentry ivycat-post\"><span class=\"pip-not-found\"><\/span><\/div><\/center><\/p>\n<div class=\"fork-divider\">\n<div class=\"fork-icon\"><img decoding=\"async\" src=\"\/wp-content\/uploads\/2017\/10\/fork.gif\" \/><\/div>\n<div class=\"div-line\"><\/div>\n<div>\n<p><!--Episodio 406--><\/p>\n<h2>Episodio 406: Mexamericana<\/h2>\n<div class=\"ep-online-container\"><a href=\"https:\/\/www.amazon.com\/gp\/video\/detail\/B071WT6QRX?ref_=aiv_dp_season_select\" target=\"_blank\" rel=\"noopener noreferrer\"><span class=\"amazon-ep-link\">V\u00e9lo Ahora<\/span><img decoding=\"async\" class=\"amazon-ep-img\" src=\"\/wp-content\/uploads\/2017\/10\/amazon-video.png\" alt=\"V\u00e9lo Ahora Amazon Video\" \/><\/a><\/div>\n<p class=\"episode-description\">La familia de Pati es el ejemplo perfecto de la uni\u00f3n de dos culturas, la mexicana y la norteamericana. El resultado afortunado de esta uni\u00f3n es la creaci\u00f3n de recetas \u00fanicas y sabrosas. En este episodio, Pati se mete de lleno a esta mezcla de culturas y crea recetas cl\u00e1sicas norteamericanas con un enfoque mexicano. Esta uni\u00f3n ocurre a diario en ciudades grandes y peque\u00f1as de los Estados Unidos tambi\u00e9n, as\u00ed que es una tendencia que va tomando fuerza. Pati tambi\u00e9n nos lleva a conocer un restaurante local para conocer su propia historia mexicano-norteamericana y los resultados de \u00e9sta.<\/p>\n<p class=\"ssn-featured-recipes\">Recetas de este Episodio:<\/p>\n<p><center><div class=\"post hentry ivycat-post\"><span class=\"pip-not-found\"><\/span><\/div><\/center><\/p>\n<div class=\"fork-divider\">\n<div class=\"fork-icon\"><img decoding=\"async\" src=\"\/wp-content\/uploads\/2017\/10\/fork.gif\" \/><\/div>\n<div class=\"div-line\"><\/div>\n<div>\n<p><!--Episodio 407--><\/p>\n<h2>Episodio 407: Cocinando con Los Fans<\/h2>\n<div class=\"ep-online-container\"><a href=\"https:\/\/www.amazon.com\/gp\/video\/detail\/B071WT6QRX?ref_=aiv_dp_season_select\" target=\"_blank\" rel=\"noopener noreferrer\"><span class=\"amazon-ep-link\">V\u00e9lo Ahora<\/span><img decoding=\"async\" class=\"amazon-ep-img\" src=\"\/wp-content\/uploads\/2017\/10\/amazon-video.png\" alt=\"V\u00e9lo Ahora Amazon Video\" \/><\/a><\/div>\n<p class=\"episode-description\">Pati siempre est\u00e1 en contacto con sus fans \u2013 a trav\u00e9s de Facebook, Twitter y email \u2013 y a ellos les encanta darles su opini\u00f3n de sus recetas. Pati va a actualizar y darle un nuevo giro a tres de sus recetas m\u00e1s populares, y sorprender\u00e1 a un fan en su propia casa.<\/p>\n<p class=\"ssn-featured-recipes\">Recetas de este Episodio:<\/p>\n<p><center><div class=\"post hentry ivycat-post\"><span class=\"pip-not-found\"><\/span><\/div><\/center><\/p>\n<div class=\"fork-divider\">\n<div class=\"fork-icon\"><img decoding=\"async\" src=\"\/wp-content\/uploads\/2017\/10\/fork.gif\" \/><\/div>\n<div class=\"div-line\"><\/div>\n<div>\n<p><!--Episodio 408--><\/p>\n<h2>Episodio 408: Favoritos de la Calle<\/h2>\n<div class=\"ep-online-container\"><a href=\"https:\/\/www.amazon.com\/gp\/video\/detail\/B071WT6QRX?ref_=aiv_dp_season_select\" target=\"_blank\" rel=\"noopener noreferrer\"><span class=\"amazon-ep-link\">V\u00e9lo Ahora<\/span><img decoding=\"async\" class=\"amazon-ep-img\" src=\"\/wp-content\/uploads\/2017\/10\/amazon-video.png\" alt=\"V\u00e9lo Ahora Amazon Video\" \/><\/a><\/div>\n<p class=\"episode-description\">La comida de la calle siempre ha sido popular, pero estos d\u00edas es cada vez m\u00e1s famosa y m\u00e1s y m\u00e1s chefs est\u00e1n sacando food trucks y puestos a la calle. En este episodio, Pati visita la Ciudad de Guanajuato, conocida por tener parte de la mejor comida callejera en el pa\u00eds, para mostrarnos algunas de sus comidas favoritas. Despu\u00e9s, nos muestra c\u00f3mo podemos recrear estas recetas en nuestra propia cocina.<\/p>\n<p class=\"ssn-featured-recipes\">Recetas de este Episodio:<\/p>\n<p><center><div class=\"post hentry ivycat-post\"><span class=\"pip-not-found\"><\/span><\/div><\/center><\/p>\n<div class=\"fork-divider\">\n<div class=\"fork-icon\"><img decoding=\"async\" src=\"\/wp-content\/uploads\/2017\/10\/fork.gif\" \/><\/div>\n<div class=\"div-line\"><\/div>\n<div>\n<p><!--Episodio 409--><\/p>\n<h2>Episodio 409: El Gran D\u00eda de Sami<\/h2>\n<div class=\"ep-online-container\"><a href=\"https:\/\/www.amazon.com\/gp\/video\/detail\/B071WT6QRX?ref_=aiv_dp_season_select\" target=\"_blank\" rel=\"noopener noreferrer\"><span class=\"amazon-ep-link\">V\u00e9lo Ahora<\/span><img decoding=\"async\" class=\"amazon-ep-img\" src=\"\/wp-content\/uploads\/2017\/10\/amazon-video.png\" alt=\"V\u00e9lo Ahora Amazon Video\" \/><\/a><\/div>\n<p class=\"episode-description\">Este show est\u00e1 dedicado a Sami, el hijo de en medio de Pati. Nacido entre el primog\u00e9nito, Alan, y Mr. Carisma, Juju, las cosas no siempre son f\u00e1ciles para \u00e9l, por lo que Pati le dedica todo un d\u00eda y \u00e9l le va a ayudar a cocinar algunas de sus comidas favoritas.<\/p>\n<p class=\"ssn-featured-recipes\">Recetas de este Episodio:<\/p>\n<p><center><div class=\"post hentry ivycat-post\"><span class=\"pip-not-found\"><\/span><\/div><\/center><\/p>\n<div class=\"fork-divider\">\n<div class=\"fork-icon\"><img decoding=\"async\" src=\"\/wp-content\/uploads\/2017\/10\/fork.gif\" \/><\/div>\n<div class=\"div-line\"><\/div>\n<div>\n<p><!--Episodio 410--><\/p>\n<h2>Episodio 410: Lo Moderno y Lo Tradicional<\/h2>\n<div class=\"ep-online-container\"><a href=\"https:\/\/www.amazon.com\/gp\/video\/detail\/B071WT6QRX?ref_=aiv_dp_season_select\" target=\"_blank\" rel=\"noopener noreferrer\"><span class=\"amazon-ep-link\">V\u00e9lo Ahora<\/span><img decoding=\"async\" class=\"amazon-ep-img\" src=\"\/wp-content\/uploads\/2017\/10\/amazon-video.png\" alt=\"V\u00e9lo Ahora Amazon Video\" \/><\/a><\/div>\n<p class=\"episode-description\">La comida mexicana est\u00e1 llena de recetas y t\u00e9cnicas tradicionales. Sin embargo, hay muchos chefs que traen ideas nuevas, d\u00e1ndole un toque moderno a esta comida. En este episodio, Pati conoce dos chefs de la Ciudad de M\u00e9xico que est\u00e1n modernizando la cocina mexicana. Aprovecha toda esa creatividad para mostrarnos c\u00f3mo podemos \u201cmodernizar\u201d nuestra propia comida mexicana.<\/p>\n<p class=\"ssn-featured-recipes\">Recetas de este Episodio:<\/p>\n<p><center><div class=\"post hentry ivycat-post\"><span class=\"pip-not-found\"><\/span><\/div><\/center><\/p>\n<div class=\"fork-divider\">\n<div class=\"fork-icon\"><img decoding=\"async\" src=\"\/wp-content\/uploads\/2017\/10\/fork.gif\" \/><\/div>\n<div class=\"div-line\"><\/div>\n<div>\n<p><!--Episodio 411--><\/p>\n<h2>Episodio 411: Los Favoritos de la Familia<\/h2>\n<div class=\"ep-online-container\"><a href=\"https:\/\/www.amazon.com\/gp\/video\/detail\/B071WT6QRX?ref_=aiv_dp_season_select\" target=\"_blank\" rel=\"noopener noreferrer\"><span class=\"amazon-ep-link\">V\u00e9lo Ahora<\/span><img decoding=\"async\" class=\"amazon-ep-img\" src=\"\/wp-content\/uploads\/2017\/10\/amazon-video.png\" alt=\"V\u00e9lo Ahora Amazon Video\" \/><\/a><\/div>\n<p class=\"episode-description\">Cada familia tiene guardadas sus recetas, y la familia de Pati no es la excepci\u00f3n. La comida siempre ha sido una parte muy importante para ellos, tanto cuando era ni\u00f1a como hoy en d\u00eda. En este episodio nos mostrar\u00e1 un par de recetas que le fueron heredadas, as\u00ed como una receta que siempre hace feliz a su familia \u2013 y que espera pasarles a sus hijos. Tambi\u00e9n conoceremos a la mama de Pati, Sharon, y a su hermana cuando se re\u00fane con ellas para comer uno de sus restaurantes favoritos de la Ciudad de M\u00e9xico.<\/p>\n<p class=\"ssn-featured-recipes\">Recetas de este Episodio:<\/p>\n<p><center><div class=\"post hentry ivycat-post\"><span class=\"pip-not-found\"><\/span><\/div><\/center><\/p>\n<div class=\"fork-divider\">\n<div class=\"fork-icon\"><img decoding=\"async\" src=\"\/wp-content\/uploads\/2017\/10\/fork.gif\" \/><\/div>\n<div class=\"div-line\"><\/div>\n<div>\n<p><!--Episodio 412--><\/p>\n<h2>Episodio 412: Al Horno<\/h2>\n<div class=\"ep-online-container\"><a href=\"https:\/\/www.amazon.com\/gp\/video\/detail\/B071WT6QRX?ref_=aiv_dp_season_select\" target=\"_blank\" rel=\"noopener noreferrer\"><span class=\"amazon-ep-link\">V\u00e9lo Ahora<\/span><img decoding=\"async\" class=\"amazon-ep-img\" src=\"\/wp-content\/uploads\/2017\/10\/amazon-video.png\" alt=\"V\u00e9lo Ahora Amazon Video\" \/><\/a><\/div>\n<p class=\"episode-description\">La comida mexicana est\u00e1 llena de platillos asados, rostizados, fritos y congelados, pero este episodio es para los que quieren ampliar su recetario con platillos al horno. El horno de Pati estar\u00e1 ocupado casi permanentemente con estas recetas que pueden preparar en su propio horno.<\/p>\n<p class=\"ssn-featured-recipes\">Recetas de este Episodio:<\/p>\n<p><center><div class=\"post hentry ivycat-post\"><span class=\"pip-not-found\"><\/span><\/div><\/center><\/p>\n<div class=\"fork-divider\">\n<div class=\"fork-icon\"><img decoding=\"async\" src=\"\/wp-content\/uploads\/2017\/10\/fork.gif\" \/><\/div>\n<div class=\"div-line\"><\/div>\n<div>\n<p><!--Episodio 413--><\/p>\n<h2>Episodio 413: Picnic en el Jard\u00edn<\/h2>\n<div class=\"ep-online-container\"><a href=\"https:\/\/www.amazon.com\/gp\/video\/detail\/B071WT6QRX?ref_=aiv_dp_season_select\" target=\"_blank\" rel=\"noopener noreferrer\"><span class=\"amazon-ep-link\">V\u00e9lo Ahora<\/span><img decoding=\"async\" class=\"amazon-ep-img\" src=\"\/wp-content\/uploads\/2017\/10\/amazon-video.png\" alt=\"V\u00e9lo Ahora Amazon Video\" \/><\/a><\/div>\n<p class=\"episode-description\">Pati organiza un picnic para su familia y amigos en su jard\u00edn. Prepara algunas de sus comidas para picnic favoritas, y todos comer\u00e1n afuera. Como tambi\u00e9n es el cumplea\u00f1os de su esposo Dany, habr\u00e1 una gran sorpresa.<\/p>\n<p class=\"ssn-featured-recipes\">Recetas de este Episodio:<\/p>\n<p><center><div class=\"post hentry ivycat-post\"><span class=\"pip-not-found\"><\/span><\/div><\/center><\/p>\n<div class=\"fork-divider\">\n<div class=\"fork-icon\"><img decoding=\"async\" src=\"\/wp-content\/uploads\/2017\/10\/fork.gif\" \/><\/div>\n<div class=\"div-line\"><\/div>\n<div>\n","protected":false},"excerpt":{"rendered":"<p>Pati&#8217;s Mexican Table Temporada 4 Episodio 401: \u00a1Buenos D\u00edas, M\u00e9xico! V\u00e9lo Ahora Pati toma carretera a San Miguel de Allende, un precioso pueblo muy popular entre los turistas, localizado en el Estado de Guanajuato. Es conocido por sus calles empedradas, arquitectura colonial, galer\u00edas de arte y claro, comida deliciosa y variada. Esta semana, Alan, Sami [&hellip;]<\/p>\n","protected":false},"author":2,"featured_media":0,"parent":5037,"menu_order":0,"comment_status":"closed","ping_status":"closed","template":"page-templates\/page_tvseasonrecipes.php","meta":{"_acf_changed":false,"wprm-recipe-roundup-name":"","wprm-recipe-roundup-description":"","footnotes":""},"class_list":["post-54","page","type-page","status-publish","hentry","has-green-color"],"acf":[],"yoast_head":"<!-- This site is optimized with the Yoast SEO plugin v22.0 - https:\/\/yoast.com\/wordpress\/plugins\/seo\/ -->\n<title>Temporada 4 - Pati Jinich en Espa\u00f1ol<\/title>\n<meta name=\"robots\" content=\"index, follow, max-snippet:-1, max-image-preview:large, max-video-preview:-1\" \/>\n<link rel=\"canonical\" href=\"https:\/\/patijinich.com\/es\/programa\/patis-mexican-table-temporada-4\/\" \/>\n<meta property=\"og:locale\" content=\"es_MX\" \/>\n<meta property=\"og:type\" content=\"article\" \/>\n<meta property=\"og:title\" content=\"Temporada 4 - Pati Jinich en Espa\u00f1ol\" \/>\n<meta property=\"og:description\" content=\"Pati&#8217;s Mexican Table Temporada 4 Episodio 401: \u00a1Buenos D\u00edas, M\u00e9xico! V\u00e9lo Ahora Pati toma carretera a San Miguel de Allende, un precioso pueblo muy popular entre los turistas, localizado en el Estado de Guanajuato. Es conocido por sus calles empedradas, arquitectura colonial, galer\u00edas de arte y claro, comida deliciosa y variada. Esta semana, Alan, Sami [&hellip;]\" \/>\n<meta property=\"og:url\" content=\"https:\/\/patijinich.com\/es\/programa\/patis-mexican-table-temporada-4\/\" \/>\n<meta property=\"og:site_name\" content=\"Pati Jinich en Espa\u00f1ol\" \/>\n<meta property=\"article:modified_time\" content=\"2017-12-28T20:08:44+00:00\" \/>\n<meta name=\"twitter:card\" content=\"summary_large_image\" \/>\n<meta name=\"twitter:label1\" content=\"Tiempo de lectura\" \/>\n\t<meta name=\"twitter:data1\" content=\"6 minutos\" \/>\n<script type=\"application\/ld+json\" class=\"yoast-schema-graph\">{\"@context\":\"https:\/\/schema.org\",\"@graph\":[{\"@type\":\"WebPage\",\"@id\":\"https:\/\/patijinich.com\/es\/programa\/patis-mexican-table-temporada-4\/\",\"url\":\"https:\/\/patijinich.com\/es\/programa\/patis-mexican-table-temporada-4\/\",\"name\":\"Temporada 4 - Pati Jinich en Espa\u00f1ol\",\"isPartOf\":{\"@id\":\"https:\/\/patijinich.com\/es\/#website\"},\"datePublished\":\"2017-05-23T17:11:40+00:00\",\"dateModified\":\"2017-12-28T20:08:44+00:00\",\"breadcrumb\":{\"@id\":\"https:\/\/patijinich.com\/es\/programa\/patis-mexican-table-temporada-4\/#breadcrumb\"},\"inLanguage\":\"es\",\"potentialAction\":[{\"@type\":\"ReadAction\",\"target\":[\"https:\/\/patijinich.com\/es\/programa\/patis-mexican-table-temporada-4\/\"]}]},{\"@type\":\"BreadcrumbList\",\"@id\":\"https:\/\/patijinich.com\/es\/programa\/patis-mexican-table-temporada-4\/#breadcrumb\",\"itemListElement\":[{\"@type\":\"ListItem\",\"position\":1,\"name\":\"Home\",\"item\":\"https:\/\/patijinich.com\/es\/\"},{\"@type\":\"ListItem\",\"position\":2,\"name\":\"Programa\",\"item\":\"https:\/\/patijinich.com\/es\/programa\/\"},{\"@type\":\"ListItem\",\"position\":3,\"name\":\"Temporada 4\"}]},{\"@type\":\"WebSite\",\"@id\":\"https:\/\/patijinich.com\/es\/#website\",\"url\":\"https:\/\/patijinich.com\/es\/\",\"name\":\"Pati Jinich en Espa\u00f1ol\",\"description\":\"Pati Jinich es la anfitriona del popular programa de la PBS Pati&#039;s Mexican Table, nominado a los premios Emmy and James Beard, autora de dos libros de cocina y chef residente en el Instituto Cultural Mexicano en Washington, D.C. Esta es su p\u00e1gina oficial, en la comparte recetas de su programa y recetas nuevas en su blog, eventos pr\u00f3ximos, noticias recientes y m\u00e1s.\",\"potentialAction\":[{\"@type\":\"SearchAction\",\"target\":{\"@type\":\"EntryPoint\",\"urlTemplate\":\"https:\/\/patijinich.com\/es\/?s={search_term_string}\"},\"query-input\":\"required name=search_term_string\"}],\"inLanguage\":\"es\"}]}<\/script>\n<!-- \/ Yoast SEO plugin. -->","yoast_head_json":{"title":"Temporada 4 - Pati Jinich en Espa\u00f1ol","robots":{"index":"index","follow":"follow","max-snippet":"max-snippet:-1","max-image-preview":"max-image-preview:large","max-video-preview":"max-video-preview:-1"},"canonical":"https:\/\/patijinich.com\/es\/programa\/patis-mexican-table-temporada-4\/","og_locale":"es_MX","og_type":"article","og_title":"Temporada 4 - Pati Jinich en Espa\u00f1ol","og_description":"Pati&#8217;s Mexican Table Temporada 4 Episodio 401: \u00a1Buenos D\u00edas, M\u00e9xico! V\u00e9lo Ahora Pati toma carretera a San Miguel de Allende, un precioso pueblo muy popular entre los turistas, localizado en el Estado de Guanajuato. Es conocido por sus calles empedradas, arquitectura colonial, galer\u00edas de arte y claro, comida deliciosa y variada. Esta semana, Alan, Sami [&hellip;]","og_url":"https:\/\/patijinich.com\/es\/programa\/patis-mexican-table-temporada-4\/","og_site_name":"Pati Jinich en Espa\u00f1ol","article_modified_time":"2017-12-28T20:08:44+00:00","twitter_card":"summary_large_image","twitter_misc":{"Tiempo de lectura":"6 minutos"},"schema":{"@context":"https:\/\/schema.org","@graph":[{"@type":"WebPage","@id":"https:\/\/patijinich.com\/es\/programa\/patis-mexican-table-temporada-4\/","url":"https:\/\/patijinich.com\/es\/programa\/patis-mexican-table-temporada-4\/","name":"Temporada 4 - Pati Jinich en Espa\u00f1ol","isPartOf":{"@id":"https:\/\/patijinich.com\/es\/#website"},"datePublished":"2017-05-23T17:11:40+00:00","dateModified":"2017-12-28T20:08:44+00:00","breadcrumb":{"@id":"https:\/\/patijinich.com\/es\/programa\/patis-mexican-table-temporada-4\/#breadcrumb"},"inLanguage":"es","potentialAction":[{"@type":"ReadAction","target":["https:\/\/patijinich.com\/es\/programa\/patis-mexican-table-temporada-4\/"]}]},{"@type":"BreadcrumbList","@id":"https:\/\/patijinich.com\/es\/programa\/patis-mexican-table-temporada-4\/#breadcrumb","itemListElement":[{"@type":"ListItem","position":1,"name":"Home","item":"https:\/\/patijinich.com\/es\/"},{"@type":"ListItem","position":2,"name":"Programa","item":"https:\/\/patijinich.com\/es\/programa\/"},{"@type":"ListItem","position":3,"name":"Temporada 4"}]},{"@type":"WebSite","@id":"https:\/\/patijinich.com\/es\/#website","url":"https:\/\/patijinich.com\/es\/","name":"Pati Jinich en Espa\u00f1ol","description":"Pati Jinich es la anfitriona del popular programa de la PBS Pati&#039;s Mexican Table, nominado a los premios Emmy and James Beard, autora de dos libros de cocina y chef residente en el Instituto Cultural Mexicano en Washington, D.C. Esta es su p\u00e1gina oficial, en la comparte recetas de su programa y recetas nuevas en su blog, eventos pr\u00f3ximos, noticias recientes y m\u00e1s.","potentialAction":[{"@type":"SearchAction","target":{"@type":"EntryPoint","urlTemplate":"https:\/\/patijinich.com\/es\/?s={search_term_string}"},"query-input":"required name=search_term_string"}],"inLanguage":"es"}]}},"_links":{"self":[{"href":"https:\/\/patijinich.com\/es\/wp-json\/wp\/v2\/pages\/54","targetHints":{"allow":["GET"]}}],"collection":[{"href":"https:\/\/patijinich.com\/es\/wp-json\/wp\/v2\/pages"}],"about":[{"href":"https:\/\/patijinich.com\/es\/wp-json\/wp\/v2\/types\/page"}],"author":[{"embeddable":true,"href":"https:\/\/patijinich.com\/es\/wp-json\/wp\/v2\/users\/2"}],"replies":[{"embeddable":true,"href":"https:\/\/patijinich.com\/es\/wp-json\/wp\/v2\/comments?post=54"}],"version-history":[{"count":5,"href":"https:\/\/patijinich.com\/es\/wp-json\/wp\/v2\/pages\/54\/revisions"}],"predecessor-version":[{"id":5157,"href":"https:\/\/patijinich.com\/es\/wp-json\/wp\/v2\/pages\/54\/revisions\/5157"}],"up":[{"embeddable":true,"href":"https:\/\/patijinich.com\/es\/wp-json\/wp\/v2\/pages\/5037"}],"wp:attachment":[{"href":"https:\/\/patijinich.com\/es\/wp-json\/wp\/v2\/media?parent=54"}],"curies":[{"name":"wp","href":"https:\/\/api.w.org\/{rel}","templated":true}]}}