{"id":57,"date":"2017-05-23T17:17:38","date_gmt":"2017-05-23T17:17:38","guid":{"rendered":"http:\/\/patijinich.com\/es\/?page_id=57"},"modified":"2019-07-30T17:16:56","modified_gmt":"2019-07-30T17:16:56","slug":"patis-mexican-table-temporada-3","status":"publish","type":"page","link":"https:\/\/patijinich.com\/es\/programa\/patis-mexican-table-temporada-3\/","title":{"rendered":"Temporada 3"},"content":{"rendered":"<h1>Pati&#8217;s Mexican Table Temporada 3<\/h1>\n<p><!--Episodio 301--><\/p>\n<h2>Episodio 301: Desde La Cocina<\/h2>\n<div class=\"ep-online-container\"><a href=\"https:\/\/www.amazon.com\/gp\/video\/detail\/B072185NT3?ref_=aiv_dp_season_select\" target=\"_blank\" rel=\"noopener noreferrer\"><span class=\"amazon-ep-link\">V\u00e9lo Ahora<\/span><img decoding=\"async\" class=\"amazon-ep-img\" src=\"\/wp-content\/uploads\/2017\/10\/amazon-video.png\" alt=\"V\u00e9lo Ahora Amazon Video\"><\/a><\/div>\n<p class=\"episode-description\">Pati viaja a la Ciudad de M\u00e9xico para ver a su pap\u00e1, y le ayuda a cocinar uno de sus platillos favoritos de ni\u00f1a: huevos a la mexicana. En su propia cocina, usa esa visita como inspiraci\u00f3n para cocinar algunos platillos que le traen recuerdos de la infancia. La tradici\u00f3n contin\u00faa cuando prepara el postre con su hijo menor, Juju.<\/p>\n<p class=\"ssn-featured-recipes\">Recetas de este Episodio:<\/p>\n<p>&nbsp;<\/p>\n<p><center><div class=\"post hentry ivycat-post\"><span class=\"pip-not-found\"><\/span><\/div><\/center><\/p>\n<div class=\"fork-divider\">\n<div class=\"fork-icon\"><img decoding=\"async\" src=\"\/wp-content\/uploads\/2017\/10\/fork.gif\"><\/div>\n<div class=\"div-line\">&nbsp;<\/div>\n<div>\n<p><!--Episodio 302--><\/p>\n<h2>Episodio 302: Pati Recuerda Texas<\/h2>\n<div class=\"ep-online-container\"><a href=\"https:\/\/www.amazon.com\/gp\/video\/detail\/B072185NT3?ref_=aiv_dp_season_select\" target=\"_blank\" rel=\"noopener noreferrer\"><span class=\"amazon-ep-link\">V\u00e9lo Ahora<\/span><img decoding=\"async\" class=\"amazon-ep-img\" src=\"\/wp-content\/uploads\/2017\/10\/amazon-video.png\" alt=\"V\u00e9lo Ahora Amazon Video\"><\/a><\/div>\n<p class=\"episode-description\">Recordando los a\u00f1os que vivi\u00f3 en Texas, Pati crea platillos que combinan su pasi\u00f3n por la cocina mexicana y su comida favorita tejana. Su hijo mayor, Alan, quien naci\u00f3 en Texas y completamente Tex-Mex, la acompa\u00f1a en la cocina.<\/p>\n<p class=\"ssn-featured-recipes\">Recetas de este Episodio:<\/p>\n<p>&nbsp;<\/p>\n<p><center><div class=\"post hentry ivycat-post\"><span class=\"pip-not-found\"><\/span><\/div><\/center><\/p>\n<div class=\"fork-divider\">\n<div class=\"fork-icon\"><img decoding=\"async\" src=\"\/wp-content\/uploads\/2017\/10\/fork.gif\"><\/div>\n<div class=\"div-line\">&nbsp;<\/div>\n<div>\n<p><!--Episodio 303--><\/p>\n<h2>Episodio 303: Mis Tres Ni\u00f1os Favoritos<\/h2>\n<div class=\"ep-online-container\"><a href=\"https:\/\/www.amazon.com\/gp\/video\/detail\/B072185NT3?ref_=aiv_dp_season_select\" target=\"_blank\" rel=\"noopener noreferrer\"><span class=\"amazon-ep-link\">V\u00e9lo Ahora<\/span><img decoding=\"async\" class=\"amazon-ep-img\" src=\"\/wp-content\/uploads\/2017\/10\/amazon-video.png\" alt=\"V\u00e9lo Ahora Amazon Video\"><\/a><\/div>\n<p class=\"episode-description\">Este episodio es para los tres hijos de Pati \u2014 es momento para pasar tiempo con ellos. Primero, Pati lleva a Alan, Sami y a Juju a su lugar favorito para divertirse, y luego para comer, escogen los platillos de Pati que m\u00e1s les gustan \u00bfLa \u00fanica dificultad? Le tienen que ayudar a su mam\u00e1 a preparar cada platillo.<\/p>\n<p class=\"ssn-featured-recipes\">Recetas de este Episodio:<\/p>\n<p>&nbsp;<\/p>\n<p><center><div class=\"post hentry ivycat-post\"><span class=\"pip-not-found\"><\/span><\/div><\/center><\/p>\n<div class=\"fork-divider\">\n<div class=\"fork-icon\"><img decoding=\"async\" src=\"\/wp-content\/uploads\/2017\/10\/fork.gif\"><\/div>\n<div class=\"div-line\">&nbsp;<\/div>\n<div>\n<p><!--Episodio 304--><\/p>\n<h2>Episodio 304: Comida en Minutos<\/h2>\n<div class=\"ep-online-container\"><a href=\"https:\/\/www.amazon.com\/gp\/video\/detail\/B072185NT3?ref_=aiv_dp_season_select\" target=\"_blank\" rel=\"noopener noreferrer\"><span class=\"amazon-ep-link\">V\u00e9lo Ahora<\/span><img decoding=\"async\" class=\"amazon-ep-img\" src=\"\/wp-content\/uploads\/2017\/10\/amazon-video.png\" alt=\"V\u00e9lo Ahora Amazon Video\"><\/a><\/div>\n<p class=\"episode-description\">Pati es una mam\u00e1 ocupada. Si a ti te gusta cocinar para tu familia, llevarlos a todos sus compromisos y a mil cosas m\u00e1s, necesitas comidas f\u00e1ciles y r\u00e1pidas. La hermana mayor de Pati, Karen, quien tiene hijos m\u00e1s grandes, comparte algunos de sus tips mientras visitan su restaurante en la Ciudad de M\u00e9xico. Pati, de regreso en casa, nos muestra algunos de los platillos que prepara r\u00e1pidamente entre semana.<\/p>\n<p class=\"ssn-featured-recipes\">Recetas de este Episodio:<\/p>\n<p>&nbsp;<\/p>\n<p><center><div class=\"post hentry ivycat-post\"><span class=\"pip-not-found\"><\/span><\/div><\/center><\/p>\n<div class=\"fork-divider\">\n<div class=\"fork-icon\"><img decoding=\"async\" src=\"\/wp-content\/uploads\/2017\/10\/fork.gif\"><\/div>\n<div class=\"div-line\">&nbsp;<\/div>\n<div>\n<p><!--Episodio 305--><\/p>\n<h2>Episodio 305: Fiesta Familiar<\/h2>\n<div class=\"ep-online-container\"><a href=\"https:\/\/www.amazon.com\/gp\/video\/detail\/B072185NT3?ref_=aiv_dp_season_select\" target=\"_blank\" rel=\"noopener noreferrer\"><span class=\"amazon-ep-link\">V\u00e9lo Ahora<\/span><img decoding=\"async\" class=\"amazon-ep-img\" src=\"\/wp-content\/uploads\/2017\/10\/amazon-video.png\" alt=\"V\u00e9lo Ahora Amazon Video\"><\/a><\/div>\n<p class=\"episode-description\">Todos sabemos que la comida mexicana funciona muy bien para las fiestas. En este episodio, Pati invita a unos amigos de sus hijos, y a sus pap\u00e1s, a su casa y prepara algunos de sus platillos especiales para las fiestas. En M\u00e9xico, viaja al pueblo de Quiroga, la Capital Mundial de las Carnitas, donde prueba uno de sus antojitos favoritos: el verdadero gazpacho mexicano.<\/p>\n<p class=\"ssn-featured-recipes\">Recetas de este Episodio:<\/p>\n<p>&nbsp;<\/p>\n<p><center><div class=\"post hentry ivycat-post\"><span class=\"pip-not-found\"><\/span><\/div><\/center><\/p>\n<div class=\"fork-divider\">\n<div class=\"fork-icon\"><img decoding=\"async\" src=\"\/wp-content\/uploads\/2017\/10\/fork.gif\"><\/div>\n<div class=\"div-line\">&nbsp;<\/div>\n<div>\n<p><!--Episodio 306--><\/p>\n<h2>Episodio 306: Cl\u00e1sicos Americanos a Mi Manera<\/h2>\n<div class=\"ep-online-container\"><a href=\"https:\/\/www.amazon.com\/gp\/video\/detail\/B072185NT3?ref_=aiv_dp_season_select\" target=\"_blank\" rel=\"noopener noreferrer\"><span class=\"amazon-ep-link\">V\u00e9lo Ahora<\/span><img decoding=\"async\" class=\"amazon-ep-img\" src=\"\/wp-content\/uploads\/2017\/10\/amazon-video.png\" alt=\"V\u00e9lo Ahora Amazon Video\"><\/a><\/div>\n<p class=\"episode-description\">Pati prepara algunas de las comidas norteamericanas cl\u00e1sicas con un toque mexicano ex\u00f3tico y a la vez casero. Adem\u00e1s, vemos c\u00f3mo Pati ayuda a preparar, y disfruta, los famosos hot dogs mexicanos de Richard\u2019s, en Morelia.<\/p>\n<p class=\"ssn-featured-recipes\">Recetas de este Episodio:<\/p>\n<p>&nbsp;<\/p>\n<p><center><div class=\"post hentry ivycat-post\"><span class=\"pip-not-found\"><\/span><\/div><\/center><\/p>\n<div class=\"fork-divider\">\n<div class=\"fork-icon\"><img decoding=\"async\" src=\"\/wp-content\/uploads\/2017\/10\/fork.gif\"><\/div>\n<div class=\"div-line\">&nbsp;<\/div>\n<div>\n<p><!--Episodio 307--><\/p>\n<h2>Episodio 307: Consintiendo a Mi Marido<\/h2>\n<div class=\"ep-online-container\"><a href=\"https:\/\/www.amazon.com\/gp\/video\/detail\/B072185NT3?ref_=aiv_dp_season_select\" target=\"_blank\" rel=\"noopener noreferrer\"><span class=\"amazon-ep-link\">V\u00e9lo Ahora<\/span><img decoding=\"async\" class=\"amazon-ep-img\" src=\"\/wp-content\/uploads\/2017\/10\/amazon-video.png\" alt=\"V\u00e9lo Ahora Amazon Video\"><\/a><\/div>\n<p class=\"episode-description\">Cuando eres una mama ocupada con hijos y un trabajo aparte, hay que hacer un esfuerzo para pasar tiempo a solas con tu pareja. Hoy, Pati prepara una comida especial para una cita con su esposo, Dany. Como le encantan los mariscos, le va a preparar platillos especiales para su cena rom\u00e1ntica. Pati se inspira en su viaje a Michoac\u00e1n, donde conoce a los pescadores con red.<\/p>\n<p class=\"ssn-featured-recipes\">Recetas de este Episodio:<\/p>\n<p>&nbsp;<\/p>\n<p><center><div class=\"post hentry ivycat-post\"><span class=\"pip-not-found\"><\/span><\/div><\/center><\/p>\n<div class=\"fork-divider\">\n<div class=\"fork-icon\"><img decoding=\"async\" src=\"\/wp-content\/uploads\/2017\/10\/fork.gif\"><\/div>\n<div class=\"div-line\">&nbsp;<\/div>\n<div>\n<p><!--Episodio 308--><\/p>\n<h2>Episodio 308: Influencia de As\u00eda en la Comida Mexicana<\/h2>\n<div class=\"ep-online-container\"><a href=\"https:\/\/www.amazon.com\/gp\/video\/detail\/B072185NT3?ref_=aiv_dp_season_select\" target=\"_blank\" rel=\"noopener noreferrer\"><span class=\"amazon-ep-link\">V\u00e9lo Ahora<\/span><img decoding=\"async\" class=\"amazon-ep-img\" src=\"\/wp-content\/uploads\/2017\/10\/amazon-video.png\" alt=\"V\u00e9lo Ahora Amazon Video\"><\/a><\/div>\n<p class=\"episode-description\">La fusi\u00f3n latino-asi\u00e1tica est\u00e1 de moda en la cocina, pero los inmigrantes asi\u00e1ticos han influido sobre la comida mexicana durante siglos. Pati va de compras con su amiga, la chef Janet Yu y se inspira para crear un men\u00fa lleno de comidas mexicanas con influencia asi\u00e1tica.<\/p>\n<p class=\"ssn-featured-recipes\">Recetas de este Episodio:<\/p>\n<p>&nbsp;<\/p>\n<p><center><div class=\"post hentry ivycat-post\"><span class=\"pip-not-found\"><\/span><\/div><\/center><\/p>\n<div class=\"fork-divider\">\n<div class=\"fork-icon\"><img decoding=\"async\" src=\"\/wp-content\/uploads\/2017\/10\/fork.gif\"><\/div>\n<div class=\"div-line\">&nbsp;<\/div>\n<div>\n<p><!--Episodio 309--><\/p>\n<h2>Episodio 309: Fiesta de Compartir<\/h2>\n<div class=\"ep-online-container\"><a href=\"https:\/\/www.amazon.com\/gp\/video\/detail\/B072185NT3?ref_=aiv_dp_season_select\" target=\"_blank\" rel=\"noopener noreferrer\"><span class=\"amazon-ep-link\">V\u00e9lo Ahora<\/span><img decoding=\"async\" class=\"amazon-ep-img\" src=\"\/wp-content\/uploads\/2017\/10\/amazon-video.png\" alt=\"V\u00e9lo Ahora Amazon Video\"><\/a><\/div>\n<p class=\"episode-description\">Hay fiesta de compartir en casa de Pati. Vienen varios amigos a comer y todos traen alg\u00fan platillo, nadie llega con las manos vac\u00edas. Pati le da la bienvenida a la experta en dise\u00f1o Sabrina Soto, quien comparte con nosotros algunas de sus recetas favoritas de comida cubana.<\/p>\n<p class=\"ssn-featured-recipes\">Recetas de este Episodio:<\/p>\n<p>&nbsp;<\/p>\n<p><center><div class=\"post hentry ivycat-post\"><span class=\"pip-not-found\"><\/span><\/div><\/center><\/p>\n<div class=\"fork-divider\">\n<div class=\"fork-icon\"><img decoding=\"async\" src=\"\/wp-content\/uploads\/2017\/10\/fork.gif\"><\/div>\n<div class=\"div-line\">&nbsp;<\/div>\n<div>\n<p><!--Episodio 310--><\/p>\n<h2>Episodio 310: Brunch en Casa de los Jinich<\/h2>\n<div class=\"ep-online-container\"><a href=\"https:\/\/www.amazon.com\/gp\/video\/detail\/B072185NT3?ref_=aiv_dp_season_select\" target=\"_blank\" rel=\"noopener noreferrer\"><span class=\"amazon-ep-link\">V\u00e9lo Ahora<\/span><img decoding=\"async\" class=\"amazon-ep-img\" src=\"\/wp-content\/uploads\/2017\/10\/amazon-video.png\" alt=\"V\u00e9lo Ahora Amazon Video\"><\/a><\/div>\n<p class=\"episode-description\">El desayuno es la comida favorita en M\u00e9xico, igual que de la familia Jinich. Como es domingo, Pati est\u00e1 desde temprano en la cocina mientras los dem\u00e1s duermen, para preparar un men\u00fa completo de tres tiempos. Incluir\u00e1 algunos de los platillos para desayunar favoritos de su familia, para disfrutarlos sin prisa durante un largo desayuno dominical.<\/p>\n<p class=\"ssn-featured-recipes\">Recetas de este Episodio:<\/p>\n<p>&nbsp;<\/p>\n<p><center><div class=\"post hentry ivycat-post\"><span class=\"pip-not-found\"><\/span><\/div><\/center><\/p>\n<div class=\"fork-divider\">\n<div class=\"fork-icon\"><img decoding=\"async\" src=\"\/wp-content\/uploads\/2017\/10\/fork.gif\"><\/div>\n<div class=\"div-line\">&nbsp;<\/div>\n<div>\n<p><!--Episodio 311--><\/p>\n<h2>Episodio 311: Comida Mex-Italiana<\/h2>\n<div class=\"ep-online-container\"><a href=\"https:\/\/www.amazon.com\/gp\/video\/detail\/B072185NT3?ref_=aiv_dp_season_select\" target=\"_blank\" rel=\"noopener noreferrer\"><span class=\"amazon-ep-link\">V\u00e9lo Ahora<\/span><img decoding=\"async\" class=\"amazon-ep-img\" src=\"\/wp-content\/uploads\/2017\/10\/amazon-video.png\" alt=\"V\u00e9lo Ahora Amazon Video\"><\/a><\/div>\n<p class=\"episode-description\">Pati se divierte en su cocina preparando un men\u00fa completo combinando perfectamente la comida mexicana y la italiana. Ambas comidas se han fusionado en los hogares mexicanos durante siglos.<\/p>\n<p class=\"ssn-featured-recipes\">Recetas de este Episodio:<\/p>\n<p>&nbsp;<\/p>\n<p><center><div class=\"post hentry ivycat-post\"><span class=\"pip-not-found\"><\/span><\/div><\/center><\/p>\n<div class=\"fork-divider\">\n<div class=\"fork-icon\"><img decoding=\"async\" src=\"\/wp-content\/uploads\/2017\/10\/fork.gif\"><\/div>\n<div class=\"div-line\">&nbsp;<\/div>\n<div>\n<p><!--Episodio 312--><\/p>\n<h2>Episodio 312: Con Las Amigas<\/h2>\n<div class=\"ep-online-container\"><a href=\"https:\/\/www.amazon.com\/gp\/video\/detail\/B072185NT3?ref_=aiv_dp_season_select\" target=\"_blank\" rel=\"noopener noreferrer\"><span class=\"amazon-ep-link\">V\u00e9lo Ahora<\/span><img decoding=\"async\" class=\"amazon-ep-img\" src=\"\/wp-content\/uploads\/2017\/10\/amazon-video.png\" alt=\"V\u00e9lo Ahora Amazon Video\"><\/a><\/div>\n<p class=\"episode-description\">Pati invita a sus amigas para pasar una velada divertida. Solo que sus amigas van a ayudarla a usar su asador, para preparar un men\u00fa delicioso de comida mexicana con un toque BBQ. Una de las hermanas de Pati llega para ayudarla a preparar algunas bebidas.<\/p>\n<p class=\"ssn-featured-recipes\">Recetas de este Episodio:<\/p>\n<p>&nbsp;<\/p>\n<p><center><div class=\"post hentry ivycat-post\"><span class=\"pip-not-found\"><\/span><\/div><\/center><\/p>\n<div class=\"fork-divider\">\n<div class=\"fork-icon\"><img decoding=\"async\" src=\"\/wp-content\/uploads\/2017\/10\/fork.gif\"><\/div>\n<div class=\"div-line\">&nbsp;<\/div>\n<div>\n<p><!--Episodio 313--><\/p>\n<h2>Episodio 313: Mi Fiesta con Pi\u00f1ata<\/h2>\n<div class=\"ep-online-container\"><a href=\"https:\/\/www.amazon.com\/gp\/video\/detail\/B072185NT3?ref_=aiv_dp_season_select\" target=\"_blank\" rel=\"noopener noreferrer\"><span class=\"amazon-ep-link\">V\u00e9lo Ahora<\/span><img decoding=\"async\" class=\"amazon-ep-img\" src=\"\/wp-content\/uploads\/2017\/10\/amazon-video.png\" alt=\"V\u00e9lo Ahora Amazon Video\"><\/a><\/div>\n<p class=\"episode-description\">\u00bfQu\u00e9 mejor forma de cerrar la temporada que con una gran fiesta? Pati organiza una fiesta con sus vecinos y prepara platillos mexicanos f\u00e1ciles que ser\u00e1n un \u00e9xito en cualquier reuni\u00f3n. Claro, no puede faltar una pin\u0303ata gigante. Pati visita un puesto de pi\u00f1atas en el mercado principal de Morelia.<\/p>\n<p class=\"ssn-featured-recipes\">Recetas de este Episodio:<\/p>\n<p>&nbsp;<\/p>\n<p><center><div class=\"post hentry ivycat-post\"><span class=\"pip-not-found\"><\/span><\/div><\/center><\/p>\n<div class=\"fork-divider\">\n<div class=\"fork-icon\"><img decoding=\"async\" src=\"\/wp-content\/uploads\/2017\/10\/fork.gif\"><\/div>\n<div class=\"div-line\">&nbsp;<\/div>\n<div>&nbsp;<\/div>\n<\/div>\n<\/div>\n<\/div>\n<\/div>\n<\/div>\n<\/div>\n<\/div>\n<\/div>\n<\/div>\n<\/div>\n<\/div>\n<\/div>\n<\/div>\n<\/div>\n<\/div>\n<\/div>\n<\/div>\n<\/div>\n<\/div>\n<\/div>\n<\/div>\n<\/div>\n<\/div>\n<\/div>\n<\/div>\n","protected":false},"excerpt":{"rendered":"<p>Pati&#8217;s Mexican Table Temporada 3 Episodio 301: Desde La Cocina V\u00e9lo Ahora Pati viaja a la Ciudad de M\u00e9xico para ver a su pap\u00e1, y le ayuda a cocinar uno de sus platillos favoritos de ni\u00f1a: huevos a la mexicana. En su propia cocina, usa esa visita como inspiraci\u00f3n para cocinar algunos platillos que le [&hellip;]<\/p>\n","protected":false},"author":2,"featured_media":0,"parent":5037,"menu_order":0,"comment_status":"closed","ping_status":"closed","template":"page-templates\/page_tvseasonrecipes.php","meta":{"_acf_changed":false,"wprm-recipe-roundup-name":"","wprm-recipe-roundup-description":"","footnotes":""},"class_list":["post-57","page","type-page","status-publish","hentry","has-green-color"],"acf":[],"yoast_head":"<!-- This site is optimized with the Yoast SEO plugin v22.0 - https:\/\/yoast.com\/wordpress\/plugins\/seo\/ -->\n<title>Temporada 3 - Pati Jinich en Espa\u00f1ol<\/title>\n<meta name=\"robots\" content=\"index, follow, max-snippet:-1, max-image-preview:large, max-video-preview:-1\" \/>\n<link rel=\"canonical\" href=\"https:\/\/patijinich.com\/es\/programa\/patis-mexican-table-temporada-3\/\" \/>\n<meta property=\"og:locale\" content=\"es_MX\" \/>\n<meta property=\"og:type\" content=\"article\" \/>\n<meta property=\"og:title\" content=\"Temporada 3 - Pati Jinich en Espa\u00f1ol\" \/>\n<meta property=\"og:description\" content=\"Pati&#8217;s Mexican Table Temporada 3 Episodio 301: Desde La Cocina V\u00e9lo Ahora Pati viaja a la Ciudad de M\u00e9xico para ver a su pap\u00e1, y le ayuda a cocinar uno de sus platillos favoritos de ni\u00f1a: huevos a la mexicana. En su propia cocina, usa esa visita como inspiraci\u00f3n para cocinar algunos platillos que le [&hellip;]\" \/>\n<meta property=\"og:url\" content=\"https:\/\/patijinich.com\/es\/programa\/patis-mexican-table-temporada-3\/\" \/>\n<meta property=\"og:site_name\" content=\"Pati Jinich en Espa\u00f1ol\" \/>\n<meta property=\"article:modified_time\" content=\"2019-07-30T17:16:56+00:00\" \/>\n<meta name=\"twitter:card\" content=\"summary_large_image\" \/>\n<meta name=\"twitter:label1\" content=\"Tiempo de lectura\" \/>\n\t<meta name=\"twitter:data1\" content=\"5 minutos\" \/>\n<script type=\"application\/ld+json\" class=\"yoast-schema-graph\">{\"@context\":\"https:\/\/schema.org\",\"@graph\":[{\"@type\":\"WebPage\",\"@id\":\"https:\/\/patijinich.com\/es\/programa\/patis-mexican-table-temporada-3\/\",\"url\":\"https:\/\/patijinich.com\/es\/programa\/patis-mexican-table-temporada-3\/\",\"name\":\"Temporada 3 - Pati Jinich en Espa\u00f1ol\",\"isPartOf\":{\"@id\":\"https:\/\/patijinich.com\/es\/#website\"},\"datePublished\":\"2017-05-23T17:17:38+00:00\",\"dateModified\":\"2019-07-30T17:16:56+00:00\",\"breadcrumb\":{\"@id\":\"https:\/\/patijinich.com\/es\/programa\/patis-mexican-table-temporada-3\/#breadcrumb\"},\"inLanguage\":\"es\",\"potentialAction\":[{\"@type\":\"ReadAction\",\"target\":[\"https:\/\/patijinich.com\/es\/programa\/patis-mexican-table-temporada-3\/\"]}]},{\"@type\":\"BreadcrumbList\",\"@id\":\"https:\/\/patijinich.com\/es\/programa\/patis-mexican-table-temporada-3\/#breadcrumb\",\"itemListElement\":[{\"@type\":\"ListItem\",\"position\":1,\"name\":\"Home\",\"item\":\"https:\/\/patijinich.com\/es\/\"},{\"@type\":\"ListItem\",\"position\":2,\"name\":\"Programa\",\"item\":\"https:\/\/patijinich.com\/es\/programa\/\"},{\"@type\":\"ListItem\",\"position\":3,\"name\":\"Temporada 3\"}]},{\"@type\":\"WebSite\",\"@id\":\"https:\/\/patijinich.com\/es\/#website\",\"url\":\"https:\/\/patijinich.com\/es\/\",\"name\":\"Pati Jinich en Espa\u00f1ol\",\"description\":\"Pati Jinich es la anfitriona del popular programa de la PBS Pati&#039;s Mexican Table, nominado a los premios Emmy and James Beard, autora de dos libros de cocina y chef residente en el Instituto Cultural Mexicano en Washington, D.C. Esta es su p\u00e1gina oficial, en la comparte recetas de su programa y recetas nuevas en su blog, eventos pr\u00f3ximos, noticias recientes y m\u00e1s.\",\"potentialAction\":[{\"@type\":\"SearchAction\",\"target\":{\"@type\":\"EntryPoint\",\"urlTemplate\":\"https:\/\/patijinich.com\/es\/?s={search_term_string}\"},\"query-input\":\"required name=search_term_string\"}],\"inLanguage\":\"es\"}]}<\/script>\n<!-- \/ Yoast SEO plugin. -->","yoast_head_json":{"title":"Temporada 3 - Pati Jinich en Espa\u00f1ol","robots":{"index":"index","follow":"follow","max-snippet":"max-snippet:-1","max-image-preview":"max-image-preview:large","max-video-preview":"max-video-preview:-1"},"canonical":"https:\/\/patijinich.com\/es\/programa\/patis-mexican-table-temporada-3\/","og_locale":"es_MX","og_type":"article","og_title":"Temporada 3 - Pati Jinich en Espa\u00f1ol","og_description":"Pati&#8217;s Mexican Table Temporada 3 Episodio 301: Desde La Cocina V\u00e9lo Ahora Pati viaja a la Ciudad de M\u00e9xico para ver a su pap\u00e1, y le ayuda a cocinar uno de sus platillos favoritos de ni\u00f1a: huevos a la mexicana. En su propia cocina, usa esa visita como inspiraci\u00f3n para cocinar algunos platillos que le [&hellip;]","og_url":"https:\/\/patijinich.com\/es\/programa\/patis-mexican-table-temporada-3\/","og_site_name":"Pati Jinich en Espa\u00f1ol","article_modified_time":"2019-07-30T17:16:56+00:00","twitter_card":"summary_large_image","twitter_misc":{"Tiempo de lectura":"5 minutos"},"schema":{"@context":"https:\/\/schema.org","@graph":[{"@type":"WebPage","@id":"https:\/\/patijinich.com\/es\/programa\/patis-mexican-table-temporada-3\/","url":"https:\/\/patijinich.com\/es\/programa\/patis-mexican-table-temporada-3\/","name":"Temporada 3 - Pati Jinich en Espa\u00f1ol","isPartOf":{"@id":"https:\/\/patijinich.com\/es\/#website"},"datePublished":"2017-05-23T17:17:38+00:00","dateModified":"2019-07-30T17:16:56+00:00","breadcrumb":{"@id":"https:\/\/patijinich.com\/es\/programa\/patis-mexican-table-temporada-3\/#breadcrumb"},"inLanguage":"es","potentialAction":[{"@type":"ReadAction","target":["https:\/\/patijinich.com\/es\/programa\/patis-mexican-table-temporada-3\/"]}]},{"@type":"BreadcrumbList","@id":"https:\/\/patijinich.com\/es\/programa\/patis-mexican-table-temporada-3\/#breadcrumb","itemListElement":[{"@type":"ListItem","position":1,"name":"Home","item":"https:\/\/patijinich.com\/es\/"},{"@type":"ListItem","position":2,"name":"Programa","item":"https:\/\/patijinich.com\/es\/programa\/"},{"@type":"ListItem","position":3,"name":"Temporada 3"}]},{"@type":"WebSite","@id":"https:\/\/patijinich.com\/es\/#website","url":"https:\/\/patijinich.com\/es\/","name":"Pati Jinich en Espa\u00f1ol","description":"Pati Jinich es la anfitriona del popular programa de la PBS Pati&#039;s Mexican Table, nominado a los premios Emmy and James Beard, autora de dos libros de cocina y chef residente en el Instituto Cultural Mexicano en Washington, D.C. Esta es su p\u00e1gina oficial, en la comparte recetas de su programa y recetas nuevas en su blog, eventos pr\u00f3ximos, noticias recientes y m\u00e1s.","potentialAction":[{"@type":"SearchAction","target":{"@type":"EntryPoint","urlTemplate":"https:\/\/patijinich.com\/es\/?s={search_term_string}"},"query-input":"required name=search_term_string"}],"inLanguage":"es"}]}},"_links":{"self":[{"href":"https:\/\/patijinich.com\/es\/wp-json\/wp\/v2\/pages\/57","targetHints":{"allow":["GET"]}}],"collection":[{"href":"https:\/\/patijinich.com\/es\/wp-json\/wp\/v2\/pages"}],"about":[{"href":"https:\/\/patijinich.com\/es\/wp-json\/wp\/v2\/types\/page"}],"author":[{"embeddable":true,"href":"https:\/\/patijinich.com\/es\/wp-json\/wp\/v2\/users\/2"}],"replies":[{"embeddable":true,"href":"https:\/\/patijinich.com\/es\/wp-json\/wp\/v2\/comments?post=57"}],"version-history":[{"count":7,"href":"https:\/\/patijinich.com\/es\/wp-json\/wp\/v2\/pages\/57\/revisions"}],"predecessor-version":[{"id":11128,"href":"https:\/\/patijinich.com\/es\/wp-json\/wp\/v2\/pages\/57\/revisions\/11128"}],"up":[{"embeddable":true,"href":"https:\/\/patijinich.com\/es\/wp-json\/wp\/v2\/pages\/5037"}],"wp:attachment":[{"href":"https:\/\/patijinich.com\/es\/wp-json\/wp\/v2\/media?parent=57"}],"curies":[{"name":"wp","href":"https:\/\/api.w.org\/{rel}","templated":true}]}}