{"id":60,"date":"2017-05-23T17:21:29","date_gmt":"2017-05-23T17:21:29","guid":{"rendered":"http:\/\/patijinich.com\/es\/?page_id=60"},"modified":"2017-12-28T21:19:59","modified_gmt":"2017-12-28T21:19:59","slug":"patis-mexican-table-temporada-2","status":"publish","type":"page","link":"https:\/\/patijinich.com\/es\/programa\/patis-mexican-table-temporada-2\/","title":{"rendered":"Temporada 2"},"content":{"rendered":"<h1>Pati&#8217;s Mexican Table Temporada 2<\/h1>\n<p><!--Episodio 201--><\/p>\n<h2>Episodio 201: M\u00e9xico: Batallas Culinarias<\/h2>\n<p>S\u00fabete al ring de la Lucha Libre y experimenta el esp\u00edritu combativo que alimenta la pasi\u00f3n por la comida mexicana. Estas recetas cl\u00e1sicas provocan discusiones acaloradas en M\u00e9xico, pero son deliciosas sin importar por cu\u00e1l te decidas.<\/p>\n<p class=\"ssn-featured-recipes\">Recetas de este Episodio:<\/p>\n<p><center><div class=\"post hentry ivycat-post\"><span class=\"pip-not-found\"><\/span><\/div><\/center><\/p>\n<div class=\"fork-divider\">\n<div class=\"fork-icon\"><img decoding=\"async\" src=\"\/wp-content\/uploads\/2017\/10\/fork.gif\" \/><\/div>\n<div class=\"div-line\"><\/div>\n<div>\n<p><!--Episodio 202--><\/p>\n<h2>Episodio 202: Lunch Escolar a la Mexicana<\/h2>\n<p>La misma comida que los padres empacan para el lunch de sus hijos en M\u00e9xico, es ideal para el lunch escolar de cualquier lugar. Estos platillos son tan ricos y sustanciosos, que hasta los adultos los querr\u00e1n para su propio lunch.<\/p>\n<p class=\"ssn-featured-recipes\">Recetas de este Episodio:<\/p>\n<p><center><div class=\"post hentry ivycat-post\"><span class=\"pip-not-found\"><\/span><\/div><\/center><\/p>\n<div class=\"fork-divider\">\n<div class=\"fork-icon\"><img decoding=\"async\" src=\"\/wp-content\/uploads\/2017\/10\/fork.gif\" \/><\/div>\n<div class=\"div-line\"><\/div>\n<div>\n<p><!--Episodio 203--><\/p>\n<h2>Episodio 203: M\u00e9xico con un Toque Franc\u00e9s<\/h2>\n<p>Echamos un vistazo a la forma en que la cocina francesa ha influido hist\u00f3ricamente en la cocina mexicana moderna, y nos explica t\u00e9cnicas sencillas que cualquiera puede usar con resultados impresionantes.<\/p>\n<p class=\"ssn-featured-recipes\">Recetas de este Episodio:<\/p>\n<p><center><div class=\"post hentry ivycat-post\"><span class=\"pip-not-found\"><\/span><\/div><\/center><\/p>\n<div class=\"fork-divider\">\n<div class=\"fork-icon\"><img decoding=\"async\" src=\"\/wp-content\/uploads\/2017\/10\/fork.gif\" \/><\/div>\n<div class=\"div-line\"><\/div>\n<div>\n<p><!--Episodio 204--><\/p>\n<h2>Episodio 204: Comida Casera<\/h2>\n<p>Comida sencilla, f\u00e1cil y casera que puedes encontrar en cualquier hogar mexicano. Esta es la comida del diario favorita de Pati cuando era ni\u00f1a en M\u00e9xico. Ahora, la prepara con frecuencia para su familia. Nos comparte con orgullo las recetas para que tambi\u00e9n la puedas disfrutar.<\/p>\n<p class=\"ssn-featured-recipes\">Recetas de este Episodio:<\/p>\n<p><center><div class=\"post hentry ivycat-post\"><span class=\"pip-not-found\"><\/span><\/div><\/center><\/p>\n<div class=\"fork-divider\">\n<div class=\"fork-icon\"><img decoding=\"async\" src=\"\/wp-content\/uploads\/2017\/10\/fork.gif\" \/><\/div>\n<div class=\"div-line\"><\/div>\n<div>\n<p><!--Episodio 205--><\/p>\n<h2>Episodio 205: Fiesta Infantil Mexicana<\/h2>\n<p>Comida divertida, para ni\u00f1os, y que puedes comer con los dedos (casi toda), que encuentras en las fiestas infantiles mexicanas, adaptadas para tu fiesta en casa. Un invitado especial es el encargado del postre.<\/p>\n<p class=\"ssn-featured-recipes\">Recetas de este Episodio:<\/p>\n<p><center><div class=\"post hentry ivycat-post\"><span class=\"pip-not-found\"><\/span><\/div><\/center><\/p>\n<div class=\"fork-divider\">\n<div class=\"fork-icon\"><img decoding=\"async\" src=\"\/wp-content\/uploads\/2017\/10\/fork.gif\" \/><\/div>\n<div class=\"div-line\"><\/div>\n<div>\n<p><!--Episodio 206--><\/p>\n<h2>Episodio 206: Los Favoritos de la Fonda<\/h2>\n<p>En M\u00e9xico, estos platillos caseros son b\u00e1sicos en las fondas \u2014 y son una inspiraci\u00f3n deliciosa para los cocineros en todas partes. Prep\u00e1ralos una vez, y se convertir\u00e1n en platillos b\u00e1sicos en tu propia cocina.<\/p>\n<p class=\"ssn-featured-recipes\">Recetas de este Episodio:<\/p>\n<p><center><div class=\"post hentry ivycat-post\"><span class=\"pip-not-found\"><\/span><\/div><\/center><\/p>\n<div class=\"fork-divider\">\n<div class=\"fork-icon\"><img decoding=\"async\" src=\"\/wp-content\/uploads\/2017\/10\/fork.gif\" \/><\/div>\n<div class=\"div-line\"><\/div>\n<div>\n<p><!--Episodio 207--><\/p>\n<h2>Episodio 207: Desayuno Familiar<\/h2>\n<p>El desayuno de tus sue\u00f1os preparado por Pati y su hermana Alisa. Este episodio incluye platillos simples y r\u00e1pidos y otros para todo un fest\u00edn en el desayuno.<\/p>\n<p class=\"ssn-featured-recipes\">Recetas de este Episodio:<\/p>\n<p><center><div class=\"post hentry ivycat-post\"><span class=\"pip-not-found\"><\/span><\/div><\/center><\/p>\n<div class=\"fork-divider\">\n<div class=\"fork-icon\"><img decoding=\"async\" src=\"\/wp-content\/uploads\/2017\/10\/fork.gif\" \/><\/div>\n<div class=\"div-line\"><\/div>\n<div>\n<p><!--Episodio 208--><\/p>\n<h2>Episodio 208: \u00a1Tequila!<\/h2>\n<p>Este episodio le da un giro al tequila al usarlo en varias recetas ricas, dulces y saladas, que seguro impresionar\u00e1n a tus invitados. Un mix\u00f3logo famoso le muestra a Pati c\u00f3mo preparar un coctel \u00fanico, y Pati usa el tequila para flamear un plato principal.<\/p>\n<p class=\"ssn-featured-recipes\">Recetas de este Episodio:<\/p>\n<p><center><div class=\"post hentry ivycat-post\"><span class=\"pip-not-found\"><\/span><\/div><\/center><\/p>\n<div class=\"fork-divider\">\n<div class=\"fork-icon\"><img decoding=\"async\" src=\"\/wp-content\/uploads\/2017\/10\/fork.gif\" \/><\/div>\n<div class=\"div-line\"><\/div>\n<div>\n<p><!--Episodio 209--><\/p>\n<h2>Episodio 209: Xochimilco: Cocina con Flores<\/h2>\n<p>Pati te lleva a Xochimilco, donde est\u00e1n los famosos jardines flotantes, y espolvorea algunas flores en platillos impresionantes pero f\u00e1ciles de preparar.<\/p>\n<p class=\"ssn-featured-recipes\">Recetas de este Episodio:<\/p>\n<p><center><div class=\"post hentry ivycat-post\"><span class=\"pip-not-found\"><\/span><\/div><\/center><\/p>\n<div class=\"fork-divider\">\n<div class=\"fork-icon\"><img decoding=\"async\" src=\"\/wp-content\/uploads\/2017\/10\/fork.gif\" \/><\/div>\n<div class=\"div-line\"><\/div>\n<div>\n<p><!--Episodio 210--><\/p>\n<h2>Episodio 210: Comida Mexicana Para Chuparse los Dedos<\/h2>\n<p>A\u00f1adir algunos ingredientes mexicanos clave a lo que ya tienes en la alacena y el refrigerador, da como resultado platillos que te mueres de lo rico que est\u00e1n.<\/p>\n<p class=\"ssn-featured-recipes\">Recetas de este Episodio:<\/p>\n<p><center><div class=\"post hentry ivycat-post\"><span class=\"pip-not-found\"><\/span><\/div><\/center><\/p>\n<div class=\"fork-divider\">\n<div class=\"fork-icon\"><img decoding=\"async\" src=\"\/wp-content\/uploads\/2017\/10\/fork.gif\" \/><\/div>\n<div class=\"div-line\"><\/div>\n<div>\n<p><!--Episodio 211--><\/p>\n<h2>Episodio 211: Puebla: Comida de Una Joya Colonial<\/h2>\n<p>Viaja con Pati al Estado de Puebla para ver por qu\u00e9 no solo es el lugar de la legendaria Batalla del Cinco de Mayo, sino hogar tambi\u00e9n de parte de la comida m\u00e1s rica del pa\u00eds.<\/p>\n<p class=\"ssn-featured-recipes\">Recetas de este Episodio:<\/p>\n<p><center><div class=\"post hentry ivycat-post\"><span class=\"pip-not-found\"><\/span><\/div><\/center><\/p>\n<div class=\"fork-divider\">\n<div class=\"fork-icon\"><img decoding=\"async\" src=\"\/wp-content\/uploads\/2017\/10\/fork.gif\" \/><\/div>\n<div class=\"div-line\"><\/div>\n<div>\n<p><!--Episodio 212--><\/p>\n<h2>Episodio 212: Tacos, Tacos y M\u00e1s Tacos<\/h2>\n<p>Explora tres versiones diferentes, aut\u00e9nticas y sencilla de los tacos mexicanos, una de las comidas m\u00e1s representativas del pa\u00eds.<\/p>\n<p class=\"ssn-featured-recipes\">Recetas de este Episodio:<\/p>\n<p><center><div class=\"post hentry ivycat-post\"><span class=\"pip-not-found\"><\/span><\/div><\/center><\/p>\n<div class=\"fork-divider\">\n<div class=\"fork-icon\"><img decoding=\"async\" src=\"\/wp-content\/uploads\/2017\/10\/fork.gif\" \/><\/div>\n<div class=\"div-line\"><\/div>\n<div>\n<p><!--Episodio 213--><\/p>\n<h2>Episodio 213: Comida Mexicana: Naturalmente Vegetariana<\/h2>\n<p>Olv\u00eddate de la soya y del tofu; estas recetas aut\u00e9nticamente mexicanas tienen de estelares a las verduras y a las frutas.<\/p>\n<p class=\"ssn-featured-recipes\">Recetas de este Episodio:<\/p>\n<p><center><div class=\"post hentry ivycat-post\"><span class=\"pip-not-found\"><\/span><\/div><\/center><\/p>\n<div class=\"fork-divider\">\n<div class=\"fork-icon\"><img decoding=\"async\" src=\"\/wp-content\/uploads\/2017\/10\/fork.gif\" \/><\/div>\n<div class=\"div-line\"><\/div>\n<div>\n","protected":false},"excerpt":{"rendered":"<p>Pati&#8217;s Mexican Table Temporada 2 Episodio 201: M\u00e9xico: Batallas Culinarias S\u00fabete al ring de la Lucha Libre y experimenta el esp\u00edritu combativo que alimenta la pasi\u00f3n por la comida mexicana. Estas recetas cl\u00e1sicas provocan discusiones acaloradas en M\u00e9xico, pero son deliciosas sin importar por cu\u00e1l te decidas. Recetas de este Episodio: Episodio 202: Lunch Escolar [&hellip;]<\/p>\n","protected":false},"author":2,"featured_media":0,"parent":5037,"menu_order":0,"comment_status":"closed","ping_status":"closed","template":"page-templates\/page_tvseasonrecipes.php","meta":{"_acf_changed":false,"wprm-recipe-roundup-name":"","wprm-recipe-roundup-description":"","footnotes":""},"class_list":["post-60","page","type-page","status-publish","hentry","has-green-color"],"acf":[],"yoast_head":"<!-- This site is optimized with the Yoast SEO plugin v22.0 - https:\/\/yoast.com\/wordpress\/plugins\/seo\/ -->\n<title>Temporada 2 - Pati Jinich en Espa\u00f1ol<\/title>\n<meta name=\"robots\" content=\"index, follow, max-snippet:-1, max-image-preview:large, max-video-preview:-1\" \/>\n<link rel=\"canonical\" href=\"https:\/\/patijinich.com\/es\/programa\/patis-mexican-table-temporada-2\/\" \/>\n<meta property=\"og:locale\" content=\"es_MX\" \/>\n<meta property=\"og:type\" content=\"article\" \/>\n<meta property=\"og:title\" content=\"Temporada 2 - Pati Jinich en Espa\u00f1ol\" \/>\n<meta property=\"og:description\" content=\"Pati&#8217;s Mexican Table Temporada 2 Episodio 201: M\u00e9xico: Batallas Culinarias S\u00fabete al ring de la Lucha Libre y experimenta el esp\u00edritu combativo que alimenta la pasi\u00f3n por la comida mexicana. Estas recetas cl\u00e1sicas provocan discusiones acaloradas en M\u00e9xico, pero son deliciosas sin importar por cu\u00e1l te decidas. Recetas de este Episodio: Episodio 202: Lunch Escolar [&hellip;]\" \/>\n<meta property=\"og:url\" content=\"https:\/\/patijinich.com\/es\/programa\/patis-mexican-table-temporada-2\/\" \/>\n<meta property=\"og:site_name\" content=\"Pati Jinich en Espa\u00f1ol\" \/>\n<meta property=\"article:modified_time\" content=\"2017-12-28T21:19:59+00:00\" \/>\n<meta name=\"twitter:card\" content=\"summary_large_image\" \/>\n<meta name=\"twitter:label1\" content=\"Tiempo de lectura\" \/>\n\t<meta name=\"twitter:data1\" content=\"4 minutos\" \/>\n<script type=\"application\/ld+json\" class=\"yoast-schema-graph\">{\"@context\":\"https:\/\/schema.org\",\"@graph\":[{\"@type\":\"WebPage\",\"@id\":\"https:\/\/patijinich.com\/es\/programa\/patis-mexican-table-temporada-2\/\",\"url\":\"https:\/\/patijinich.com\/es\/programa\/patis-mexican-table-temporada-2\/\",\"name\":\"Temporada 2 - Pati Jinich en Espa\u00f1ol\",\"isPartOf\":{\"@id\":\"https:\/\/patijinich.com\/es\/#website\"},\"datePublished\":\"2017-05-23T17:21:29+00:00\",\"dateModified\":\"2017-12-28T21:19:59+00:00\",\"breadcrumb\":{\"@id\":\"https:\/\/patijinich.com\/es\/programa\/patis-mexican-table-temporada-2\/#breadcrumb\"},\"inLanguage\":\"es\",\"potentialAction\":[{\"@type\":\"ReadAction\",\"target\":[\"https:\/\/patijinich.com\/es\/programa\/patis-mexican-table-temporada-2\/\"]}]},{\"@type\":\"BreadcrumbList\",\"@id\":\"https:\/\/patijinich.com\/es\/programa\/patis-mexican-table-temporada-2\/#breadcrumb\",\"itemListElement\":[{\"@type\":\"ListItem\",\"position\":1,\"name\":\"Home\",\"item\":\"https:\/\/patijinich.com\/es\/\"},{\"@type\":\"ListItem\",\"position\":2,\"name\":\"Programa\",\"item\":\"https:\/\/patijinich.com\/es\/programa\/\"},{\"@type\":\"ListItem\",\"position\":3,\"name\":\"Temporada 2\"}]},{\"@type\":\"WebSite\",\"@id\":\"https:\/\/patijinich.com\/es\/#website\",\"url\":\"https:\/\/patijinich.com\/es\/\",\"name\":\"Pati Jinich en Espa\u00f1ol\",\"description\":\"Pati Jinich es la anfitriona del popular programa de la PBS Pati&#039;s Mexican Table, nominado a los premios Emmy and James Beard, autora de dos libros de cocina y chef residente en el Instituto Cultural Mexicano en Washington, D.C. Esta es su p\u00e1gina oficial, en la comparte recetas de su programa y recetas nuevas en su blog, eventos pr\u00f3ximos, noticias recientes y m\u00e1s.\",\"potentialAction\":[{\"@type\":\"SearchAction\",\"target\":{\"@type\":\"EntryPoint\",\"urlTemplate\":\"https:\/\/patijinich.com\/es\/?s={search_term_string}\"},\"query-input\":\"required name=search_term_string\"}],\"inLanguage\":\"es\"}]}<\/script>\n<!-- \/ Yoast SEO plugin. -->","yoast_head_json":{"title":"Temporada 2 - Pati Jinich en Espa\u00f1ol","robots":{"index":"index","follow":"follow","max-snippet":"max-snippet:-1","max-image-preview":"max-image-preview:large","max-video-preview":"max-video-preview:-1"},"canonical":"https:\/\/patijinich.com\/es\/programa\/patis-mexican-table-temporada-2\/","og_locale":"es_MX","og_type":"article","og_title":"Temporada 2 - Pati Jinich en Espa\u00f1ol","og_description":"Pati&#8217;s Mexican Table Temporada 2 Episodio 201: M\u00e9xico: Batallas Culinarias S\u00fabete al ring de la Lucha Libre y experimenta el esp\u00edritu combativo que alimenta la pasi\u00f3n por la comida mexicana. Estas recetas cl\u00e1sicas provocan discusiones acaloradas en M\u00e9xico, pero son deliciosas sin importar por cu\u00e1l te decidas. Recetas de este Episodio: Episodio 202: Lunch Escolar [&hellip;]","og_url":"https:\/\/patijinich.com\/es\/programa\/patis-mexican-table-temporada-2\/","og_site_name":"Pati Jinich en Espa\u00f1ol","article_modified_time":"2017-12-28T21:19:59+00:00","twitter_card":"summary_large_image","twitter_misc":{"Tiempo de lectura":"4 minutos"},"schema":{"@context":"https:\/\/schema.org","@graph":[{"@type":"WebPage","@id":"https:\/\/patijinich.com\/es\/programa\/patis-mexican-table-temporada-2\/","url":"https:\/\/patijinich.com\/es\/programa\/patis-mexican-table-temporada-2\/","name":"Temporada 2 - Pati Jinich en Espa\u00f1ol","isPartOf":{"@id":"https:\/\/patijinich.com\/es\/#website"},"datePublished":"2017-05-23T17:21:29+00:00","dateModified":"2017-12-28T21:19:59+00:00","breadcrumb":{"@id":"https:\/\/patijinich.com\/es\/programa\/patis-mexican-table-temporada-2\/#breadcrumb"},"inLanguage":"es","potentialAction":[{"@type":"ReadAction","target":["https:\/\/patijinich.com\/es\/programa\/patis-mexican-table-temporada-2\/"]}]},{"@type":"BreadcrumbList","@id":"https:\/\/patijinich.com\/es\/programa\/patis-mexican-table-temporada-2\/#breadcrumb","itemListElement":[{"@type":"ListItem","position":1,"name":"Home","item":"https:\/\/patijinich.com\/es\/"},{"@type":"ListItem","position":2,"name":"Programa","item":"https:\/\/patijinich.com\/es\/programa\/"},{"@type":"ListItem","position":3,"name":"Temporada 2"}]},{"@type":"WebSite","@id":"https:\/\/patijinich.com\/es\/#website","url":"https:\/\/patijinich.com\/es\/","name":"Pati Jinich en Espa\u00f1ol","description":"Pati Jinich es la anfitriona del popular programa de la PBS Pati&#039;s Mexican Table, nominado a los premios Emmy and James Beard, autora de dos libros de cocina y chef residente en el Instituto Cultural Mexicano en Washington, D.C. Esta es su p\u00e1gina oficial, en la comparte recetas de su programa y recetas nuevas en su blog, eventos pr\u00f3ximos, noticias recientes y m\u00e1s.","potentialAction":[{"@type":"SearchAction","target":{"@type":"EntryPoint","urlTemplate":"https:\/\/patijinich.com\/es\/?s={search_term_string}"},"query-input":"required name=search_term_string"}],"inLanguage":"es"}]}},"_links":{"self":[{"href":"https:\/\/patijinich.com\/es\/wp-json\/wp\/v2\/pages\/60","targetHints":{"allow":["GET"]}}],"collection":[{"href":"https:\/\/patijinich.com\/es\/wp-json\/wp\/v2\/pages"}],"about":[{"href":"https:\/\/patijinich.com\/es\/wp-json\/wp\/v2\/types\/page"}],"author":[{"embeddable":true,"href":"https:\/\/patijinich.com\/es\/wp-json\/wp\/v2\/users\/2"}],"replies":[{"embeddable":true,"href":"https:\/\/patijinich.com\/es\/wp-json\/wp\/v2\/comments?post=60"}],"version-history":[{"count":4,"href":"https:\/\/patijinich.com\/es\/wp-json\/wp\/v2\/pages\/60\/revisions"}],"predecessor-version":[{"id":5070,"href":"https:\/\/patijinich.com\/es\/wp-json\/wp\/v2\/pages\/60\/revisions\/5070"}],"up":[{"embeddable":true,"href":"https:\/\/patijinich.com\/es\/wp-json\/wp\/v2\/pages\/5037"}],"wp:attachment":[{"href":"https:\/\/patijinich.com\/es\/wp-json\/wp\/v2\/media?parent=60"}],"curies":[{"name":"wp","href":"https:\/\/api.w.org\/{rel}","templated":true}]}}