{"id":63,"date":"2017-05-23T17:29:55","date_gmt":"2017-05-23T17:29:55","guid":{"rendered":"http:\/\/patijinich.com\/es\/?page_id=63"},"modified":"2019-07-16T20:55:44","modified_gmt":"2019-07-16T20:55:44","slug":"patis-mexican-table-temporada-1","status":"publish","type":"page","link":"https:\/\/patijinich.com\/es\/programa\/patis-mexican-table-temporada-1\/","title":{"rendered":"Temporada 1"},"content":{"rendered":"<h1>Pati&#8217;s Mexican Table Temporada 1<\/h1>\n<p><!--Episodio 101--><\/p>\n<h2>Episodio 101: Quesadillas<\/h2>\n<p>Quesadillas \u2014 la combinaci\u00f3n perfecta del cielo y la tierra, cuando la humilde tortilla se fusiona con el deleite del queso y, para sorpresa de muchos, de muchos otros rellenos. Pati nos mostrar\u00e1 c\u00f3mo preparar las quesadillas de tres formas completamente diferentes.<\/p>\n<p class=\"ssn-featured-recipes\">Recetas de este Episodio:<\/p>\n<p><center><div class=\"post hentry ivycat-post\"><span class=\"pip-not-found\"><\/span><\/div><\/center><\/p>\n<div class=\"fork-divider\">\n<div class=\"fork-icon\"><img decoding=\"async\" src=\"\/wp-content\/uploads\/2017\/10\/fork.gif\" \/><\/div>\n<div class=\"div-line\"><\/div>\n<div>\n<p><!--Episodio 102--><\/p>\n<h2>Episodio 102: Comida de la Revoluci\u00f3n Mexicana<\/h2>\n<p>Si est\u00e1s en una guerra, \u00bfc\u00f3mo preparas la comida si tienes que huir? \u00bfQu\u00e9 tipos de comida se pueden preparar en ranchos, patios y fogatas r\u00fasticas? \u00bfQu\u00e9 podr\u00edan haber comido Pancho Villa o Emiliano Zapata? Este episodio explora el legado culinario de la Revoluci\u00f3n Mexicana.<\/p>\n<p class=\"ssn-featured-recipes\">Recetas de este Episodio:<\/p>\n<p><center><div class=\"post hentry ivycat-post\"><span class=\"pip-not-found\"><\/span><\/div><\/center><\/p>\n<div class=\"fork-divider\">\n<div class=\"fork-icon\"><img decoding=\"async\" src=\"\/wp-content\/uploads\/2017\/10\/fork.gif\" \/><\/div>\n<div class=\"div-line\"><\/div>\n<div>\n<p><!--Episodio 103--><\/p>\n<h2>Episodio 103: Aguacate<\/h2>\n<p>Pati nos ense\u00f1a a escoger el aguacate perfecto, en su punto, y nos explica paso a paso tres deliciosas recetas.<\/p>\n<p class=\"ssn-featured-recipes\">Recetas de este Episodio:<\/p>\n<p><center><div class=\"post hentry ivycat-post\"><span class=\"pip-not-found\"><\/span><\/div><\/center><\/p>\n<div class=\"fork-divider\">\n<div class=\"fork-icon\"><img decoding=\"async\" src=\"\/wp-content\/uploads\/2017\/10\/fork.gif\" \/><\/div>\n<div class=\"div-line\"><\/div>\n<div>\n<p><!--Episodio 104--><\/p>\n<h2>Episodio 104: Tomates Verdes<\/h2>\n<p>Pati nos presenta al tomate verde \u2014 una fruta peque\u00f1a, regordeta y verde que era la favorita de los Aztecas y la estrella de muchos platillos mexicanos actuales. Su sabor \u00e1cido es muy diferente del de los jitomates, pero es definitivamente inolvidable. Pati nos ense\u00f1ar\u00e1 d\u00f3nde comprarlos, c\u00f3mo cocinarlos y nos dar\u00e1 tips y trucos para crear platillos deliciosos.<\/p>\n<p class=\"ssn-featured-recipes\">Recetas de este Episodio:<\/p>\n<p><center><div class=\"post hentry ivycat-post\"><span class=\"pip-not-found\"><\/span><\/div><\/center><\/p>\n<div class=\"fork-divider\">\n<div class=\"fork-icon\"><img decoding=\"async\" src=\"\/wp-content\/uploads\/2017\/10\/fork.gif\" \/><\/div>\n<div class=\"div-line\"><\/div>\n<div>\n<p><!--Episodio 105--><\/p>\n<h2>Episodio 105: Platillos del Convento<\/h2>\n<p>\u00bfNo son los conventos lugares austeros y aburridos? En M\u00e9xico, todo es m\u00e1s colorido \u2014 incluyendo la comida de las monjas cat\u00f3licas. El mole es probablemente la comida m\u00e1s famosa salida de los conventos, aunque tambi\u00e9n la m\u00e1s laboriosa; con Pati exploraremos recetas m\u00e1s f\u00e1ciles, pero igual de deliciosas.<\/p>\n<p class=\"ssn-featured-recipes\">Recetas de este Episodio:<\/p>\n<p><center><div class=\"post hentry ivycat-post\"><span class=\"pip-not-found\"><\/span><\/div><\/center><\/p>\n<div class=\"fork-divider\">\n<div class=\"fork-icon\"><img decoding=\"async\" src=\"\/wp-content\/uploads\/2017\/10\/fork.gif\" \/><\/div>\n<div class=\"div-line\"><\/div>\n<div>\n<p><!--Episodio 106--><\/p>\n<h2>Episodio 106: Flor de Jamaica<\/h2>\n<p>Es com\u00fan encontrar en M\u00e9xico comidas y bebidas preparadas con las flores de Jamaica. Conocida com\u00fanmente como Jamaica, tiene un sabor intenso a hierbas y frutas.<\/p>\n<p class=\"ssn-featured-recipes\">Recetas de este Episodio:<\/p>\n<p><center><div class=\"post hentry ivycat-post\"><span class=\"pip-not-found\"><\/span><\/div><\/center><\/p>\n<div class=\"fork-divider\">\n<div class=\"fork-icon\"><img decoding=\"async\" src=\"\/wp-content\/uploads\/2017\/10\/fork.gif\" \/><\/div>\n<div class=\"div-line\"><\/div>\n<div>\n<p><!--Episodio 107--><\/p>\n<h2>Episodio 107: Picnic a la Mexicana<\/h2>\n<p>\u00bfQu\u00e9 se prepara en un picnic mexicano? Las hamburguesas y los hot dos, \u00bfson comidas universales? Convierte tu patio en un peque\u00f1o pedazo de M\u00e9xico adaptando algunas recetas tradicionales.<\/p>\n<p class=\"ssn-featured-recipes\">Recetas de este Episodio:<\/p>\n<p><center><div class=\"post hentry ivycat-post\"><span class=\"pip-not-found\"><\/span><\/div><\/center><\/p>\n<div class=\"fork-divider\">\n<div class=\"fork-icon\"><img decoding=\"async\" src=\"\/wp-content\/uploads\/2017\/10\/fork.gif\" \/><\/div>\n<div class=\"div-line\"><\/div>\n<div>\n<p><!--Episodio 108--><\/p>\n<h2>Episodio 108: Brunch Mexicano<\/h2>\n<p>Un brunch mexicano es la forma perfecta de darle la bienvenida al fin de semana. Este episodio nos muestra c\u00f3mo es un desayuno tard\u00edo o un lunch temprano en M\u00e9xico y las recetas que puedes preparar en casa.<\/p>\n<p class=\"ssn-featured-recipes\">Recetas de este Episodio:<\/p>\n<p><center><div class=\"post hentry ivycat-post\"><span class=\"pip-not-found\"><\/span><\/div><\/center><\/p>\n<div class=\"fork-divider\">\n<div class=\"fork-icon\"><img decoding=\"async\" src=\"\/wp-content\/uploads\/2017\/10\/fork.gif\" \/><\/div>\n<div class=\"div-line\"><\/div>\n<div>\n<p><!--Episodio 109--><\/p>\n<h2>Episodio 109: Chorizo<\/h2>\n<p>\u00bfA qui\u00e9n no le gusta el chorizo? Es una versi\u00f3n mexicana con una explosi\u00f3n de sabor, hecha con carne fresca, jugosa, de color rojo quemado y sazonada con especias ex\u00f3ticas. Frito, es crocante y delicioso. Este episodio explora la diferencia entre el chorizo mexicano y sus primos espa\u00f1oles, centro y sudamericanos.<\/p>\n<p class=\"ssn-featured-recipes\">Recetas de este Episodio:<\/p>\n<p><center><div class=\"post hentry ivycat-post\"><span class=\"pip-not-found\"><\/span><\/div><\/center><\/p>\n<div class=\"fork-divider\">\n<div class=\"fork-icon\"><img decoding=\"async\" src=\"\/wp-content\/uploads\/2017\/10\/fork.gif\" \/><\/div>\n<div class=\"div-line\"><\/div>\n<div>\n<p><!--Episodio 110--><\/p>\n<h2>Episodio 110: Canela<\/h2>\n<p>M\u00e9xico es ya el importador m\u00e1s grande de canela en el mundo, y la pregunta es, \u00bfc\u00f3mo se usa ah\u00ed la canela que la hace tan especial? \u00bfQu\u00e9 diferencia hay entre la canela Ceylon usada en M\u00e9xico y la Cassia del Sudeste Asi\u00e1tico? En esta temporada veremos c\u00f3mo viaj\u00f3 la canela de Asia a M\u00e9xico y c\u00f3mo usarla en platillos actuales.<\/p>\n<p class=\"ssn-featured-recipes\">Recetas de este Episodio:<\/p>\n<p><center><div class=\"post hentry ivycat-post\"><span class=\"pip-not-found\"><\/span><\/div><\/center><\/p>\n<div class=\"fork-divider\">\n<div class=\"fork-icon\"><img decoding=\"async\" src=\"\/wp-content\/uploads\/2017\/10\/fork.gif\" \/><\/div>\n<div class=\"div-line\"><\/div>\n<div>\n<p><!--Episodio 111--><\/p>\n<h2>Episodio 111: Influencias del Medio Oriente<\/h2>\n<p>Inmigrantes de L\u00edbano, Siria e Israel han dejado su huella en la comida mexicana a trav\u00e9s de los a\u00f1os. Pati explica c\u00f3mo llegaron a un pa\u00eds tan lejos, y fascinante, y qu\u00e9 legado han dejado ah\u00ed.<\/p>\n<p class=\"ssn-featured-recipes\">Recetas de este Episodio:<\/p>\n<p><center><div class=\"post hentry ivycat-post\"><span class=\"pip-not-found\"><\/span><\/div><\/center><\/p>\n<div class=\"fork-divider\">\n<div class=\"fork-icon\"><img decoding=\"async\" src=\"\/wp-content\/uploads\/2017\/10\/fork.gif\" \/><\/div>\n<div class=\"div-line\"><\/div>\n<div>\n<p><!--Episodio 112--><\/p>\n<h2>Episodio 112: Vainilla<\/h2>\n<p>La vainilla viene de un frasco, \u00bfverdad? No, es una vaina. \u00bfD\u00f3nde puedo encontrar las vainas de vainilla y c\u00f3mo cocino con ellas? \u00bfLas abro o algo as\u00ed? \u00bfLa vainilla viene de Veracruz, M\u00e9xico \u2014 y no de Madagascar? Este episodio nos explica todo eso y nos da algunas recetas deliciosas con este ingrediente m\u00e1gico.<\/p>\n<p class=\"ssn-featured-recipes\">Recetas de este Episodio:<\/p>\n<p><center><div class=\"post hentry ivycat-post\"><span class=\"pip-not-found\"><\/span><\/div><\/center><\/p>\n<div class=\"fork-divider\">\n<div class=\"fork-icon\"><img decoding=\"async\" src=\"\/wp-content\/uploads\/2017\/10\/fork.gif\" \/><\/div>\n<div class=\"div-line\"><\/div>\n<div>\n<p><!--Episodio 113--><\/p>\n<h2>Episodio 113: Tesoros Envueltos<\/h2>\n<p>Los mexicanos han envuelto y guisado su comida en hojas de \u00e1rboles durante muchos a\u00f1os, y este episodio explora las razones para esto. Pati ofrece algunos atajos y tips para cocinar comida envuelta en tu cocina.<\/p>\n<p class=\"ssn-featured-recipes\">Recetas de este Episodio:<\/p>\n<p><center><div class=\"post hentry ivycat-post\"><span class=\"pip-not-found\"><\/span><\/div><\/center><\/p>\n<div class=\"fork-divider\">\n<div class=\"fork-icon\"><img decoding=\"async\" src=\"\/wp-content\/uploads\/2017\/10\/fork.gif\" \/><\/div>\n<div class=\"div-line\"><\/div>\n<div><\/div>\n<\/div>\n<\/div>\n<\/div>\n<\/div>\n<\/div>\n<\/div>\n<\/div>\n<\/div>\n<\/div>\n<\/div>\n<\/div>\n<\/div>\n<\/div>\n<\/div>\n<\/div>\n<\/div>\n<\/div>\n<\/div>\n<\/div>\n<\/div>\n<\/div>\n<\/div>\n<\/div>\n<\/div>\n<\/div>\n","protected":false},"excerpt":{"rendered":"<p>Pati&#8217;s Mexican Table Temporada 1 Episodio 101: Quesadillas Quesadillas \u2014 la combinaci\u00f3n perfecta del cielo y la tierra, cuando la humilde tortilla se fusiona con el deleite del queso y, para sorpresa de muchos, de muchos otros rellenos. Pati nos mostrar\u00e1 c\u00f3mo preparar las quesadillas de tres formas completamente diferentes. Recetas de este Episodio: Episodio [&hellip;]<\/p>\n","protected":false},"author":2,"featured_media":0,"parent":5037,"menu_order":0,"comment_status":"closed","ping_status":"closed","template":"page-templates\/page_tvseasonrecipes.php","meta":{"_acf_changed":false,"wprm-recipe-roundup-name":"","wprm-recipe-roundup-description":"","footnotes":""},"class_list":["post-63","page","type-page","status-publish","hentry","has-green-color"],"acf":[],"yoast_head":"<!-- This site is optimized with the Yoast SEO plugin v22.0 - https:\/\/yoast.com\/wordpress\/plugins\/seo\/ -->\n<title>Temporada 1 - Pati Jinich en Espa\u00f1ol<\/title>\n<meta name=\"robots\" content=\"index, follow, max-snippet:-1, max-image-preview:large, max-video-preview:-1\" \/>\n<link rel=\"canonical\" href=\"https:\/\/patijinich.com\/es\/programa\/patis-mexican-table-temporada-1\/\" \/>\n<meta property=\"og:locale\" content=\"es_MX\" \/>\n<meta property=\"og:type\" content=\"article\" \/>\n<meta property=\"og:title\" content=\"Temporada 1 - Pati Jinich en Espa\u00f1ol\" \/>\n<meta property=\"og:description\" content=\"Pati&#8217;s Mexican Table Temporada 1 Episodio 101: Quesadillas Quesadillas \u2014 la combinaci\u00f3n perfecta del cielo y la tierra, cuando la humilde tortilla se fusiona con el deleite del queso y, para sorpresa de muchos, de muchos otros rellenos. Pati nos mostrar\u00e1 c\u00f3mo preparar las quesadillas de tres formas completamente diferentes. Recetas de este Episodio: Episodio [&hellip;]\" \/>\n<meta property=\"og:url\" content=\"https:\/\/patijinich.com\/es\/programa\/patis-mexican-table-temporada-1\/\" \/>\n<meta property=\"og:site_name\" content=\"Pati Jinich en Espa\u00f1ol\" \/>\n<meta property=\"article:modified_time\" content=\"2019-07-16T20:55:44+00:00\" \/>\n<meta name=\"twitter:card\" content=\"summary_large_image\" \/>\n<meta name=\"twitter:label1\" content=\"Tiempo de lectura\" \/>\n\t<meta name=\"twitter:data1\" content=\"4 minutos\" \/>\n<script type=\"application\/ld+json\" class=\"yoast-schema-graph\">{\"@context\":\"https:\/\/schema.org\",\"@graph\":[{\"@type\":\"WebPage\",\"@id\":\"https:\/\/patijinich.com\/es\/programa\/patis-mexican-table-temporada-1\/\",\"url\":\"https:\/\/patijinich.com\/es\/programa\/patis-mexican-table-temporada-1\/\",\"name\":\"Temporada 1 - Pati Jinich en Espa\u00f1ol\",\"isPartOf\":{\"@id\":\"https:\/\/patijinich.com\/es\/#website\"},\"datePublished\":\"2017-05-23T17:29:55+00:00\",\"dateModified\":\"2019-07-16T20:55:44+00:00\",\"breadcrumb\":{\"@id\":\"https:\/\/patijinich.com\/es\/programa\/patis-mexican-table-temporada-1\/#breadcrumb\"},\"inLanguage\":\"es\",\"potentialAction\":[{\"@type\":\"ReadAction\",\"target\":[\"https:\/\/patijinich.com\/es\/programa\/patis-mexican-table-temporada-1\/\"]}]},{\"@type\":\"BreadcrumbList\",\"@id\":\"https:\/\/patijinich.com\/es\/programa\/patis-mexican-table-temporada-1\/#breadcrumb\",\"itemListElement\":[{\"@type\":\"ListItem\",\"position\":1,\"name\":\"Home\",\"item\":\"https:\/\/patijinich.com\/es\/\"},{\"@type\":\"ListItem\",\"position\":2,\"name\":\"Programa\",\"item\":\"https:\/\/patijinich.com\/es\/programa\/\"},{\"@type\":\"ListItem\",\"position\":3,\"name\":\"Temporada 1\"}]},{\"@type\":\"WebSite\",\"@id\":\"https:\/\/patijinich.com\/es\/#website\",\"url\":\"https:\/\/patijinich.com\/es\/\",\"name\":\"Pati Jinich en Espa\u00f1ol\",\"description\":\"Pati Jinich es la anfitriona del popular programa de la PBS Pati&#039;s Mexican Table, nominado a los premios Emmy and James Beard, autora de dos libros de cocina y chef residente en el Instituto Cultural Mexicano en Washington, D.C. Esta es su p\u00e1gina oficial, en la comparte recetas de su programa y recetas nuevas en su blog, eventos pr\u00f3ximos, noticias recientes y m\u00e1s.\",\"potentialAction\":[{\"@type\":\"SearchAction\",\"target\":{\"@type\":\"EntryPoint\",\"urlTemplate\":\"https:\/\/patijinich.com\/es\/?s={search_term_string}\"},\"query-input\":\"required name=search_term_string\"}],\"inLanguage\":\"es\"}]}<\/script>\n<!-- \/ Yoast SEO plugin. -->","yoast_head_json":{"title":"Temporada 1 - Pati Jinich en Espa\u00f1ol","robots":{"index":"index","follow":"follow","max-snippet":"max-snippet:-1","max-image-preview":"max-image-preview:large","max-video-preview":"max-video-preview:-1"},"canonical":"https:\/\/patijinich.com\/es\/programa\/patis-mexican-table-temporada-1\/","og_locale":"es_MX","og_type":"article","og_title":"Temporada 1 - Pati Jinich en Espa\u00f1ol","og_description":"Pati&#8217;s Mexican Table Temporada 1 Episodio 101: Quesadillas Quesadillas \u2014 la combinaci\u00f3n perfecta del cielo y la tierra, cuando la humilde tortilla se fusiona con el deleite del queso y, para sorpresa de muchos, de muchos otros rellenos. Pati nos mostrar\u00e1 c\u00f3mo preparar las quesadillas de tres formas completamente diferentes. Recetas de este Episodio: Episodio [&hellip;]","og_url":"https:\/\/patijinich.com\/es\/programa\/patis-mexican-table-temporada-1\/","og_site_name":"Pati Jinich en Espa\u00f1ol","article_modified_time":"2019-07-16T20:55:44+00:00","twitter_card":"summary_large_image","twitter_misc":{"Tiempo de lectura":"4 minutos"},"schema":{"@context":"https:\/\/schema.org","@graph":[{"@type":"WebPage","@id":"https:\/\/patijinich.com\/es\/programa\/patis-mexican-table-temporada-1\/","url":"https:\/\/patijinich.com\/es\/programa\/patis-mexican-table-temporada-1\/","name":"Temporada 1 - Pati Jinich en Espa\u00f1ol","isPartOf":{"@id":"https:\/\/patijinich.com\/es\/#website"},"datePublished":"2017-05-23T17:29:55+00:00","dateModified":"2019-07-16T20:55:44+00:00","breadcrumb":{"@id":"https:\/\/patijinich.com\/es\/programa\/patis-mexican-table-temporada-1\/#breadcrumb"},"inLanguage":"es","potentialAction":[{"@type":"ReadAction","target":["https:\/\/patijinich.com\/es\/programa\/patis-mexican-table-temporada-1\/"]}]},{"@type":"BreadcrumbList","@id":"https:\/\/patijinich.com\/es\/programa\/patis-mexican-table-temporada-1\/#breadcrumb","itemListElement":[{"@type":"ListItem","position":1,"name":"Home","item":"https:\/\/patijinich.com\/es\/"},{"@type":"ListItem","position":2,"name":"Programa","item":"https:\/\/patijinich.com\/es\/programa\/"},{"@type":"ListItem","position":3,"name":"Temporada 1"}]},{"@type":"WebSite","@id":"https:\/\/patijinich.com\/es\/#website","url":"https:\/\/patijinich.com\/es\/","name":"Pati Jinich en Espa\u00f1ol","description":"Pati Jinich es la anfitriona del popular programa de la PBS Pati&#039;s Mexican Table, nominado a los premios Emmy and James Beard, autora de dos libros de cocina y chef residente en el Instituto Cultural Mexicano en Washington, D.C. Esta es su p\u00e1gina oficial, en la comparte recetas de su programa y recetas nuevas en su blog, eventos pr\u00f3ximos, noticias recientes y m\u00e1s.","potentialAction":[{"@type":"SearchAction","target":{"@type":"EntryPoint","urlTemplate":"https:\/\/patijinich.com\/es\/?s={search_term_string}"},"query-input":"required name=search_term_string"}],"inLanguage":"es"}]}},"_links":{"self":[{"href":"https:\/\/patijinich.com\/es\/wp-json\/wp\/v2\/pages\/63","targetHints":{"allow":["GET"]}}],"collection":[{"href":"https:\/\/patijinich.com\/es\/wp-json\/wp\/v2\/pages"}],"about":[{"href":"https:\/\/patijinich.com\/es\/wp-json\/wp\/v2\/types\/page"}],"author":[{"embeddable":true,"href":"https:\/\/patijinich.com\/es\/wp-json\/wp\/v2\/users\/2"}],"replies":[{"embeddable":true,"href":"https:\/\/patijinich.com\/es\/wp-json\/wp\/v2\/comments?post=63"}],"version-history":[{"count":5,"href":"https:\/\/patijinich.com\/es\/wp-json\/wp\/v2\/pages\/63\/revisions"}],"predecessor-version":[{"id":11710,"href":"https:\/\/patijinich.com\/es\/wp-json\/wp\/v2\/pages\/63\/revisions\/11710"}],"up":[{"embeddable":true,"href":"https:\/\/patijinich.com\/es\/wp-json\/wp\/v2\/pages\/5037"}],"wp:attachment":[{"href":"https:\/\/patijinich.com\/es\/wp-json\/wp\/v2\/media?parent=63"}],"curies":[{"name":"wp","href":"https:\/\/api.w.org\/{rel}","templated":true}]}}