{"id":76,"date":"2017-05-23T17:57:50","date_gmt":"2017-05-23T17:57:50","guid":{"rendered":"http:\/\/patijinich.com\/es\/?page_id=76"},"modified":"2017-12-28T22:31:44","modified_gmt":"2017-12-28T22:31:44","slug":"mexicantoday","status":"publish","type":"page","link":"https:\/\/patijinich.com\/es\/libros\/mexicantoday\/","title":{"rendered":"Mexican Today"},"content":{"rendered":"<h2><strong><span style=\"color: #ca4a1f;\">MEXICAN TODAY:<\/span><\/strong><img loading=\"lazy\" decoding=\"async\" class=\"alignright size-full wp-image-10994\" src=\"\/wp-content\/uploads\/2015\/11\/MexicanToday_web3.jpg\" alt=\"Mexican Today Libro\" width=\"440\" height=\"560\" \/><strong><strong><br \/>\nNew and Rediscovered Recipes for Contemporary Kitchens<\/strong><\/strong><\/h2>\n<header id=\"book-data\">Hardcover | Houghton Mifflin Harcourt | Apr. 12, 2016 | 288 P\u00e1ginas<\/header>\n<p>Pati Jinich, conductora de la popular serie de televisi\u00f3n de PBS TV, <em>Pati\u2019s Mexican Table <\/em>(ya en su sexta temporada), ofrece docenas de deliciosas y probadas recetas para preparar platillos mexicanos basados en su libro, <em>MEXICAN TODAY: New and Rediscovered Recipes for Contemporary Kitchens<\/em>.<\/p>\n<p>Conductora de televisi\u00f3n, autora de libros de cocina, chef residente del Mexican Cultural Institute en Washington, DC, y orgullosa mama de tres hijos, Pati Jinich es conocida por preparar comida mexicana que es tanto deliciosa como accesible. Pati naci\u00f3 y creci\u00f3 en la Ciudad de M\u00e9xico, en el seno de una familia de talentosos cocineros. Muchas de las recetas de Pati son adaptaciones de la comida que la nutri\u00f3 mientras crec\u00eda. \u201cEstos platillos tienen un lugar especial en mi hogar en D.C. y en mi coraz\u00f3n, ya que me mantienen a m\u00ed y a mis ni\u00f1os conectados con nuestras ra\u00edces, esta comida les da un mejor sentido de qui\u00e9nes son y de nuestros or\u00edgenes.\u201d<\/p>\n<p>El libro est\u00e1 lleno de platos favoritos que ya son conocidos, as\u00ed como de nuevas interpretaciones que son sorprendentes. Pati aplica su \u201csaz\u00f3n\u201d mexicano a todo tipo de comidas. La comida de Pati ayuda a que todos se reunan\u2014a una familia al final del d\u00eda, a un c\u00edrculo de amigos o a una cena donde cada qui\u00e9n lleva un platillo.<\/p>\n<h2>Actualmente, el libro s\u00f3lo est\u00e1 disponible en ingl\u00e9s, y se puede pedir a trav\u00e9s de:<\/h2>\n<h2><a href=\"http:\/\/www.amazon.com\/Mexican-Today-Rediscovered-Contemporary-Kitchens\/dp\/0544557247\" target=\"_blank\" rel=\"attachment wp-att-11037 noopener noreferrer\"><img loading=\"lazy\" decoding=\"async\" class=\"alignnone wp-image-11037\" src=\"\/wp-content\/uploads\/2015\/11\/retail-logo-amazon-300x156.png\" alt=\"order on amazon\" width=\"200\" height=\"104\" \/><\/a><a href=\"http:\/\/www.barnesandnoble.com\/w\/mexican-today-pati-jinich\/1122371634\" target=\"_blank\" rel=\"attachment wp-att-11038 noopener noreferrer\"><img loading=\"lazy\" decoding=\"async\" class=\"alignnone wp-image-11042\" src=\"\/wp-content\/uploads\/2015\/11\/retail-logos-bn-1-300x156.png\" alt=\"\" width=\"200\" height=\"104\" \/><\/a><a href=\"http:\/\/www.indiebound.org\/book\/9780544557246\" target=\"_blank\" rel=\"attachment wp-att-11039 noopener noreferrer\"><img loading=\"lazy\" decoding=\"async\" class=\"alignnone wp-image-11041\" src=\"\/wp-content\/uploads\/2015\/11\/retail-logos-indiebound-1-300x156.png\" alt=\"\" width=\"200\" height=\"104\" \/><\/a><a href=\"http:\/\/www.booksamillion.com\/p\/Mexican-Today\/Pati-Jinich\/9780544557246?id=6572134778039\" target=\"_blank\" rel=\"attachment wp-att-11066 noopener noreferrer\"><img loading=\"lazy\" decoding=\"async\" class=\"alignnone wp-image-11066\" src=\"\/wp-content\/uploads\/2012\/12\/retail-logos-bam.png\" alt=\"books a million\" width=\"200\" height=\"104\" \/><\/a><\/h2>\n<div id=\"divider\"><\/div>\n<h2 class=\"section\">Praise for Pati Jinich and <strong>MEXICAN TODAY<\/strong><\/h2>\n<p>&#8220;Pati Jinich is one of the best Mexican chefs we have here in the United States. Mexico&#8217;s vibrant culture and its many influences shine in the recipes from this new collection. Each dish contains a story, and Pati brings the food of Mexico &#8211; and her kitchen &#8211; into our homes.&#8221; &#8211; <strong>Jos\u00e9 Andr\u00e9s, chef\/owner, Minibar by Jos\u00e9 Andr\u00e9s &amp; ThinkFoodGroup<\/strong><\/p>\n<p>&#8220;<em>Mexican Today<\/em> is like having Pati in your kitchen, and all to yourself. Her warm personality and knowledgeable voice guide you as you cook your way through these recipes. Pati takes Mexican food into the present tense, which is just where it should be.&#8221; &#8211; <strong>Carla Hall, co-host, ABC&#8217;s <em>The Chew<\/em> and author, <em>Carla&#8217;s Comfort Foods<\/em><\/strong><\/p>\n<p>&#8220;What I love about Mexican Today is that it is such a true reflection not only of the food of Mexico but also of Pati herself. Fun and bright, with satisfying meals that are full of flavor, this book will have you scanning the pages for meals that you can enjoy with your family. Once you see the smiles on their faces, you will quickly realize that food truly does make people happy &#8211; and you will have Pati to thank!&#8221; &#8211; <strong>Michael Symon, James Beard Award-winning chef, restaurateur, television personality, and author <\/strong><\/p>\n<h2 class=\"section\">Read what&#8217;s been said about the book<\/h2>\n<p><strong>MEXICAN TODAY makes <em>The Washington Post<\/em>&#8216;s &#8220;31 best cookbooks of 2016&#8221; list. 11\/28\/16.<\/strong> <a href=\"https:\/\/www.washingtonpost.com\/lifestyle\/food\/the-31-best-cookbooks-of-2016\/2016\/11\/28\/7290c604-add3-11e6-977a-1030f822fc35_story.html\" target=\"_blank\" rel=\"noopener noreferrer\">Read full list<\/a><\/p>\n<p>&#8220;Jinich&#8230;is nothing if not thorough in making Mexican cuisine accessible to northern chefs. Her cookbook brims with careful instructions and loads of advice on selecting ingredients to create the extraordinary spectrum of flavors offered by classic Mexican cooking.&#8221; &#8211; Mark Knoblauch, <em>Booklist<\/em>. 3\/17\/16. <a href=\"http:\/\/www.booklistonline.com\/Mexican-Today-New-and-Rediscovered-Recipes-for-Contemporary-Kitchens-Pati-Jinich\/pid=7951259\" target=\"_blank\" rel=\"noopener noreferrer\">Read full review<\/a><\/p>\n<p>&#8220;We all know Tex-Mex, but now there\u2019s Cal-Mex, Chicago-Mex, New York-Mex, Fusion-Mex and, perhaps, Pati-Mex. In Mexican Today, Jinich, host of the popular PBS series &#8216;Pati\u2019s Mexican Table,&#8217; invites us into her kitchen, where she uses her knack for Mexican seasoning to add a bit of Latin flair to all kinds of foods. As a wife and working mother of three boys with packed schedules, she knows the ins and outs of getting good, interesting, family-pleasing food to the table every night.&#8221; &#8211; Sybil Pratt, <em>Book Page<\/em>. 3\/30\/16. <a href=\"https:\/\/bookpage.com\/columns\/19614-cooking-flavors-mexico#.VvvzvxIrJBx\" target=\"_blank\" rel=\"noopener noreferrer\">Read full review<\/a><\/p>\n<p>&#8220;Mexican Today delivers the kind of authenticity for these foods that you\u2019ll never get from Betty Crocker&#8230;These are wonderful recipes. You\u2019ll want them not only for themselves, but also for the new ideas they\u2019ll inspire in your own kitchen.&#8221; &#8211; Karen Yencich, <em>Examiner<\/em>. 4\/13\/16. <a href=\"http:\/\/www.examiner.com\/article\/this-weekend-meet-pati-jinich-signing-mexican-today-at-two-bay-area-events?CID=examiner_alerts_article\" target=\"_blank\" rel=\"noopener noreferrer\">Read full review<\/a><\/p>\n<p>&#8220;Jinich&#8217;s new cookbook deftly combines her own family recipes with new Mexican-flavored takes on everyday mealtime staples. From dishes inspired by growing up in Mexico City to meals planned by a busy mother for a family of five, &#8216;Mexican Today&#8217; is just that: a modern collection of recipes that never stops looking at the past as it reinvents the future.&#8221; &#8211;  Greg Morago, <em>Houston Chronicle<\/em>. 4\/18\/16.<\/p>\n<p>&#8220;Jinich&#8230;has introduced food lovers to the multi-flavors of the Mexican table and her own take on the culturally rich cuisine. Her latest book&#8230;&#8217;Mexican Today: New and Rediscovered Recipes for Contemporary Kitchens&#8217; offers a variety of dishes for everything from salads and tortas to sandwiches, soups and one-dish meals to desserts and drinks.&#8221; &#8211; Eloise Marie Valadez, <em>NW Times<\/em>. 4\/20\/16.  <a href=\"http:\/\/www.nwitimes.com\/lifestyles\/food-and-cooking\/contemporary-flavors-of-mexico-pati-jinich-debuts-new-cookbook\/article_8449c1b9-56af-5023-8a85-71eece076c06.html\" target=\"_blank\" rel=\"noopener noreferrer\">Read full article<\/a><\/p>\n<p>&#8220;Like the verb derived from the noun salsa&#8211;salsear, meaning making &#8216;something better, adding an extra layer of life, of seasoning, of joy&#8217; &#8212; Pati Jinich&#8217;s passion is to share the food of her native Mexico while enhancing it with her multi-ethnic heritage.&#8221; &#8211; Cheryl Krocker McKeon, <em>Shelf Awareness<\/em>. 4\/23\/16. <a href=\"http:\/\/www.shelf-awareness.com\/readers-issue.html?issue=499#m8722\" target=\"_blank\" rel=\"noopener noreferrer\">Read full review<\/a><\/p>\n<p>&#8220;In Mexican Today, you have the guidance to produce authentic, delightful and often hot Mexican food of distinction. This is a striking book about how to achieve excellence. It really isn\u2019t that hard. You just start with one poblano, an avocado, and keep turning the pages of Mexican Today.&#8221; &#8211; Brian O&#8217;Rourke, <em>Huffington Post<\/em>. 4\/25\/16. <a href=\"http:\/\/www.huffingtonpost.com\/brian-orourke\/cookbook-review-mexican-t_b_9767850.html\" target=\"_blank\" rel=\"noopener noreferrer\">Read full review<\/a><\/p>\n<p>&#8220;Mexican Today [is] an exploration of contemporary Mexican food that defies all borders.&#8221; &#8211; Ana Sof\u00eda Pel\u00e1ez, <em>NBC News<\/em>. 4\/26\/16. <a href=\"http:\/\/www.nbcnews.com\/news\/latino\/award-winning-chef-pati-jinich-touts-mexico-s-varied-evolving-n561846\" target=\"_blank\" rel=\"noopener noreferrer\">Read full article<\/a><\/p>\n<p>&#8220;Mexican Today explores not just traditional fare, but the country&#8217;s evolving cuisine and the many immigrant groups who have influenced it.&#8221; &#8211; Maria Godoy, NPR<em> The Salt<\/em>. 5\/5\/16. <a href=\"http:\/\/www.npr.org\/sections\/thesalt\/2016\/05\/05\/476811955\/crepes-for-cinco-de-mayo-chef-pati-jinich-explains-por-qu\" target=\"_blank\" rel=\"noopener noreferrer\">Read full article<\/a><\/p>\n<p>&#8220;Smooth and subtle hearts of palm soup with sweet potato croutons, light crepe enchiladas with Swiss chard and potatoes, and Chinese five-spice plum and apricot empanadas join well-loved Mexican classics such as tacos al pastor, traditional chicken tostadas and chiles rellenos.&#8221; &#8211; Laura Brehaut, <em>National Post<\/em>. 6\/7\/16. <a href=\"http:\/\/news.nationalpost.com\/life\/food-drink\/wholesome-fresh-and-easy-pati-jinich-on-the-joys-of-making-mexican-food-at-home\" target=\"_blank\" rel=\"noopener noreferrer\">Read full article<\/a><\/p>\n<p>&#8220;Back when Jinich wrote her first book, the Emmy and James Beard Award-winning host of <em>Pati&#8217;s Mexican Table<\/em> stuck to the classics, not veering far from what&#8217;s considered traditional. But Mexican food has always been about mixing it up. It&#8217;s a hybrid culture that birthed a hybrid cuisine. So in her second cookbook <em>Mexican Today<\/em>, Jinich explores the exciting possibilities.&#8221; &#8211; Adriana Velez, <em>SheKnows<\/em>. 6\/8\/16. <a href=\"http:\/\/www.sheknows.com\/food-and-recipes\/articles\/1122997\/mexican-dreamboat-hot-dog\" target=\"_blank\" rel=\"noopener noreferrer\">Read full article<\/a><\/p>\n<p>&nbsp;<\/p>\n","protected":false},"excerpt":{"rendered":"<p>MEXICAN TODAY: New and Rediscovered Recipes for Contemporary Kitchens Hardcover | Houghton Mifflin Harcourt | Apr. 12, 2016 | 288 P\u00e1ginas Pati Jinich, conductora de la popular serie de televisi\u00f3n de PBS TV, Pati\u2019s Mexican Table (ya en su sexta temporada), ofrece docenas de deliciosas y probadas recetas para preparar platillos mexicanos basados en su [&hellip;]<\/p>\n","protected":false},"author":2,"featured_media":0,"parent":73,"menu_order":0,"comment_status":"closed","ping_status":"closed","template":"","meta":{"_acf_changed":false,"wprm-recipe-roundup-name":"","wprm-recipe-roundup-description":"","footnotes":""},"class_list":["post-76","page","type-page","status-publish","hentry","has-green-color"],"acf":[],"yoast_head":"<!-- This site is optimized with the Yoast SEO plugin v22.0 - https:\/\/yoast.com\/wordpress\/plugins\/seo\/ -->\n<title>Mexican Today - Pati Jinich en Espa\u00f1ol<\/title>\n<meta name=\"robots\" content=\"index, follow, max-snippet:-1, max-image-preview:large, max-video-preview:-1\" \/>\n<link rel=\"canonical\" href=\"https:\/\/patijinich.com\/es\/libros\/mexicantoday\/\" \/>\n<meta property=\"og:locale\" content=\"es_MX\" \/>\n<meta property=\"og:type\" content=\"article\" \/>\n<meta property=\"og:title\" content=\"Mexican Today - Pati Jinich en Espa\u00f1ol\" \/>\n<meta property=\"og:description\" content=\"MEXICAN TODAY: New and Rediscovered Recipes for Contemporary Kitchens Hardcover | Houghton Mifflin Harcourt | Apr. 12, 2016 | 288 P\u00e1ginas Pati Jinich, conductora de la popular serie de televisi\u00f3n de PBS TV, Pati\u2019s Mexican Table (ya en su sexta temporada), ofrece docenas de deliciosas y probadas recetas para preparar platillos mexicanos basados en su [&hellip;]\" \/>\n<meta property=\"og:url\" content=\"https:\/\/patijinich.com\/es\/libros\/mexicantoday\/\" \/>\n<meta property=\"og:site_name\" content=\"Pati Jinich en Espa\u00f1ol\" \/>\n<meta property=\"article:modified_time\" content=\"2017-12-28T22:31:44+00:00\" \/>\n<meta name=\"twitter:card\" content=\"summary_large_image\" \/>\n<meta name=\"twitter:label1\" content=\"Tiempo de lectura\" \/>\n\t<meta name=\"twitter:data1\" content=\"6 minutos\" \/>\n<script type=\"application\/ld+json\" class=\"yoast-schema-graph\">{\"@context\":\"https:\/\/schema.org\",\"@graph\":[{\"@type\":\"WebPage\",\"@id\":\"https:\/\/patijinich.com\/es\/libros\/mexicantoday\/\",\"url\":\"https:\/\/patijinich.com\/es\/libros\/mexicantoday\/\",\"name\":\"Mexican Today - Pati Jinich en Espa\u00f1ol\",\"isPartOf\":{\"@id\":\"https:\/\/patijinich.com\/es\/#website\"},\"datePublished\":\"2017-05-23T17:57:50+00:00\",\"dateModified\":\"2017-12-28T22:31:44+00:00\",\"breadcrumb\":{\"@id\":\"https:\/\/patijinich.com\/es\/libros\/mexicantoday\/#breadcrumb\"},\"inLanguage\":\"es\",\"potentialAction\":[{\"@type\":\"ReadAction\",\"target\":[\"https:\/\/patijinich.com\/es\/libros\/mexicantoday\/\"]}]},{\"@type\":\"BreadcrumbList\",\"@id\":\"https:\/\/patijinich.com\/es\/libros\/mexicantoday\/#breadcrumb\",\"itemListElement\":[{\"@type\":\"ListItem\",\"position\":1,\"name\":\"Home\",\"item\":\"https:\/\/patijinich.com\/es\/\"},{\"@type\":\"ListItem\",\"position\":2,\"name\":\"Libros\",\"item\":\"https:\/\/patijinich.com\/es\/libros\/\"},{\"@type\":\"ListItem\",\"position\":3,\"name\":\"Mexican Today\"}]},{\"@type\":\"WebSite\",\"@id\":\"https:\/\/patijinich.com\/es\/#website\",\"url\":\"https:\/\/patijinich.com\/es\/\",\"name\":\"Pati Jinich en Espa\u00f1ol\",\"description\":\"Pati Jinich es la anfitriona del popular programa de la PBS Pati&#039;s Mexican Table, nominado a los premios Emmy and James Beard, autora de dos libros de cocina y chef residente en el Instituto Cultural Mexicano en Washington, D.C. Esta es su p\u00e1gina oficial, en la comparte recetas de su programa y recetas nuevas en su blog, eventos pr\u00f3ximos, noticias recientes y m\u00e1s.\",\"potentialAction\":[{\"@type\":\"SearchAction\",\"target\":{\"@type\":\"EntryPoint\",\"urlTemplate\":\"https:\/\/patijinich.com\/es\/?s={search_term_string}\"},\"query-input\":\"required name=search_term_string\"}],\"inLanguage\":\"es\"}]}<\/script>\n<!-- \/ Yoast SEO plugin. -->","yoast_head_json":{"title":"Mexican Today - Pati Jinich en Espa\u00f1ol","robots":{"index":"index","follow":"follow","max-snippet":"max-snippet:-1","max-image-preview":"max-image-preview:large","max-video-preview":"max-video-preview:-1"},"canonical":"https:\/\/patijinich.com\/es\/libros\/mexicantoday\/","og_locale":"es_MX","og_type":"article","og_title":"Mexican Today - Pati Jinich en Espa\u00f1ol","og_description":"MEXICAN TODAY: New and Rediscovered Recipes for Contemporary Kitchens Hardcover | Houghton Mifflin Harcourt | Apr. 12, 2016 | 288 P\u00e1ginas Pati Jinich, conductora de la popular serie de televisi\u00f3n de PBS TV, Pati\u2019s Mexican Table (ya en su sexta temporada), ofrece docenas de deliciosas y probadas recetas para preparar platillos mexicanos basados en su [&hellip;]","og_url":"https:\/\/patijinich.com\/es\/libros\/mexicantoday\/","og_site_name":"Pati Jinich en Espa\u00f1ol","article_modified_time":"2017-12-28T22:31:44+00:00","twitter_card":"summary_large_image","twitter_misc":{"Tiempo de lectura":"6 minutos"},"schema":{"@context":"https:\/\/schema.org","@graph":[{"@type":"WebPage","@id":"https:\/\/patijinich.com\/es\/libros\/mexicantoday\/","url":"https:\/\/patijinich.com\/es\/libros\/mexicantoday\/","name":"Mexican Today - Pati Jinich en Espa\u00f1ol","isPartOf":{"@id":"https:\/\/patijinich.com\/es\/#website"},"datePublished":"2017-05-23T17:57:50+00:00","dateModified":"2017-12-28T22:31:44+00:00","breadcrumb":{"@id":"https:\/\/patijinich.com\/es\/libros\/mexicantoday\/#breadcrumb"},"inLanguage":"es","potentialAction":[{"@type":"ReadAction","target":["https:\/\/patijinich.com\/es\/libros\/mexicantoday\/"]}]},{"@type":"BreadcrumbList","@id":"https:\/\/patijinich.com\/es\/libros\/mexicantoday\/#breadcrumb","itemListElement":[{"@type":"ListItem","position":1,"name":"Home","item":"https:\/\/patijinich.com\/es\/"},{"@type":"ListItem","position":2,"name":"Libros","item":"https:\/\/patijinich.com\/es\/libros\/"},{"@type":"ListItem","position":3,"name":"Mexican Today"}]},{"@type":"WebSite","@id":"https:\/\/patijinich.com\/es\/#website","url":"https:\/\/patijinich.com\/es\/","name":"Pati Jinich en Espa\u00f1ol","description":"Pati Jinich es la anfitriona del popular programa de la PBS Pati&#039;s Mexican Table, nominado a los premios Emmy and James Beard, autora de dos libros de cocina y chef residente en el Instituto Cultural Mexicano en Washington, D.C. Esta es su p\u00e1gina oficial, en la comparte recetas de su programa y recetas nuevas en su blog, eventos pr\u00f3ximos, noticias recientes y m\u00e1s.","potentialAction":[{"@type":"SearchAction","target":{"@type":"EntryPoint","urlTemplate":"https:\/\/patijinich.com\/es\/?s={search_term_string}"},"query-input":"required name=search_term_string"}],"inLanguage":"es"}]}},"_links":{"self":[{"href":"https:\/\/patijinich.com\/es\/wp-json\/wp\/v2\/pages\/76","targetHints":{"allow":["GET"]}}],"collection":[{"href":"https:\/\/patijinich.com\/es\/wp-json\/wp\/v2\/pages"}],"about":[{"href":"https:\/\/patijinich.com\/es\/wp-json\/wp\/v2\/types\/page"}],"author":[{"embeddable":true,"href":"https:\/\/patijinich.com\/es\/wp-json\/wp\/v2\/users\/2"}],"replies":[{"embeddable":true,"href":"https:\/\/patijinich.com\/es\/wp-json\/wp\/v2\/comments?post=76"}],"version-history":[{"count":3,"href":"https:\/\/patijinich.com\/es\/wp-json\/wp\/v2\/pages\/76\/revisions"}],"predecessor-version":[{"id":5081,"href":"https:\/\/patijinich.com\/es\/wp-json\/wp\/v2\/pages\/76\/revisions\/5081"}],"up":[{"embeddable":true,"href":"https:\/\/patijinich.com\/es\/wp-json\/wp\/v2\/pages\/73"}],"wp:attachment":[{"href":"https:\/\/patijinich.com\/es\/wp-json\/wp\/v2\/media?parent=76"}],"curies":[{"name":"wp","href":"https:\/\/api.w.org\/{rel}","templated":true}]}}