{"id":79,"date":"2017-05-23T18:10:03","date_gmt":"2017-05-23T18:10:03","guid":{"rendered":"http:\/\/patijinich.com\/es\/?page_id=79"},"modified":"2017-12-28T22:31:54","modified_gmt":"2017-12-28T22:31:54","slug":"patismexicantable","status":"publish","type":"page","link":"https:\/\/patijinich.com\/es\/libros\/patismexicantable\/","title":{"rendered":"Pati&#8217;s Mexican Table"},"content":{"rendered":"<h2><strong><span style=\"color: #ca4a1f;\">PATI&#8217;S MEXICAN TABLE:<\/span><\/strong><img loading=\"lazy\" decoding=\"async\" class=\"alignright size-full wp-image-10994\" src=\"\/wp-content\/uploads\/2012\/12\/PatisMexicanTablecover_web.jpg\" alt=\"Pati's Mexican Table libro\" width=\"440\" height=\"560\" \/><strong><strong><br \/>\nThe Secrets of Real Mexican Home Cooking<\/strong><\/strong><\/h2>\n<header id=\"book-data\">Hardcover | Houghton Mifflin Harcourt | Mar. 5, 2013 | 288 P\u00e1ginas<\/header>\n<p>Pati Jinich, conductora la popular serie de PBS <em>Pati\u2019s Mexican Table<\/em> y como se describe a ella misma \u201cmam\u00e1 s\u00faper ocupada de tres ni\u00f1os con una licuadora poderosa\u201d, tiene una misi\u00f3n: demostrar que la comida casera mexicana es mucho m\u00e1s r\u00e1pida y f\u00e1cil de lo que la mayor\u00eda de los norteamericanos creen.<\/p>\n<p>Sus platillos no est\u00e1n nadando en queso, ni son pesados, ni todos fritos, ni se basan en salsas complicadas. Tampoco son necesariamente picantes. Son sorprendentemente sencillos, e incorporan ingredientes frescos. A\u00fan m\u00e1s importante, se adaptan perfectamente a las comidas diarias familiares, usan pocos ingredientes y muchos de ellos ya est\u00e1n en tu alacena. Muchas de las recetas son especialidades caseras de la mam\u00e1 y abuela de Pati, otras son adaptaciones creativas de platillos cl\u00e1sicos y otras m\u00e1s no son muy conocidas fuera de M\u00e9xico.<\/p>\n<p>Platillos como Pollo a la Basura \u00a1delicioso!; Alb\u00f3ndigas a la mexicana con menta y chipotle; Salm\u00f3n agridulce y Pasta a la mexicana son platillos que pueden darle otros aires a tus men\u00fas diarios. Tambi\u00e9n encontrar\u00e1s varios platillos vegetarianos, como Sopa de aguacate cl\u00e1sica, Huevos divorciados y Quesadillas con champi\u00f1ones estilo Oaxaca.<\/p>\n<h2>Actualmente, el libro s\u00f3lo est\u00e1 disponible en ingl\u00e9s a trav\u00e9s de:<\/h2>\n<h2><a href=\"http:\/\/www.amazon.com\/Patis-Mexican-Table-Secrets-Cooking\/dp\/0547636474\" target=\"_blank\" rel=\"attachment wp-att-11037 noopener noreferrer\"><img loading=\"lazy\" decoding=\"async\" class=\"alignnone wp-image-11037\" src=\"\/wp-content\/uploads\/2015\/11\/retail-logo-amazon-300x156.png\" alt=\"order on amazon\" width=\"180\" height=\"94\" \/><\/a><a href=\"http:\/\/www.barnesandnoble.com\/w\/patis-mexican-table-pati-jinich\/1112182010\" target=\"_blank\" rel=\"attachment wp-att-11038 noopener noreferrer\"><img loading=\"lazy\" decoding=\"async\" class=\"alignnone wp-image-11042\" src=\"\/wp-content\/uploads\/2015\/11\/retail-logos-bn-1-300x156.png\" alt=\"\" width=\"180\" height=\"94\" \/><\/a><a href=\"http:\/\/www.indiebound.org\/book\/9780547636474\" target=\"_blank\" rel=\"attachment wp-att-11039 noopener noreferrer\"><img loading=\"lazy\" decoding=\"async\" class=\"alignnone wp-image-11041\" src=\"\/wp-content\/uploads\/2015\/11\/retail-logos-indiebound-1-300x156.png\" alt=\"\" width=\"180\" height=\"94\" \/><\/a><a href=\"http:\/\/www.booksamillion.com\/p\/Patis-Mexican-Table\/Pati-Jinich\/9780547636474?id=6572134778039\" target=\"_blank\" rel=\"attachment wp-att-11066 noopener noreferrer\"><img loading=\"lazy\" decoding=\"async\" class=\"alignnone wp-image-11066\" src=\"\/wp-content\/uploads\/2012\/12\/retail-logos-bam.png\" alt=\"books a million\" width=\"180\" height=\"94\" \/><\/a><a href=\"http:\/\/www.powells.com\/book\/patis-mexican-table-the-secrets-of-real-mexican-home-cooking-9780547636474\" target=\"_blank\" rel=\"attachment wp-att-11067 noopener noreferrer\"><img loading=\"lazy\" decoding=\"async\" class=\"alignnone wp-image-11067\" src=\"\/wp-content\/uploads\/2012\/12\/retail-logos-powells.png\" alt=\"powell's books\" width=\"180\" height=\"94\" \/><\/a><\/h2>\n<div id=\"divider\"><\/div>\n<h2 class=\"section\">Praise for Pati Jinich <strong>PATI&#8217;S MEXICAN TABLE<\/strong><\/h2>\n<p>\u201cPati Jinich has created the most delicious guide book to the magnificent market-driven home cooking of Mexico that I\u2019ve ever seen. This book makes it simple to create fresh and tasty Mexican food and inspires me to make soft fresh tortillas, pickle my own jalape\u00f1os, and delight in Chicken Tinga with my family. This book will become a family heirloom at my house forever.\u201d &#8211; <strong>Mario Batali<\/strong><\/p>\n<p>\u201cPati is a breath of fresh air in the food world. She\u2019s warm, beyond smart, she\u2019s funny and a generous and gifted cook. She knows Mexican food as her heritage and as a scholar, but knows, too, the realities of being a working mother. She never gave up on the tastes she grew up with, but she\u2019s got an uncanny way of streamlining how she recreates them. This is one of those books you\u2019ll be cooking and learning from for a long time.\u201d &#8211; <strong>Lynne Rossetto Kasper, host of <em>The Splendid Table<\/em> from American Public Media<\/strong><\/p>\n<p>\u201cPati&#8217;s Mexican Table is a gem of a book that guides us through the bold flavors of Mexican cookery. Pati has such skill in delivering recipes full of detail and complexity with a nurturing cadence. This is a staple for every cookbook shelf!&#8221; &#8211; <strong>Hugh Acheson, author of <em>A New Turn in the South<\/em><\/strong><\/p>\n<p>\u201cPati&#8217;s energy and spirit shine through in this beautiful book. The delicious, accessible recipes represent an exciting and fresh side of Mexican cooking \u2014 perfect for sharing with family and friends! The stunning photos, helpful cooking tips, and concise ingredient explanations make this a favorite that you will turn to again and again.\u201d &#8211; <strong>Joan Nathan, author of <em>Quiches, Kugels, and Couscous <\/em><\/strong><\/p>\n<h2 class=\"section\">Read what&#8217;s been said about the book<\/h2>\n<p><strong>Pati&#8217;s Mexican Table is an Amazon Best-Seller.<\/strong> <a href=\"http:\/\/www.amazon.com\/Patis-Mexican-Table-Secrets-Cooking-ebook\/dp\/B008MOFQ50\/ref=zg_bs_4298_1\" target=\"_blank\" rel=\"noopener noreferrer\">See it here<\/a><\/p>\n<p><strong>Pati&#8217;s Mexican Table makes Amazon&#8217;s top 20 &#8220;Best of the Year in Cookbooks&#8221; list for 2013. 11\/7\/13.<\/strong> <a href=\"http:\/\/www.amazon.com\/s\/ref=s9_al_bw_srch?node=7787201011&amp;pf_rd_m=ATVPDKIKX0DER&amp;pf_rd_s=merchandised-search-2&amp;pf_rd_r=0ZJ52BFDN5DXC3HRZB5Z&amp;pf_rd_t=101&amp;pf_rd_p=1647754282&amp;pf_rd_i=7734075011\">Read full list<\/a><\/p>\n<p><strong>Pati&#8217;s Mexican Table makes <em>Gourmand Magazine<\/em>&#8216;s &#8220;Best in the World&#8221; cookbooks list for 2013. 6\/1\/13.<\/strong> <a href=\"http:\/\/www.cookbookfair.com\/index.php\/gourmand-awards\/winners-1995-2014-gg\">Read full list<\/a><\/p>\n<p><strong>Pati&#8217;s Mexican Table makes PBS&#8217;s &#8220;Ten New Cookbooks From 2013 You Should Have in Your Kitchen&#8221; list. 12\/20\/13.<\/strong> <a href=\"http:\/\/www.pbs.org\/food\/features\/best-of-2013-review-cookbooks\/?utm_source=facebook&amp;utm_medium=pbsfood&amp;utm_campaign=pbsfood_yearinfood\" target=\"_blank\" rel=\"noopener noreferrer\">Read full list<\/a><\/p>\n<p><strong>Pati&#8217;s Mexican Table wins an International Latino Book Award in the &#8220;best cookbook&#8221; category. 6\/28\/14. <\/strong><a href=\"https:\/\/app.box.com\/s\/n5jar49ckpbzltfv2umc\" target=\"_blank\" rel=\"noopener noreferrer\">See all winners<\/a><\/p>\n<p><strong>Pati&#8217;s Mexican Table on CNN &#8220;100 books for a lifetime of cooking and drinking.&#8221; 10\/17\/16.<\/strong> <a href=\"http:\/\/edition.cnn.com\/2016\/10\/17\/travel\/amazon-100-books-for-a-lifetime-of-cooking\/index.html\" target=\"_blank\" rel=\"noopener noreferrer\">Read full list<\/a><\/p>\n<p>&#8220;Lots of color, lots of flavor \u2014 that seems to be Jinich\u2019s motto, whether the dish is sweet (guava cheesecake) or savory (shredded pork in ancho-orange sauce).&#8221; &#8211; William Grimes, book review for <em>The New York Times<\/em>. 5\/30\/13. <a href=\"http:\/\/www.nytimes.com\/2013\/06\/02\/books\/review\/bacon-nation-and-more.html?pagewanted=2&amp;_r=2&amp;ref=review&amp;\">Read full review<\/a><\/p>\n<p>&#8220;The book is filled with bright, fresh flavors and dishes that are wonderful in their simplicity.&#8221; \u2014 Book review for <em>Publishers Weekly<\/em>. 12\/17\/12. <a href=\"http:\/\/publishersweekly.com\/978-0-547-63647-4\" target=\"_blank\" rel=\"noopener noreferrer\">Read full review<\/a><\/p>\n<p>&#8220;Chef, cooking teacher, food writer (and mother of three), Jinich has emerged as one of the most passionate and articulate proponents of the simple joys of Mexican home cooking.&#8221; \u2014 Greg Morago, <em>The Houston Chronicle<\/em>. 3\/5\/13. <a href=\"http:\/\/www.chron.com\/life\/food\/article\/Mexican-food-writer-Pati-Jinich-to-visit-Houston-4330733.php\">Read full article<\/a><\/p>\n<p>&#8220;Many of [Pati&#8217;s] favorite homey, way-beyond-taco-salad-and-chimichanga recipes show up in her new cookbook, &#8216;Pati\u2019s Mexican Table: The Secrets of Real Mexican Home Cooking&#8217;\u2026Jinich fills the pages with easy-to-prepare, nonstereotypical cuisine.&#8221; &#8211; Jennifer Barger, <em>The Washington Post Express<\/em>. 3\/15\/13. <a href=\"http:\/\/www.readexpress.com\/2013\/03\/a-real-spice-girl\/\">Read full article<\/a><\/p>\n<p>&#8220;This collection of recipes\u2026emphasizes the sort of home cooking found throughout Mexico\u2026Unlike what most people think of as Mexican food, most of these dishes are nuanced and unfamiliar.&#8221; \u2014 Grant Butler, book review for <em>The Oregonian<\/em>. 3\/4\/13. <a href=\"http:\/\/www.oregonlive.com\/foodday\/index.ssf\/2013\/03\/cookbook_review_patis_mexican.html\">Read full review<\/a><\/p>\n<p>&#8220;Rather than focus on one part of Mexico, Jinich paints with a broad brush of flavor. Favorite recipes include the hearty pinto bean soup from Michoac\u00e1n and the chicken tinga from Puebla.&#8221; \u2014 Miranda Koerner, <em>The San Antonio Express-News<\/em>. 3\/4\/13. <a href=\"http:\/\/www.mysanantonio.com\/community\/southside\/news\/article\/Chef-to-unveil-new-Mexican-recipe-cookbook-4326916.php\">Read full article<\/a><\/p>\n<p>&#8220;Pati Jinich didn\u2019t grow up to be a chef, although she comes from a family of accomplished cooks. She dedicated her life to politics until seven years ago when she decided she would celebrate and demystify Mexican recipes &#8216;without compromising their soul.'&#8221; &#8211; Addie Broyles, <em>The Austin American-Statesman<\/em>. 3\/5\/13. <a href=\"http:\/\/www.statesman.com\/news\/lifestyles\/food-cooking\/food-matters-pati-jinich-shares-her-chicken-tinga-\/nWgkS\/\">Read full article<\/a><\/p>\n<p>&#8220;Pati Jinich&#8217;s bright new book &#8216;Pati&#8217;s Mexican Table&#8217; makes me want to grab a stack of tortillas and start folding. Ms. Jinich, chef of the Mexican Cultural Institute in Washington, D.C., offers colorful dishes and inspiring salsas.&#8221; &#8211; Miriam Rubin, <em>The Pittsburg Post-Gazette<\/em>. 4\/11\/13. <a href=\"http:\/\/www.post-gazette.com\/stories\/life\/food\/spring-chicken-put-some-poultry-in-your-pot-682950\/\">Read full article<\/a><\/p>\n<p>&#8220;With the publication of &#8216;Pati\u2019s Mexican Table: The Secrets of Real Mexican Home Cooking&#8217;\u2026 the circle is complete. Former bookworm policy analyst turned cooking instructor, food blogger, chef and public television culinary host Pati Jinich directs her research, experience, love of country and personal journey onto the printed page.&#8221; &#8211; Bonnie S. Benwick, book review for <em>The Washington Post<\/em>. 3\/12\/13. <a href=\"http:\/\/www.washingtonpost.com\/lifestyle\/food\/book-report-patis-mexican-table\/2013\/03\/12\/b3cb0e4c-86a2-11e2-9d71-f0feafdd1394_story.html\">Read full review<\/a><\/p>\n<p>&#8220;Pati Jinich\u2019s enthusiasm for Mexican cooking is contagious\u2026Her recipes are easy and approachable, and even in a country where Mexican ingredients cannot yet be found in all supermarkets, Pati has many ways to add a Mexican taste to your table.&#8221; &#8211; Bonnie Stern, <em>The National Post<\/em> (Canada). 4\/7\/13. <a href=\"http:\/\/life.nationalpost.com\/2013\/04\/07\/bonnie-stern-theres-no-such-word-as-mexicant\/?utm_source=dlvr.it&amp;utm_medium=twitter\">Read full article<\/a><\/p>\n<p>&#8220;Jinich focuses on accessible everyday Mexican family cooking. These dishes, from salads and soups to drinks and desserts, are fresh, healthy and simple, with lots of big, bold flavours.&#8221; &#8211; Alison Gillmor, book review for <em>The Winnipeg Free Press<\/em>. 4\/17\/13. <a href=\"http:\/\/www.winnipegfreepress.com\/opinion\/columnists\/less-fried-more-fresh-203343771.html\">Read full review<\/a><\/p>\n<p>&#8220;One place where faiths and traditions intermingled &#8216;so beautifully&#8217; in Mexico was at the table around food, [Pati] notes.&#8221; &#8211; Bill Daley, <em>The Chicago Tribune<\/em>. 3\/20\/13. <a href=\"http:\/\/www.chicagotribune.com\/features\/food\/sc-food-0315-mexican-passover-20130320,0,3664280.story\">Read full article<\/a><\/p>\n<p>&#8220;Jinich focuses on the use of simple staples like soft corn tortillas, eggs, basic cuts of meat and lush produce, transforming them with fragrant spices, magical salsas and traditional Mexican cooking techniques to yield deeply flavorful, south-of-the-border-inspired meals that are right at home in any American kitchen. In short, this is home cooking for the people who really do cook at home.&#8221; &#8211; Nina Terrero, book review for NBC Latino. 4\/11\/13. <a href=\"http:\/\/nbclatino.com\/2013\/04\/11\/cookbooks-we-love-patis-mexican-table\/\">Read full review<\/a><\/p>\n<p>&#8220;Surprising in their simplicity and freshness, Jinich&#8217;s recipes incorporate fresh produce and grains. Most important, they fit perfectly into an everyday family cooking schedule and use just a handful of ingredients, most of which are already in your pantry.&#8221; &#8211; <em>Canadian House &amp; Home<\/em>. 4\/22\/13. <a href=\"http:\/\/houseandhome.com\/food\/menus\/recipes-patis-mexican-table\">Read full article<\/a><\/p>\n<p>&#8220;<em>Pati\u2019s Mexican Table<\/em> is sure to become a favorite, drawing you back to the kitchen time and time again, armed with the tips and tricks you\u2019ll need to make these wonderful dishes a part of your family\u2019s every day.&#8221; \u2014 Ana Sofia Pelaez, book review for <em>The Latin Kitchen<\/em>. 3\/5\/13. <a href=\"http:\/\/www.thelatinkitchen.com\/article\/cookbook-shelf-patis-mexican-table\">Read full review<\/a><\/p>\n<p>&#8220;<em>Pati&#8217;s Mexican Table<\/em> is a thoughtful book detailing fairly simple Mexican dishes that are easy to incorporate into everyday American cooking.&#8221; &#8211; Kate Williams, book review for <em>Serious Eats<\/em>. 4\/1\/13. <a href=\"http:\/\/www.seriouseats.com\/2013\/04\/cook-the-book-patis-mexican-table.html?ref=search\">Read full review<\/a><\/p>\n<p>&#8220;&#8216;Mexican home cooking is beautiful in its simplicity, tremendously convenient, and wholesome,&#8217; [Pati] writes, and it&#8217;s these qualities that make her cookbook universally appealing, while her energetic and honest writing keep the reader engaged.&#8221; &#8211; Roni K. Devlin, owner of Literary Life Bookstore, book review for <em>Shelf Awareness<\/em>. 3\/12\/13. <a href=\"http:\/\/www.shelf-awareness.com\/readers-issue.html?issue=178#m3379\">Read full review<\/a><\/p>\n<p>&#8220;The former Dallas resident, who once worked for chef Stephan Pyles and now resides in D.C., has just released <em>Pati\u2019s Mexican Table<\/em>, a cookbook offering keen insight on how best to cook the popular fare in your own home.&#8221; &#8211; <em>Pure Wow<\/em>. 3\/19\/13. <a href=\"http:\/\/www.purewow.com\/entry_detail\/dallas\/5124\/Translating-Mexican-food-for-our-cucinas.htm\">Read full article<\/a><\/p>\n<p>&#8220;Pati\u2019s emphasis on simple. She notes that many of her dishes are even tastier when made ahead, adding to their convenience. She gives a &#8216;Mexican Cook\u2019s Tip&#8217; for most recipes, and the cookbook is sprinkled liberally with green boxes highlighting need-to-know topics.&#8221; &#8211; book review for Cooks &amp; Books &amp; Recipes. 5\/1\/2013. <a href=\"http:\/\/www.cooksandbooksandrecipes.com\/2013\/04\/patis-mexican-table-the-secrets-of-real-mexican-home-cooking\/\">Read full review<\/a><\/p>\n<p>&#8220;By combining her knowledge of traditional recipes with her endless culinary creativity, Jinich\u2019s book is perfect for families who want to diversify their nightly menus with easy, healthy, and flavourful meals.&#8221; &#8211; Suzanne Gardner, Cityline (Canada). 5\/24\/13. <a href=\"http:\/\/www.cityline.ca\/2013\/05\/from-her-table-to-yours-pati-jinich-showcases-authentic-home-style-mexican-cuisine\/\">Read full article <\/a><\/p>\n<p>&#8220;Fans of her show on Public Television will recognize the verve and appeal of the food featured in Pati Jinich\u2019s Pati\u2019s Mexican Table\u2026Far from the standard extra spicy, heavy dishes dripping with melted cheese, Pati\u2019s recipes are &#8216;beautiful in simplicity, tremendously convenient, and wholesome.'&#8221; &#8211; Michall Jeffers, book review for Woman Around Town. 5\/25\/13. <a href=\"http:\/\/www.womanaroundtown.com\/sections\/reading-around\/a-feast-of-cookbooks\">Read full review<\/a><\/p>\n<p>&#8220;If you\u2019re like me and love the flavors of Mexican cuisine and are curious to try preparing it in your home kitchen, Pati\u2019s Mexican Table is a priceless resource&#8230;[Pati&#8217;s] debut cookbook is so user-friendly, it will quickly put your fear of unknown spices and techniques completely at ease.&#8221; &#8211; book review for Nashville Public Library. 7\/23\/13. <a href=\"http:\/\/nashvillepubliclibrary.org\/offtheshelf\/book-review-patis-mexican-table\/\">Read full review<\/a><\/p>\n","protected":false},"excerpt":{"rendered":"<p>PATI&#8217;S MEXICAN TABLE: The Secrets of Real Mexican Home Cooking Hardcover | Houghton Mifflin Harcourt | Mar. 5, 2013 | 288 P\u00e1ginas Pati Jinich, conductora la popular serie de PBS Pati\u2019s Mexican Table y como se describe a ella misma \u201cmam\u00e1 s\u00faper ocupada de tres ni\u00f1os con una licuadora poderosa\u201d, tiene una misi\u00f3n: demostrar que [&hellip;]<\/p>\n","protected":false},"author":2,"featured_media":0,"parent":73,"menu_order":0,"comment_status":"closed","ping_status":"closed","template":"","meta":{"_acf_changed":false,"wprm-recipe-roundup-name":"","wprm-recipe-roundup-description":"","footnotes":""},"class_list":["post-79","page","type-page","status-publish","hentry","has-green-color"],"acf":[],"yoast_head":"<!-- This site is optimized with the Yoast SEO plugin v22.0 - https:\/\/yoast.com\/wordpress\/plugins\/seo\/ -->\n<title>Pati&#039;s Mexican Table - Pati Jinich en Espa\u00f1ol<\/title>\n<meta name=\"robots\" content=\"index, follow, max-snippet:-1, max-image-preview:large, max-video-preview:-1\" \/>\n<link rel=\"canonical\" href=\"https:\/\/patijinich.com\/es\/libros\/patismexicantable\/\" \/>\n<meta property=\"og:locale\" content=\"es_MX\" \/>\n<meta property=\"og:type\" content=\"article\" \/>\n<meta property=\"og:title\" content=\"Pati&#039;s Mexican Table - Pati Jinich en Espa\u00f1ol\" \/>\n<meta property=\"og:description\" content=\"PATI&#8217;S MEXICAN TABLE: The Secrets of Real Mexican Home Cooking Hardcover | Houghton Mifflin Harcourt | Mar. 5, 2013 | 288 P\u00e1ginas Pati Jinich, conductora la popular serie de PBS Pati\u2019s Mexican Table y como se describe a ella misma \u201cmam\u00e1 s\u00faper ocupada de tres ni\u00f1os con una licuadora poderosa\u201d, tiene una misi\u00f3n: demostrar que [&hellip;]\" \/>\n<meta property=\"og:url\" content=\"https:\/\/patijinich.com\/es\/libros\/patismexicantable\/\" \/>\n<meta property=\"og:site_name\" content=\"Pati Jinich en Espa\u00f1ol\" \/>\n<meta property=\"article:modified_time\" content=\"2017-12-28T22:31:54+00:00\" \/>\n<meta name=\"twitter:card\" content=\"summary_large_image\" \/>\n<meta name=\"twitter:label1\" content=\"Tiempo de lectura\" \/>\n\t<meta name=\"twitter:data1\" content=\"8 minutos\" \/>\n<script type=\"application\/ld+json\" class=\"yoast-schema-graph\">{\"@context\":\"https:\/\/schema.org\",\"@graph\":[{\"@type\":\"WebPage\",\"@id\":\"https:\/\/patijinich.com\/es\/libros\/patismexicantable\/\",\"url\":\"https:\/\/patijinich.com\/es\/libros\/patismexicantable\/\",\"name\":\"Pati's Mexican Table - Pati Jinich en Espa\u00f1ol\",\"isPartOf\":{\"@id\":\"https:\/\/patijinich.com\/es\/#website\"},\"datePublished\":\"2017-05-23T18:10:03+00:00\",\"dateModified\":\"2017-12-28T22:31:54+00:00\",\"breadcrumb\":{\"@id\":\"https:\/\/patijinich.com\/es\/libros\/patismexicantable\/#breadcrumb\"},\"inLanguage\":\"es\",\"potentialAction\":[{\"@type\":\"ReadAction\",\"target\":[\"https:\/\/patijinich.com\/es\/libros\/patismexicantable\/\"]}]},{\"@type\":\"BreadcrumbList\",\"@id\":\"https:\/\/patijinich.com\/es\/libros\/patismexicantable\/#breadcrumb\",\"itemListElement\":[{\"@type\":\"ListItem\",\"position\":1,\"name\":\"Home\",\"item\":\"https:\/\/patijinich.com\/es\/\"},{\"@type\":\"ListItem\",\"position\":2,\"name\":\"Libros\",\"item\":\"https:\/\/patijinich.com\/es\/libros\/\"},{\"@type\":\"ListItem\",\"position\":3,\"name\":\"Pati&#8217;s Mexican Table\"}]},{\"@type\":\"WebSite\",\"@id\":\"https:\/\/patijinich.com\/es\/#website\",\"url\":\"https:\/\/patijinich.com\/es\/\",\"name\":\"Pati Jinich en Espa\u00f1ol\",\"description\":\"Pati Jinich es la anfitriona del popular programa de la PBS Pati&#039;s Mexican Table, nominado a los premios Emmy and James Beard, autora de dos libros de cocina y chef residente en el Instituto Cultural Mexicano en Washington, D.C. Esta es su p\u00e1gina oficial, en la comparte recetas de su programa y recetas nuevas en su blog, eventos pr\u00f3ximos, noticias recientes y m\u00e1s.\",\"potentialAction\":[{\"@type\":\"SearchAction\",\"target\":{\"@type\":\"EntryPoint\",\"urlTemplate\":\"https:\/\/patijinich.com\/es\/?s={search_term_string}\"},\"query-input\":\"required name=search_term_string\"}],\"inLanguage\":\"es\"}]}<\/script>\n<!-- \/ Yoast SEO plugin. -->","yoast_head_json":{"title":"Pati's Mexican Table - Pati Jinich en Espa\u00f1ol","robots":{"index":"index","follow":"follow","max-snippet":"max-snippet:-1","max-image-preview":"max-image-preview:large","max-video-preview":"max-video-preview:-1"},"canonical":"https:\/\/patijinich.com\/es\/libros\/patismexicantable\/","og_locale":"es_MX","og_type":"article","og_title":"Pati's Mexican Table - Pati Jinich en Espa\u00f1ol","og_description":"PATI&#8217;S MEXICAN TABLE: The Secrets of Real Mexican Home Cooking Hardcover | Houghton Mifflin Harcourt | Mar. 5, 2013 | 288 P\u00e1ginas Pati Jinich, conductora la popular serie de PBS Pati\u2019s Mexican Table y como se describe a ella misma \u201cmam\u00e1 s\u00faper ocupada de tres ni\u00f1os con una licuadora poderosa\u201d, tiene una misi\u00f3n: demostrar que [&hellip;]","og_url":"https:\/\/patijinich.com\/es\/libros\/patismexicantable\/","og_site_name":"Pati Jinich en Espa\u00f1ol","article_modified_time":"2017-12-28T22:31:54+00:00","twitter_card":"summary_large_image","twitter_misc":{"Tiempo de lectura":"8 minutos"},"schema":{"@context":"https:\/\/schema.org","@graph":[{"@type":"WebPage","@id":"https:\/\/patijinich.com\/es\/libros\/patismexicantable\/","url":"https:\/\/patijinich.com\/es\/libros\/patismexicantable\/","name":"Pati's Mexican Table - Pati Jinich en Espa\u00f1ol","isPartOf":{"@id":"https:\/\/patijinich.com\/es\/#website"},"datePublished":"2017-05-23T18:10:03+00:00","dateModified":"2017-12-28T22:31:54+00:00","breadcrumb":{"@id":"https:\/\/patijinich.com\/es\/libros\/patismexicantable\/#breadcrumb"},"inLanguage":"es","potentialAction":[{"@type":"ReadAction","target":["https:\/\/patijinich.com\/es\/libros\/patismexicantable\/"]}]},{"@type":"BreadcrumbList","@id":"https:\/\/patijinich.com\/es\/libros\/patismexicantable\/#breadcrumb","itemListElement":[{"@type":"ListItem","position":1,"name":"Home","item":"https:\/\/patijinich.com\/es\/"},{"@type":"ListItem","position":2,"name":"Libros","item":"https:\/\/patijinich.com\/es\/libros\/"},{"@type":"ListItem","position":3,"name":"Pati&#8217;s Mexican Table"}]},{"@type":"WebSite","@id":"https:\/\/patijinich.com\/es\/#website","url":"https:\/\/patijinich.com\/es\/","name":"Pati Jinich en Espa\u00f1ol","description":"Pati Jinich es la anfitriona del popular programa de la PBS Pati&#039;s Mexican Table, nominado a los premios Emmy and James Beard, autora de dos libros de cocina y chef residente en el Instituto Cultural Mexicano en Washington, D.C. Esta es su p\u00e1gina oficial, en la comparte recetas de su programa y recetas nuevas en su blog, eventos pr\u00f3ximos, noticias recientes y m\u00e1s.","potentialAction":[{"@type":"SearchAction","target":{"@type":"EntryPoint","urlTemplate":"https:\/\/patijinich.com\/es\/?s={search_term_string}"},"query-input":"required name=search_term_string"}],"inLanguage":"es"}]}},"_links":{"self":[{"href":"https:\/\/patijinich.com\/es\/wp-json\/wp\/v2\/pages\/79","targetHints":{"allow":["GET"]}}],"collection":[{"href":"https:\/\/patijinich.com\/es\/wp-json\/wp\/v2\/pages"}],"about":[{"href":"https:\/\/patijinich.com\/es\/wp-json\/wp\/v2\/types\/page"}],"author":[{"embeddable":true,"href":"https:\/\/patijinich.com\/es\/wp-json\/wp\/v2\/users\/2"}],"replies":[{"embeddable":true,"href":"https:\/\/patijinich.com\/es\/wp-json\/wp\/v2\/comments?post=79"}],"version-history":[{"count":2,"href":"https:\/\/patijinich.com\/es\/wp-json\/wp\/v2\/pages\/79\/revisions"}],"predecessor-version":[{"id":5083,"href":"https:\/\/patijinich.com\/es\/wp-json\/wp\/v2\/pages\/79\/revisions\/5083"}],"up":[{"embeddable":true,"href":"https:\/\/patijinich.com\/es\/wp-json\/wp\/v2\/pages\/73"}],"wp:attachment":[{"href":"https:\/\/patijinich.com\/es\/wp-json\/wp\/v2\/media?parent=79"}],"curies":[{"name":"wp","href":"https:\/\/api.w.org\/{rel}","templated":true}]}}