{"id":12160,"date":"2020-10-13T20:31:20","date_gmt":"2020-10-13T20:31:20","guid":{"rendered":"https:\/\/patijinich.com\/pati_2020\/es\/?page_id=12160"},"modified":"2020-10-16T00:33:39","modified_gmt":"2020-10-16T00:33:39","slug":"patis-mexican-table-temporada-9","status":"publish","type":"page","link":"https:\/\/patijinich.com\/pati_2020\/es\/programa\/patis-mexican-table-temporada-9\/","title":{"rendered":"Temporada 9"},"content":{"rendered":"<h1>Pati&#8217;s Mexican Table Temporada 9<\/h1>\n<p><!--Episodio 901--><\/p>\n<h2>Episodio 901: Tucson: La puerta a Sonora<\/h2>\n<p>En Tucson, Pati aprende los pasos b\u00e1sicos para hacer pan artesanal de uno de los mejores panaderos de Estados Unidos, Don Guerra de Barrio Bakery. Esta experiencia la lleva a cruzar la frontera hacia Sonora, M\u00e9xico, para ver d\u00f3nde se origina el trigo sonorense que Don usa. Pati lleva lo que aprendi\u00f3 a su cocina para crear un men\u00fa de ricas recetas que usan harina de trigo.<\/p>\n<p class=\"ssn-featured-recipes\">Recetas de este Episodio:<\/p>\n<p><center><div class=\"post hentry ivycat-post\"><span class=\"pip-not-found\"><\/span><\/div><\/center><\/p>\n<div class=\"fork-divider\">\n<div class=\"fork-icon\"><img src=\"\/wp-content\/uploads\/2017\/10\/fork.gif\"><\/div>\n<div class=\"div-line\"><\/div>\n<\/div>\n<p><!--Episodio 902--><\/p>\n<h2>Episodio 902: Tour culinario por Hermosillo<\/h2>\n<p>Pati pasa el d\u00eda en la capital de Sonora, Hermosillo, y visita algunos de los mejores destinos culinarios. Desde los gigantescos burritos de Do\u00f1a Guille, hasta el fest\u00edn de carne con el due\u00f1o del famoso restaurante Mochomos. Va con los j\u00f3venes al parque de cervezas La Ruina, y el viaje no estar\u00eda completo sin una parada en los hot dogs sonorenses, por lo que Pati prueba la gama completa de la escena culinaria de Hermosillo.<\/p>\n<div class=\"fork-divider\">\n<div class=\"fork-icon\"><img src=\"\/wp-content\/uploads\/2017\/10\/fork.gif\"><\/div>\n<div class=\"div-line\"><\/div>\n<\/div>\n<p><!--Episodio 903--><\/p>\n<h2>Episodio 903: La bendici\u00f3n y el \u201cbeneficio\u201d<\/h2>\n<p>Pati experimenta dos importantes tradiciones culinarias de Sonora. Primero, en la costa de Bah\u00eda Kino, los pescadores locales reciben la bendici\u00f3n de una mujer de la tribu Seri antes de salir al mar en busca de callos de hacha gigantes. Luego, en el pueblo monta\u00f1oso de Matape, Nere, una de las pocas mujeres carniceras, comparte con Pati una tradici\u00f3n llamada el \u201cbeneficio\u201d.<\/p>\n<div class=\"fork-divider\">\n<div class=\"fork-icon\"><img src=\"\/wp-content\/uploads\/2017\/10\/fork.gif\"><\/div>\n<div class=\"div-line\"><\/div>\n<\/div>\n<p><!--Episodio 904--><\/p>\n<h2>Episodio 904: Carne asada con la familia<\/h2>\n<p>Pati pasa tiempo con sus hijos y les ense\u00f1a a preparar una comida sonorense cl\u00e1sica. Primero, les ense\u00f1a lo b\u00e1sico de una verdadera tradici\u00f3n sonorense \u2014 carne asada. Luego, para el postre, una tarta de uvas con cacahuate.<\/p>\n<p class=\"ssn-featured-recipes\">Recetas de este Episodio:<\/p>\n<p><center><div class=\"post hentry ivycat-post\"><span class=\"pip-not-found\"><\/span><\/div><\/center><\/p>\n<div class=\"fork-divider\">\n<div class=\"fork-icon\"><img src=\"\/wp-content\/uploads\/2017\/10\/fork.gif\"><\/div>\n<div class=\"div-line\"><\/div>\n<\/div>\n<p><!--Episodio 905--><\/p>\n<h2>Episodio 905: El poder de la harina<\/h2>\n<p>El trigo y la carne son dos productos b\u00e1sicos de la cocina sonorense, y Pati nos ense\u00f1a su versi\u00f3n de una receta cl\u00e1sica que usa ambos, un burrito de carne con chile. En Sonora, visita uno de los molinos de harina m\u00e1s antiguos de Hermosillo, y recibe una clase sobre la preparaci\u00f3n de las coyotas, un postre tradicional, en una panader\u00eda local. Luego, Pati nos muestra c\u00f3mo hacer coyotas en casa.<\/p>\n<p class=\"ssn-featured-recipes\">Recetas de este Episodio:<\/p>\n<p><center><div class=\"post hentry ivycat-post\"><span class=\"pip-not-found\"><\/span><\/div><\/center><\/p>\n<div class=\"fork-divider\">\n<div class=\"fork-icon\"><img src=\"\/wp-content\/uploads\/2017\/10\/fork.gif\"><\/div>\n<div class=\"div-line\"><\/div>\n<\/div>\n<p><!--Episodio 906--><\/p>\n<h2>Episodio 906: Favoritos sonorenses para Sami<\/h2>\n<p>Pati pasa el d\u00eda en la cocina con su segundo hijo, Sami. Preparan recetas inspiradas en el viaje de Pati a Sonora, que sabe le van a encantar. En Sonora, Pati ve personalmente c\u00f3mo el lazo familiar puede ser el secreto para recetas deliciosas en el famoso puesto familiar, Johnny\u2019s Tacos en Hermosillo.<\/p>\n<p class=\"ssn-featured-recipes\">Recetas de este Episodio:<\/p>\n<p><center><div class=\"post hentry ivycat-post\"><span class=\"pip-not-found\"><\/span><\/div><\/center><\/p>\n<div class=\"fork-divider\">\n<div class=\"fork-icon\"><img src=\"\/wp-content\/uploads\/2017\/10\/fork.gif\"><\/div>\n<div class=\"div-line\"><\/div>\n<\/div>\n<p><!--Episodio 907--><\/p>\n<h2>Episodio 907: Leyendas del mar sonorense<\/h2>\n<p>Pati viaja a la cosa de Sonora en el Mar de Cort\u00e9s, donde la leyenda local To\u00f1o Contreras le da un tour que incluye mariscos en la playa, su restaurante Mariscos El Rey y la cocina de su casa para unas recetas de antojo. Todo inspira a Pati a hacer recetas rellenas de mariscos en casa.<\/p>\n<p class=\"ssn-featured-recipes\">Recetas de este Episodio:<\/p>\n<p><center><div class=\"post hentry ivycat-post\"><span class=\"pip-not-found\"><\/span><\/div><\/center><\/p>\n<div class=\"fork-divider\">\n<div class=\"fork-icon\"><img src=\"\/wp-content\/uploads\/2017\/10\/fork.gif\"><\/div>\n<div class=\"div-line\"><\/div>\n<\/div>\n<p><!--Episodio 908--><\/p>\n<h2>Episodio 908: S\u00faper Sonorense<\/h2>\n<p>Pati hace tres recetas cl\u00e1sicas sonorenses, una comida completa cada una \u2014 una muy especial llamada pescado zarandeado, un sustancio caldo llamado gallina pinta y un rico arroz con almejas. En Sonora, visita el destino vacacional de Puerto Pe\u00f1asco, donde algunos de los mejores chefs la llevan al mercado local y a la invitan a un fest\u00edn de sus recetas favoritas de la regi\u00f3n.<\/p>\n<p class=\"ssn-featured-recipes\">Recetas de este Episodio:<\/p>\n<p><center><div class=\"post hentry ivycat-post\"><span class=\"pip-not-found\"><\/span><\/div><\/center><\/p>\n<div class=\"fork-divider\">\n<div class=\"fork-icon\"><img src=\"\/wp-content\/uploads\/2017\/10\/fork.gif\"><\/div>\n<div class=\"div-line\"><\/div>\n<\/div>\n<p><!--Episodio 909--><\/p>\n<h2>Episodio 909: Comida sonorense para mi equipo<\/h2>\n<p>Mientras Pati viaja con su equipo de producci\u00f3n por el vasto estado de Sonora, se inspira por los sabores fuertes y sus ingredientes. Hacen una parada en una hermosa hacienda a las afueras de Hermosillo, donde Pati prepara su versi\u00f3n de un verdadero fest\u00edn sonorense en una cocina exterior r\u00fastica. En agradecimiento, esta comida es para su equipo.<\/p>\n<p class=\"ssn-featured-recipes\">Recetas de este Episodio:<\/p>\n<p><center><div class=\"post hentry ivycat-post\"><span class=\"pip-not-found\"><\/span><\/div><\/center><\/p>\n<div class=\"fork-divider\">\n<div class=\"fork-icon\"><img src=\"\/wp-content\/uploads\/2017\/10\/fork.gif\"><\/div>\n<div class=\"div-line\"><\/div>\n<\/div>\n<p><!--Episodio 910--><\/p>\n<h2>Episodio 910: Sabores norte\u00f1os<\/h2>\n<p>Pati se inspira en los sabores norte\u00f1os de Sonora donde el desierto caliente y \u00e1rido se presta para recetas sorprendentes y sustanciosas. Prepara unos tamales tradicionales con ma\u00edz, chiles y queso, y para el plato principal, chuletas de cuerpo cubiertas con una ensalada de uvas encurtidas. En Sonora, visita una hacienda tradicional, donde prueba el sabor verdadero de la comida de los ranchos sonorenses.<\/p>\n<p class=\"ssn-featured-recipes\">Recetas de este Episodio:<\/p>\n<p><center><div class=\"post hentry ivycat-post\"><span class=\"pip-not-found\"><\/span><\/div><\/center><\/p>\n<div class=\"fork-divider\">\n<div class=\"fork-icon\"><img src=\"\/wp-content\/uploads\/2017\/10\/fork.gif\"><\/div>\n<div class=\"div-line\"><\/div>\n<\/div>\n","protected":false},"excerpt":{"rendered":"<p>Pati&#8217;s Mexican Table Temporada 9 Episodio 901: Tucson: La puerta a Sonora En Tucson, Pati aprende los pasos b\u00e1sicos para hacer pan artesanal de uno de los mejores panaderos de Estados Unidos, Don Guerra de Barrio Bakery. Esta experiencia la lleva a cruzar la frontera hacia Sonora, M\u00e9xico, para ver d\u00f3nde se origina el trigo [&hellip;]<\/p>\n","protected":false},"author":4,"featured_media":0,"parent":5037,"menu_order":0,"comment_status":"closed","ping_status":"closed","template":"page-templates\/page_tvseasonrecipes.php","meta":{"wprm-recipe-roundup-name":"","wprm-recipe-roundup-description":""},"yoast_head":"<!-- This site is optimized with the Yoast SEO plugin v19.1 - https:\/\/yoast.com\/wordpress\/plugins\/seo\/ -->\n<title>Temporada 9 - Pati Jinich en Espa\u00f1ol<\/title>\n<meta name=\"robots\" content=\"index, follow, max-snippet:-1, max-image-preview:large, max-video-preview:-1\" \/>\n<link rel=\"canonical\" href=\"https:\/\/patijinich.com\/pati_2020\/es\/programa\/patis-mexican-table-temporada-9\/\" \/>\n<meta property=\"og:locale\" content=\"es_MX\" \/>\n<meta property=\"og:type\" content=\"article\" \/>\n<meta property=\"og:title\" content=\"Temporada 9 - Pati Jinich en Espa\u00f1ol\" \/>\n<meta property=\"og:description\" content=\"Pati&#8217;s Mexican Table Temporada 9 Episodio 901: Tucson: La puerta a Sonora En Tucson, Pati aprende los pasos b\u00e1sicos para hacer pan artesanal de uno de los mejores panaderos de Estados Unidos, Don Guerra de Barrio Bakery. Esta experiencia la lleva a cruzar la frontera hacia Sonora, M\u00e9xico, para ver d\u00f3nde se origina el trigo [&hellip;]\" \/>\n<meta property=\"og:url\" content=\"https:\/\/patijinich.com\/pati_2020\/es\/programa\/patis-mexican-table-temporada-9\/\" \/>\n<meta property=\"og:site_name\" content=\"Pati Jinich en Espa\u00f1ol\" \/>\n<meta property=\"article:modified_time\" content=\"2020-10-16T00:33:39+00:00\" \/>\n<meta name=\"twitter:card\" content=\"summary_large_image\" \/>\n<meta name=\"twitter:label1\" content=\"Est. reading time\" \/>\n\t<meta name=\"twitter:data1\" content=\"4 minutos\" \/>\n<script type=\"application\/ld+json\" class=\"yoast-schema-graph\">{\"@context\":\"https:\/\/schema.org\",\"@graph\":[{\"@type\":\"WebSite\",\"@id\":\"https:\/\/patijinich.com\/pati_2020\/es\/#website\",\"url\":\"https:\/\/patijinich.com\/pati_2020\/es\/\",\"name\":\"Pati Jinich en Espa\u00f1ol\",\"description\":\"Pati Jinich es la anfitriona del popular programa de la PBS Pati&#039;s Mexican Table, nominado a los premios Emmy and James Beard, autora de dos libros de cocina y chef residente en el Instituto Cultural Mexicano en Washington, D.C. Esta es su p\u00e1gina oficial, en la comparte recetas de su programa y recetas nuevas en su blog, eventos pr\u00f3ximos, noticias recientes y m\u00e1s.\",\"potentialAction\":[{\"@type\":\"SearchAction\",\"target\":{\"@type\":\"EntryPoint\",\"urlTemplate\":\"https:\/\/patijinich.com\/pati_2020\/es\/?s={search_term_string}\"},\"query-input\":\"required name=search_term_string\"}],\"inLanguage\":\"es-MX\"},{\"@type\":\"WebPage\",\"@id\":\"https:\/\/patijinich.com\/pati_2020\/es\/programa\/patis-mexican-table-temporada-9\/#webpage\",\"url\":\"https:\/\/patijinich.com\/pati_2020\/es\/programa\/patis-mexican-table-temporada-9\/\",\"name\":\"Temporada 9 - Pati Jinich en Espa\u00f1ol\",\"isPartOf\":{\"@id\":\"https:\/\/patijinich.com\/pati_2020\/es\/#website\"},\"datePublished\":\"2020-10-13T20:31:20+00:00\",\"dateModified\":\"2020-10-16T00:33:39+00:00\",\"breadcrumb\":{\"@id\":\"https:\/\/patijinich.com\/pati_2020\/es\/programa\/patis-mexican-table-temporada-9\/#breadcrumb\"},\"inLanguage\":\"es-MX\",\"potentialAction\":[{\"@type\":\"ReadAction\",\"target\":[\"https:\/\/patijinich.com\/pati_2020\/es\/programa\/patis-mexican-table-temporada-9\/\"]}]},{\"@type\":\"BreadcrumbList\",\"@id\":\"https:\/\/patijinich.com\/pati_2020\/es\/programa\/patis-mexican-table-temporada-9\/#breadcrumb\",\"itemListElement\":[{\"@type\":\"ListItem\",\"position\":1,\"name\":\"Home\",\"item\":\"https:\/\/patijinich.com\/pati_2020\/es\/\"},{\"@type\":\"ListItem\",\"position\":2,\"name\":\"Programa\",\"item\":\"https:\/\/patijinich.com\/pati_2020\/es\/programa\/\"},{\"@type\":\"ListItem\",\"position\":3,\"name\":\"Temporada 9\"}]}]}<\/script>\n<!-- \/ Yoast SEO plugin. -->","yoast_head_json":{"title":"Temporada 9 - Pati Jinich en Espa\u00f1ol","robots":{"index":"index","follow":"follow","max-snippet":"max-snippet:-1","max-image-preview":"max-image-preview:large","max-video-preview":"max-video-preview:-1"},"canonical":"https:\/\/patijinich.com\/pati_2020\/es\/programa\/patis-mexican-table-temporada-9\/","og_locale":"es_MX","og_type":"article","og_title":"Temporada 9 - Pati Jinich en Espa\u00f1ol","og_description":"Pati&#8217;s Mexican Table Temporada 9 Episodio 901: Tucson: La puerta a Sonora En Tucson, Pati aprende los pasos b\u00e1sicos para hacer pan artesanal de uno de los mejores panaderos de Estados Unidos, Don Guerra de Barrio Bakery. Esta experiencia la lleva a cruzar la frontera hacia Sonora, M\u00e9xico, para ver d\u00f3nde se origina el trigo [&hellip;]","og_url":"https:\/\/patijinich.com\/pati_2020\/es\/programa\/patis-mexican-table-temporada-9\/","og_site_name":"Pati Jinich en Espa\u00f1ol","article_modified_time":"2020-10-16T00:33:39+00:00","twitter_card":"summary_large_image","twitter_misc":{"Est. reading time":"4 minutos"},"schema":{"@context":"https:\/\/schema.org","@graph":[{"@type":"WebSite","@id":"https:\/\/patijinich.com\/pati_2020\/es\/#website","url":"https:\/\/patijinich.com\/pati_2020\/es\/","name":"Pati Jinich en Espa\u00f1ol","description":"Pati Jinich es la anfitriona del popular programa de la PBS Pati&#039;s Mexican Table, nominado a los premios Emmy and James Beard, autora de dos libros de cocina y chef residente en el Instituto Cultural Mexicano en Washington, D.C. Esta es su p\u00e1gina oficial, en la comparte recetas de su programa y recetas nuevas en su blog, eventos pr\u00f3ximos, noticias recientes y m\u00e1s.","potentialAction":[{"@type":"SearchAction","target":{"@type":"EntryPoint","urlTemplate":"https:\/\/patijinich.com\/pati_2020\/es\/?s={search_term_string}"},"query-input":"required name=search_term_string"}],"inLanguage":"es-MX"},{"@type":"WebPage","@id":"https:\/\/patijinich.com\/pati_2020\/es\/programa\/patis-mexican-table-temporada-9\/#webpage","url":"https:\/\/patijinich.com\/pati_2020\/es\/programa\/patis-mexican-table-temporada-9\/","name":"Temporada 9 - Pati Jinich en Espa\u00f1ol","isPartOf":{"@id":"https:\/\/patijinich.com\/pati_2020\/es\/#website"},"datePublished":"2020-10-13T20:31:20+00:00","dateModified":"2020-10-16T00:33:39+00:00","breadcrumb":{"@id":"https:\/\/patijinich.com\/pati_2020\/es\/programa\/patis-mexican-table-temporada-9\/#breadcrumb"},"inLanguage":"es-MX","potentialAction":[{"@type":"ReadAction","target":["https:\/\/patijinich.com\/pati_2020\/es\/programa\/patis-mexican-table-temporada-9\/"]}]},{"@type":"BreadcrumbList","@id":"https:\/\/patijinich.com\/pati_2020\/es\/programa\/patis-mexican-table-temporada-9\/#breadcrumb","itemListElement":[{"@type":"ListItem","position":1,"name":"Home","item":"https:\/\/patijinich.com\/pati_2020\/es\/"},{"@type":"ListItem","position":2,"name":"Programa","item":"https:\/\/patijinich.com\/pati_2020\/es\/programa\/"},{"@type":"ListItem","position":3,"name":"Temporada 9"}]}]}},"_links":{"self":[{"href":"https:\/\/patijinich.com\/pati_2020\/es\/wp-json\/wp\/v2\/pages\/12160"}],"collection":[{"href":"https:\/\/patijinich.com\/pati_2020\/es\/wp-json\/wp\/v2\/pages"}],"about":[{"href":"https:\/\/patijinich.com\/pati_2020\/es\/wp-json\/wp\/v2\/types\/page"}],"author":[{"embeddable":true,"href":"https:\/\/patijinich.com\/pati_2020\/es\/wp-json\/wp\/v2\/users\/4"}],"replies":[{"embeddable":true,"href":"https:\/\/patijinich.com\/pati_2020\/es\/wp-json\/wp\/v2\/comments?post=12160"}],"version-history":[{"count":6,"href":"https:\/\/patijinich.com\/pati_2020\/es\/wp-json\/wp\/v2\/pages\/12160\/revisions"}],"predecessor-version":[{"id":12219,"href":"https:\/\/patijinich.com\/pati_2020\/es\/wp-json\/wp\/v2\/pages\/12160\/revisions\/12219"}],"up":[{"embeddable":true,"href":"https:\/\/patijinich.com\/pati_2020\/es\/wp-json\/wp\/v2\/pages\/5037"}],"wp:attachment":[{"href":"https:\/\/patijinich.com\/pati_2020\/es\/wp-json\/wp\/v2\/media?parent=12160"}],"curies":[{"name":"wp","href":"https:\/\/api.w.org\/{rel}","templated":true}]}}