{"id":12635,"date":"2021-03-05T22:36:12","date_gmt":"2021-03-05T22:36:12","guid":{"rendered":"https:\/\/patijinich.com\/pati_2020\/es\/?page_id=12635"},"modified":"2021-04-20T14:33:16","modified_gmt":"2021-04-20T14:33:16","slug":"recipes","status":"publish","type":"page","link":"https:\/\/patijinich.com\/pati_2020\/es\/recipes\/","title":{"rendered":"Recetas"},"content":{"rendered":"","protected":false},"excerpt":{"rendered":"","protected":false},"author":7,"featured_media":0,"parent":0,"menu_order":0,"comment_status":"closed","ping_status":"closed","template":"template-recipes.php","meta":{"wprm-recipe-roundup-name":"","wprm-recipe-roundup-description":""},"yoast_head":"<!-- This site is optimized with the Yoast SEO plugin v19.1 - https:\/\/yoast.com\/wordpress\/plugins\/seo\/ -->\n<title>Recetas - Pati Jinich en Espa\u00f1ol<\/title>\n<meta name=\"robots\" content=\"index, follow, max-snippet:-1, max-image-preview:large, max-video-preview:-1\" \/>\n<link rel=\"canonical\" href=\"https:\/\/patijinich.com\/pati_2020\/es\/recipes\/\" \/>\n<meta property=\"og:locale\" content=\"es_MX\" \/>\n<meta property=\"og:type\" content=\"article\" \/>\n<meta property=\"og:title\" content=\"Recetas - Pati Jinich en Espa\u00f1ol\" \/>\n<meta property=\"og:url\" content=\"https:\/\/patijinich.com\/pati_2020\/es\/recipes\/\" \/>\n<meta property=\"og:site_name\" content=\"Pati Jinich en Espa\u00f1ol\" \/>\n<meta property=\"article:modified_time\" content=\"2021-04-20T14:33:16+00:00\" \/>\n<meta name=\"twitter:card\" content=\"summary_large_image\" \/>\n<script type=\"application\/ld+json\" class=\"yoast-schema-graph\">{\"@context\":\"https:\/\/schema.org\",\"@graph\":[{\"@type\":\"WebSite\",\"@id\":\"https:\/\/patijinich.com\/pati_2020\/es\/#website\",\"url\":\"https:\/\/patijinich.com\/pati_2020\/es\/\",\"name\":\"Pati Jinich en Espa\u00f1ol\",\"description\":\"Pati Jinich es la anfitriona del popular programa de la PBS Pati&#039;s Mexican Table, nominado a los premios Emmy and James Beard, autora de dos libros de cocina y chef residente en el Instituto Cultural Mexicano en Washington, D.C. Esta es su p\u00e1gina oficial, en la comparte recetas de su programa y recetas nuevas en su blog, eventos pr\u00f3ximos, noticias recientes y m\u00e1s.\",\"potentialAction\":[{\"@type\":\"SearchAction\",\"target\":{\"@type\":\"EntryPoint\",\"urlTemplate\":\"https:\/\/patijinich.com\/pati_2020\/es\/?s={search_term_string}\"},\"query-input\":\"required name=search_term_string\"}],\"inLanguage\":\"es-MX\"},{\"@type\":\"WebPage\",\"@id\":\"https:\/\/patijinich.com\/pati_2020\/es\/recipes\/#webpage\",\"url\":\"https:\/\/patijinich.com\/pati_2020\/es\/recipes\/\",\"name\":\"Recetas - Pati Jinich en Espa\u00f1ol\",\"isPartOf\":{\"@id\":\"https:\/\/patijinich.com\/pati_2020\/es\/#website\"},\"datePublished\":\"2021-03-05T22:36:12+00:00\",\"dateModified\":\"2021-04-20T14:33:16+00:00\",\"breadcrumb\":{\"@id\":\"https:\/\/patijinich.com\/pati_2020\/es\/recipes\/#breadcrumb\"},\"inLanguage\":\"es-MX\",\"potentialAction\":[{\"@type\":\"ReadAction\",\"target\":[\"https:\/\/patijinich.com\/pati_2020\/es\/recipes\/\"]}]},{\"@type\":\"BreadcrumbList\",\"@id\":\"https:\/\/patijinich.com\/pati_2020\/es\/recipes\/#breadcrumb\",\"itemListElement\":[{\"@type\":\"ListItem\",\"position\":1,\"name\":\"Home\",\"item\":\"https:\/\/patijinich.com\/pati_2020\/es\/\"},{\"@type\":\"ListItem\",\"position\":2,\"name\":\"Recetas\"}]}]}<\/script>\n<!-- \/ Yoast SEO plugin. -->","yoast_head_json":{"title":"Recetas - Pati Jinich en Espa\u00f1ol","robots":{"index":"index","follow":"follow","max-snippet":"max-snippet:-1","max-image-preview":"max-image-preview:large","max-video-preview":"max-video-preview:-1"},"canonical":"https:\/\/patijinich.com\/pati_2020\/es\/recipes\/","og_locale":"es_MX","og_type":"article","og_title":"Recetas - Pati Jinich en Espa\u00f1ol","og_url":"https:\/\/patijinich.com\/pati_2020\/es\/recipes\/","og_site_name":"Pati Jinich en Espa\u00f1ol","article_modified_time":"2021-04-20T14:33:16+00:00","twitter_card":"summary_large_image","schema":{"@context":"https:\/\/schema.org","@graph":[{"@type":"WebSite","@id":"https:\/\/patijinich.com\/pati_2020\/es\/#website","url":"https:\/\/patijinich.com\/pati_2020\/es\/","name":"Pati Jinich en Espa\u00f1ol","description":"Pati Jinich es la anfitriona del popular programa de la PBS Pati&#039;s Mexican Table, nominado a los premios Emmy and James Beard, autora de dos libros de cocina y chef residente en el Instituto Cultural Mexicano en Washington, D.C. Esta es su p\u00e1gina oficial, en la comparte recetas de su programa y recetas nuevas en su blog, eventos pr\u00f3ximos, noticias recientes y m\u00e1s.","potentialAction":[{"@type":"SearchAction","target":{"@type":"EntryPoint","urlTemplate":"https:\/\/patijinich.com\/pati_2020\/es\/?s={search_term_string}"},"query-input":"required name=search_term_string"}],"inLanguage":"es-MX"},{"@type":"WebPage","@id":"https:\/\/patijinich.com\/pati_2020\/es\/recipes\/#webpage","url":"https:\/\/patijinich.com\/pati_2020\/es\/recipes\/","name":"Recetas - Pati Jinich en Espa\u00f1ol","isPartOf":{"@id":"https:\/\/patijinich.com\/pati_2020\/es\/#website"},"datePublished":"2021-03-05T22:36:12+00:00","dateModified":"2021-04-20T14:33:16+00:00","breadcrumb":{"@id":"https:\/\/patijinich.com\/pati_2020\/es\/recipes\/#breadcrumb"},"inLanguage":"es-MX","potentialAction":[{"@type":"ReadAction","target":["https:\/\/patijinich.com\/pati_2020\/es\/recipes\/"]}]},{"@type":"BreadcrumbList","@id":"https:\/\/patijinich.com\/pati_2020\/es\/recipes\/#breadcrumb","itemListElement":[{"@type":"ListItem","position":1,"name":"Home","item":"https:\/\/patijinich.com\/pati_2020\/es\/"},{"@type":"ListItem","position":2,"name":"Recetas"}]}]}},"_links":{"self":[{"href":"https:\/\/patijinich.com\/pati_2020\/es\/wp-json\/wp\/v2\/pages\/12635"}],"collection":[{"href":"https:\/\/patijinich.com\/pati_2020\/es\/wp-json\/wp\/v2\/pages"}],"about":[{"href":"https:\/\/patijinich.com\/pati_2020\/es\/wp-json\/wp\/v2\/types\/page"}],"author":[{"embeddable":true,"href":"https:\/\/patijinich.com\/pati_2020\/es\/wp-json\/wp\/v2\/users\/7"}],"replies":[{"embeddable":true,"href":"https:\/\/patijinich.com\/pati_2020\/es\/wp-json\/wp\/v2\/comments?post=12635"}],"version-history":[{"count":10,"href":"https:\/\/patijinich.com\/pati_2020\/es\/wp-json\/wp\/v2\/pages\/12635\/revisions"}],"predecessor-version":[{"id":13283,"href":"https:\/\/patijinich.com\/pati_2020\/es\/wp-json\/wp\/v2\/pages\/12635\/revisions\/13283"}],"wp:attachment":[{"href":"https:\/\/patijinich.com\/pati_2020\/es\/wp-json\/wp\/v2\/media?parent=12635"}],"curies":[{"name":"wp","href":"https:\/\/api.w.org\/{rel}","templated":true}]}}